{"id":8968,"date":"2024-07-16T17:15:17","date_gmt":"2024-07-16T15:15:17","guid":{"rendered":"https:\/\/www.cayennestables.nl\/?post_type=product&#038;p=8968"},"modified":"2025-03-11T18:19:10","modified_gmt":"2025-03-11T17:19:10","slug":"hendrik-von-cayenne-stables","status":"publish","type":"product","link":"https:\/\/www.cayennestables.nl\/de\/product\/hendrik-von-cayenne-stables\/","title":{"rendered":"Hendrik von Cayenne Stables"},"content":{"rendered":"<p>[et_pb_section fb_built=&#8220;1&#8243; disabled_on=&#8220;off|off|off&#8220; admin_label=&#8220;Hero Sectie&#8220; _builder_version=&#8220;4.20.4&#8243; _dynamic_attributes=&#8220;background_image&#8220; _module_preset=&#8220;default&#8220; background_image=&#8220;@ET-DC@eyJkeW5hbWljIjp0cnVlLCJjb250ZW50IjoicG9zdF9mZWF0dXJlZF9pbWFnZSIsInNldHRpbmdzIjp7ImVuYWJsZV9odG1sIjoib2ZmIn19@&#8220; custom_margin=&#8220;0px||0px||false|false&#8220; custom_padding=&#8220;0px||0px||false|false&#8220; locked=&#8220;off&#8220; global_colors_info=&#8220;{}&#8220;][et_pb_row _builder_version=&#8220;4.20.4&#8243; _module_preset=&#8220;default&#8220; width_tablet=&#8220;&#8220; width_phone=&#8220;94%&#8220; width_last_edited=&#8220;on|phone&#8220; module_alignment=&#8220;center&#8220; min_height_tablet=&#8220;600px&#8220; min_height_phone=&#8220;&#8220; min_height_last_edited=&#8220;on|phone&#8220; custom_margin=&#8220;0px||0px||false|false&#8220; custom_padding=&#8220;0px||2vh||false|false&#8220; global_colors_info=&#8220;{}&#8220;][et_pb_column type=&#8220;4_4&#8243; _builder_version=&#8220;4.20.4&#8243; _module_preset=&#8220;default&#8220; global_colors_info=&#8220;{}&#8220;][et_pb_text admin_label=&#8220;Titel pagina &#8211; automatisch ingevuld&#8220; _builder_version=&#8220;4.20.4&#8243; _dynamic_attributes=&#8220;content&#8220; _module_preset=&#8220;default&#8220; header_font=&#8220;Caliway||||||||&#8220; header_text_align=&#8220;center&#8220; header_text_color=&#8220;#FFFFFF&#8220; header_font_size=&#8220;60px&#8220; header_line_height=&#8220;1.5em&#8220; custom_margin=&#8220;34%||0px||false|false&#8220; custom_margin_tablet=&#8220;34%||0px||false|false&#8220; custom_margin_phone=&#8220;34%||||false|false&#8220; custom_margin_last_edited=&#8220;on|phone&#8220; custom_padding=&#8220;0px||0px||false|false&#8220; header_font_size_tablet=&#8220;60px&#8220; header_font_size_phone=&#8220;32px&#8220; header_font_size_last_edited=&#8220;on|phone&#8220; header_text_shadow_style=&#8220;preset1&#8243; global_colors_info=&#8220;{}&#8220;]@ET-DC@eyJkeW5hbWljIjp0cnVlLCJjb250ZW50IjoicG9zdF90aXRsZSIsInNldHRpbmdzIjp7ImJlZm9yZSI6IjxoMT4iLCJhZnRlciI6IjwvaDE+IiwiZW5hYmxlX2h0bWwiOiJvZmYifX0=@[\/et_pb_text][\/et_pb_column][\/et_pb_row][\/et_pb_section][et_pb_section fb_built=&#8220;1&#8243; _builder_version=&#8220;4.20.4&#8243; _module_preset=&#8220;default&#8220; custom_margin=&#8220;0px||2vh||false|false&#8220; custom_margin_tablet=&#8220;10vh||10vh||true|false&#8220; custom_margin_phone=&#8220;5vh||3vh||false|false&#8220; custom_margin_last_edited=&#8220;on|desktop&#8220; custom_padding=&#8220;4vh||0px||false|false&#8220; locked=&#8220;off&#8220; global_colors_info=&#8220;{}&#8220;][et_pb_row admin_label=&#8220;Kr\u00fcmelpfad&#8220; _builder_version=&#8220;4.20.4&#8243; _module_preset=&#8220;default&#8220; custom_margin=&#8220;0px||3vh||false|false&#8220; custom_padding=&#8220;0px||0px||false|false&#8220; global_colors_info=&#8220;{}&#8220;][et_pb_column type=&#8220;4_4&#8243; _builder_version=&#8220;4.20.4&#8243; _module_preset=&#8220;default&#8220; global_colors_info=&#8220;{}&#8220;][et_pb_text _builder_version=&#8220;4.20.4&#8243; _module_preset=&#8220;default&#8220; global_colors_info=&#8220;{}&#8220;][rank_math_breadcrumb][\/et_pb_text][\/et_pb_column][\/et_pb_row][et_pb_row column_structure=&#8220;1_2,1_2&#8243; _builder_version=&#8220;4.20.4&#8243; _module_preset=&#8220;default&#8220; custom_padding=&#8220;21px|||||&#8220; global_colors_info=&#8220;{}&#8220;][et_pb_column type=&#8220;1_2&#8243; _builder_version=&#8220;4.20.4&#8243; _module_preset=&#8220;default&#8220; global_colors_info=&#8220;{}&#8220;][et_pb_wc_gallery admin_label=&#8220;Woo productgalerij&#8220; _builder_version=&#8220;4.21.0&#8243; _module_preset=&#8220;default&#8220; background_layout=&#8220;dark&#8220; custom_margin=&#8220;0px||0px||false|false&#8220; custom_padding=&#8220;0px||0px||false|false&#8220; global_colors_info=&#8220;{}&#8220;][\/et_pb_wc_gallery][\/et_pb_column][et_pb_column type=&#8220;1_2&#8243; _builder_version=&#8220;4.20.4&#8243; _module_preset=&#8220;default&#8220; global_colors_info=&#8220;{}&#8220;][et_pb_text _builder_version=&#8220;4.27.4&#8243; _module_preset=&#8220;default&#8220; global_colors_info=&#8220;{}&#8220;]<\/p>\n<div class=\"horse-advertisement\">\n<h1 class=\"horse-name\">Hendrik von Cayenne Stables<\/h1>\n<p class=\"horse-intro\">Beeindruckender Friesischer Ster Sport AAA-Hengst, Sieger der 6-J\u00e4hrigen mit au\u00dfergew\u00f6hnlichem Dressurtalent, Kraft, Eleganz und einem au\u00dfergew\u00f6hnlich freundlichen Charakter. Ideal f\u00fcr ambitionierte Reiter, die auf h\u00f6chstem Niveau erfolgreich sein m\u00f6chten.<\/p>\n<p class=\"horse-intro\">\n<ul class=\"horse-details\">\n<li><strong>Abstammung:<\/strong> Alwin 469 x Gjalt 426<\/li>\n<li><strong>Rasse &amp; Geschlecht:<\/strong> Friese, Ster Hengst<\/li>\n<li><strong>Geburtsjahr:<\/strong> 2018 (30. Mai)<\/li>\n<li><strong>Stockma\u00df:<\/strong> 170 cm (16.3 hh)<\/li>\n<li><strong>Gr\u00f6\u00dfe Reiter auf dem Foto:<\/strong> 180 cm (5&#8217;11&#8220;)<\/li>\n<li><strong>Standort:<\/strong> Aalsmeer, Niederlande<\/li>\n<li><strong>Mutterlinie:<\/strong> 050<\/li>\n<\/ul>\n<h3 class=\"section-header\">Sport &amp; Erfolge<\/h3>\n<ul class=\"performance-details\">\n<li><strong>Aktuelles Niveau:<\/strong> Z2 (NL) \/ M (DE) \/ Third Level (USA), mehrere Lektionen aus Prix St. Georges bereits sicher beherrscht<\/li>\n<li><strong>Aktuelle Ausbildung:<\/strong> Hendrik wird derzeit auf Prix St. Georges-Niveau vorbereitet und voraussichtlich in der zweiten Jahresh\u00e4lfte 2025 vollst\u00e4ndig auf diesem Niveau einsatzbereit und wettbewerbsf\u00e4hig sein. Danach besteht die M\u00f6glichkeit zur verk\u00fcrzten Hengstleistungspr\u00fcfung.<\/li>\n<li><strong>Besondere Erfolge:<\/strong> Sieger der 6-J\u00e4hrigen mit 82% auf Z2-Niveau, AAA-Pr\u00e4dikat IBOP-Test (h\u00f6chste Bewertung Stammbuchtest), Ster und Sport-Pr\u00e4dikat (KFPS).<\/li>\n<\/ul>\n<h3 class=\"section-header\">Charakter &amp; Gesundheit<\/h3>\n<ul class=\"health-character\">\n<li><strong>Charakter:<\/strong> Hendrik besitzt einen besonders freundlichen, arbeitswilligen und zuverl\u00e4ssigen Charakter. Er zeigt gro\u00dfes Potenzial f\u00fcr h\u00f6here Klassen und ist angenehm sowie leicht zu reiten.<\/li>\n<li><strong>Gesundheit:<\/strong> Klinisch und vollst\u00e4ndig r\u00f6ntgenologisch gepr\u00fcft (Beine, R\u00fccken und Hals).<\/li>\n<\/ul>\n<h3 class=\"section-header\">Warum Cayenne Stables w\u00e4hlen?<\/h3>\n<ol class=\"why-cayenne\">\n<li>Umfangreiche Nachbetreuung mit individueller Unterst\u00fctzung und professioneller Trainingsberatung<\/li>\n<li>Transparente Vereinbarungen, bei denen das Pferdewohl immer im Mittelpunkt steht<\/li>\n<li>Komplettes Expertenteam mit Trainer, Tierarzt, Zahnarzt, Physiotherapeut und Hufschmied<\/li>\n<li>International erfahrene Trainer und Reiter<\/li>\n<li>Weltweiter professioneller Transportservice<\/li>\n<\/ol>\n<\/div>\n<p>[\/et_pb_text][et_pb_button button_url=&#8220;https:\/\/www.cayennestables.nl\/de\/kontakt\/&#8220; button_text=&#8220;ICH M\u00d6CHTE MEHR INFORMATIONEN&#8220; _builder_version=&#8220;4.20.4&#8243; _module_preset=&#8220;default&#8220; global_colors_info=&#8220;{}&#8220;][\/et_pb_button][\/et_pb_column][\/et_pb_row][\/et_pb_section]<\/p>\n","protected":false},"excerpt":{"rendered":"<h3>(Epke 474 x Onne 376)<\/h3>\n<p>Lernen Sie Tanco fan Berltsum kennen, unseren beeindruckenden Friesian Ster Sport-Elite Hengst. Tanco, mit einem Pedigree von Epke 474 x Onne 376, ist ein Ausbund an Dressurqualit\u00e4t. Sein starkes und elegantes Auftreten hat ihm bereits viel Erfolg im Dressurviereck beschert, wo er stets \u00fcberdurchschnittliche Leistungen erbringt.<\/p>\n<p>Im Jahr 2024 steht Tanco ein aufregendes Jahr bevor. Unter der Anleitung der talentierten Zo\u00eb Kuintjes ist er bereit, sein K\u00f6nnen in offiziellen Dressurpr\u00fcfungen zu zeigen. Mit der Unterst\u00fctzung von Cayenne Stables hat er sich hohe Ziele gesetzt und ist fest entschlossen, jeden Wettbewerb, an dem er teilnimmt, zu dominieren.<\/p>\n<p>Tancos Zukunft in der Dressur sieht vielversprechend aus. Sein Ziel ist es, sich beruflich weiterzuentwickeln und gleichzeitig eine starke Bindung zu Zoe zu haben. Gemeinsam streben sie danach, neue H\u00f6hen zu erreichen und zu zeigen, was mit Hingabe und Talent alles m\u00f6glich ist.<\/p>\n<p>Verfolgen Sie Tancos Reise und entdecken Sie, wie seine au\u00dfergew\u00f6hnlichen F\u00e4higkeiten und seine Hingabe ihn zu einem aufsteigenden Stern in der Dressurwelt machen.<\/p>\n<p><strong>Spezifikationen<\/strong>:<\/p>\n<ul>\n<li><strong>Geslacht<\/strong>: Hengst<\/li>\n<li><strong>Geburtsdatum<\/strong>: 13-04-2014<\/li>\n<li><strong>Schulterh\u00f6he<\/strong>: 1,68 m (auf den Fotos misst der Fahrer 1,80 m)<\/li>\n<li><strong>Stutenabstammung<\/strong>: 036<\/li>\n<li><strong>Ebene<\/strong>: Prix St. Georges<\/li>\n<li><strong>Zuchtbuch<\/strong>: KFPS Niederlande Ster Sport-Elite<\/li>\n<\/ul>\n<hr \/>\n<h2><strong>6 weitere Gr\u00fcnde, sich f\u00fcr Cayenne Stables zu entscheiden<\/strong>:<\/h2>\n<ol>\n<li><strong>Umfassende Nachbetreuung<\/strong>: Auch nach dem Kauf bleiben wir Ihr Partner. Training, Fragen, Beratung und Hilfe bei der Wahl des richtigen Sattels und Zaumzeugs; wir sind f\u00fcr Sie da.<\/li>\n<li><strong>Erfahrung<\/strong> auf Weltniveau: Unsere Hauptamazone Zo\u00eb Kuintjes ist ein Synonym f\u00fcr Klasse. Bereits neunmal f\u00fcr den niederl\u00e4ndischen Verband ausgew\u00e4hlt und Teilnehmer an den Europameisterschaften.<\/li>\n<li><strong>Einzigartige 6-w\u00f6chige Testphase<\/strong>: Haben Sie nach dem Kauf Zweifel? Das Pferd kann innerhalb dieser Frist zur\u00fcckkehren. F\u00fcr die Bedingungen und Konditionen k\u00f6nnen Sie uns gerne kontaktieren.<\/li>\n<li><strong>Unsere verl\u00e4ssliche Garantie<\/strong>: \u00dcber die Probezeit hinaus garantieren wir Qualit\u00e4t und Versprechen. Gibt es Probleme? Wir garantieren eine L\u00f6sung.<\/li>\n<li><strong>Gesundheit geht vor<\/strong>: Unsere Friesenpferde sind gesund und f\u00fcr den Sport zugelassen. Erw\u00e4gen Sie einen Kauf? Eine erneute Pr\u00fcfung ist jederzeit m\u00f6glich.<\/li>\n<li><strong>Ein Expertenteam<\/strong>: Wir sind mehr als Ausbilder. Zu unserem Team geh\u00f6ren ein fest angestellter Pferdedoktor, ein Physiotherapeut, ein Zahnarzt und ein Hufschmied, die f\u00fcr die optimale Versorgung unserer Pferde sorgen.<\/li>\n<\/ol>\n","protected":false},"featured_media":10961,"comment_status":"closed","ping_status":"closed","template":"","meta":{"_et_pb_use_builder":"on","_et_pb_old_content":"<h3>(Alwin 469 x Gjalt 426)<\/h3>\r\nHendrik van Cayenne Stables ist ein au\u00dfergew\u00f6hnlicher Friesenhengst, der f\u00fcr seine beeindruckende Leistung und starke Blutlinie bekannt ist. Dieser wundersch\u00f6ne Hengst hat im IBOP-Test eine AAA-Wertung erzielt, was seine hervorragenden F\u00e4higkeiten im Dressursport unterstreicht.\r\n\r\nHendrik ist ein Pferd mit starkem und ausgewogenem Charakter. Er ist immer freundlich und leicht zu handhaben, was ihn sowohl bei Reitern als auch bei Pflegern beliebt macht. Sein Temperament ist perfekt ausbalanciert, wodurch er sowohl f\u00fcr erfahrene Reiter als auch f\u00fcr Einsteiger in den Sport geeignet ist. Hendrik ist wirklich lieb und hat einen arbeitswilligen Charakter.\r\n\r\nHendrik hat bereits eine beeindruckende Anzahl von Erfolgen erzielt. Seine Teilnahme an verschiedenen Wettbewerben und Inspektionen hat ihm viel Anerkennung eingebracht. K\u00fcrzlich hat er im IBOP-Test eine AAA-Wertung erzielt, was seine hervorragenden F\u00e4higkeiten und sein Potenzial beweist.\r\n\r\nMit seinem kraftvollen K\u00f6rperbau, eleganten Bewegungen und beeindruckenden Auftreten zieht Hendrik sofort die Aufmerksamkeit auf sich. Seine starke Hinterhand, sch\u00f6ne Vorderhand und geschmeidigen G\u00e4nge machen ihn nicht nur zu einem Genuss zum Anschauen, sondern auch zum Arbeiten. Radiologisch ist Hendrik zu 100 % korrekt ohne Bemerkungen an Hals, Beinen oder R\u00fccken.\r\n\r\nWir haben gro\u00dfe Pl\u00e4ne mit Hendrik und freuen uns auf seine zuk\u00fcnftigen Erfolge im Sport. Sein Potenzial und seine Qualit\u00e4ten versprechen viel f\u00fcr die kommenden Jahre. Wir planen, mit ihm am Fryso Florian Cup und gro\u00dfen Z-Niveau-Wettbewerben teilzunehmen. Unser Ziel ist es, ihn 2025 in die Sub-Top zu bringen und durch eine verk\u00fcrzte Untersuchung zum Zuchtbuchhengst zu machen.\r\n\r\n<strong>Spezifikationen<\/strong>:\r\n<ul>\r\n \t<li><strong>Geslacht<\/strong>: Hengst<\/li>\r\n \t<li><strong>Geburtsdatum<\/strong>: 30-05-2018<\/li>\r\n \t<li><strong>H\u00f6he<\/strong>: 1,70 m (auf den Fotos misst der Reiter 1,80 m)<\/li>\r\n \t<li><strong>Merriestam<\/strong>: 050<\/li>\r\n \t<li><strong>Stufe<\/strong>: Z<\/li>\r\n \t<li><strong>Zuchtbuch<\/strong>: KFPS Netherlands Ster Sport<\/li>\r\n<\/ul>","_et_gb_content_width":"","inline_featured_image":false},"product_brand":[],"product_cat":[44],"product_tag":[],"class_list":{"0":"post-8968","1":"product","2":"type-product","3":"status-publish","4":"has-post-thumbnail","6":"product_cat-friesenhengst","8":"first","9":"instock","10":"shipping-taxable","11":"purchasable","12":"product-type-simple"},"_links":{"self":[{"href":"https:\/\/www.cayennestables.nl\/de\/wp-json\/wp\/v2\/product\/8968","targetHints":{"allow":["GET"]}}],"collection":[{"href":"https:\/\/www.cayennestables.nl\/de\/wp-json\/wp\/v2\/product"}],"about":[{"href":"https:\/\/www.cayennestables.nl\/de\/wp-json\/wp\/v2\/types\/product"}],"replies":[{"embeddable":true,"href":"https:\/\/www.cayennestables.nl\/de\/wp-json\/wp\/v2\/comments?post=8968"}],"wp:featuredmedia":[{"embeddable":true,"href":"https:\/\/www.cayennestables.nl\/de\/wp-json\/wp\/v2\/media\/10961"}],"wp:attachment":[{"href":"https:\/\/www.cayennestables.nl\/de\/wp-json\/wp\/v2\/media?parent=8968"}],"wp:term":[{"taxonomy":"product_brand","embeddable":true,"href":"https:\/\/www.cayennestables.nl\/de\/wp-json\/wp\/v2\/product_brand?post=8968"},{"taxonomy":"product_cat","embeddable":true,"href":"https:\/\/www.cayennestables.nl\/de\/wp-json\/wp\/v2\/product_cat?post=8968"},{"taxonomy":"product_tag","embeddable":true,"href":"https:\/\/www.cayennestables.nl\/de\/wp-json\/wp\/v2\/product_tag?post=8968"}],"curies":[{"name":"wp","href":"https:\/\/api.w.org\/{rel}","templated":true}]}}