{"id":7910,"date":"2024-05-21T14:08:55","date_gmt":"2024-05-21T12:08:55","guid":{"rendered":"https:\/\/www.cayennestables.nl\/?post_type=product&#038;p=7910"},"modified":"2025-05-05T06:53:26","modified_gmt":"2025-05-05T04:53:26","slug":"olaf-von-cayenne-stables","status":"publish","type":"product","link":"https:\/\/www.cayennestables.nl\/de\/product\/olaf-von-cayenne-stables\/","title":{"rendered":"Olaf von Cayenne Stables"},"content":{"rendered":"<p>[et_pb_section fb_built=&#8220;1&#8243; disabled_on=&#8220;off|off|off&#8220; admin_label=&#8220;Hero Sectie&#8220; _builder_version=&#8220;4.20.4&#8243; _dynamic_attributes=&#8220;background_image&#8220; _module_preset=&#8220;default&#8220; background_image=&#8220;@ET-DC@eyJkeW5hbWljIjp0cnVlLCJjb250ZW50IjoicG9zdF9mZWF0dXJlZF9pbWFnZSIsInNldHRpbmdzIjp7ImVuYWJsZV9odG1sIjoib2ZmIn19@&#8220; custom_margin=&#8220;0px||0px||false|false&#8220; custom_padding=&#8220;0px||0px||false|false&#8220; locked=&#8220;off&#8220; global_colors_info=&#8220;{}&#8220;][et_pb_row _builder_version=&#8220;4.20.4&#8243; _module_preset=&#8220;default&#8220; width_tablet=&#8220;&#8220; width_phone=&#8220;94%&#8220; width_last_edited=&#8220;on|phone&#8220; module_alignment=&#8220;center&#8220; min_height_tablet=&#8220;600px&#8220; min_height_phone=&#8220;&#8220; min_height_last_edited=&#8220;on|phone&#8220; custom_margin=&#8220;0px||0px||false|false&#8220; custom_padding=&#8220;0px||2vh||false|false&#8220; global_colors_info=&#8220;{}&#8220;][et_pb_column type=&#8220;4_4&#8243; _builder_version=&#8220;4.20.4&#8243; _module_preset=&#8220;default&#8220; global_colors_info=&#8220;{}&#8220;][et_pb_text admin_label=&#8220;Titel pagina &#8211; automatisch ingevuld&#8220; _builder_version=&#8220;4.20.4&#8243; _dynamic_attributes=&#8220;content&#8220; _module_preset=&#8220;default&#8220; header_font=&#8220;Caliway||||||||&#8220; header_text_align=&#8220;center&#8220; header_text_color=&#8220;#FFFFFF&#8220; header_font_size=&#8220;60px&#8220; header_line_height=&#8220;1.5em&#8220; custom_margin=&#8220;34%||0px||false|false&#8220; custom_margin_tablet=&#8220;34%||0px||false|false&#8220; custom_margin_phone=&#8220;34%||||false|false&#8220; custom_margin_last_edited=&#8220;on|phone&#8220; custom_padding=&#8220;0px||0px||false|false&#8220; header_font_size_tablet=&#8220;60px&#8220; header_font_size_phone=&#8220;32px&#8220; header_font_size_last_edited=&#8220;on|phone&#8220; header_text_shadow_style=&#8220;preset1&#8243; global_colors_info=&#8220;{}&#8220;]@ET-DC@eyJkeW5hbWljIjp0cnVlLCJjb250ZW50IjoicG9zdF90aXRsZSIsInNldHRpbmdzIjp7ImJlZm9yZSI6IjxoMT4iLCJhZnRlciI6IjwvaDE+IiwiZW5hYmxlX2h0bWwiOiJvZmYifX0=@[\/et_pb_text][\/et_pb_column][\/et_pb_row][\/et_pb_section][et_pb_section fb_built=&#8220;1&#8243; _builder_version=&#8220;4.20.4&#8243; _module_preset=&#8220;default&#8220; custom_margin=&#8220;0px||2vh||false|false&#8220; custom_margin_tablet=&#8220;10vh||10vh||true|false&#8220; custom_margin_phone=&#8220;5vh||3vh||false|false&#8220; custom_margin_last_edited=&#8220;on|desktop&#8220; custom_padding=&#8220;4vh||0px||false|false&#8220; locked=&#8220;off&#8220; global_colors_info=&#8220;{}&#8220;][et_pb_row admin_label=&#8220;Kr\u00fcmelpfad&#8220; _builder_version=&#8220;4.20.4&#8243; _module_preset=&#8220;default&#8220; custom_margin=&#8220;0px||3vh||false|false&#8220; custom_padding=&#8220;0px||0px||false|false&#8220; global_colors_info=&#8220;{}&#8220;][et_pb_column type=&#8220;4_4&#8243; _builder_version=&#8220;4.20.4&#8243; _module_preset=&#8220;default&#8220; global_colors_info=&#8220;{}&#8220;][et_pb_text _builder_version=&#8220;4.20.4&#8243; _module_preset=&#8220;default&#8220; global_colors_info=&#8220;{}&#8220;][rank_math_breadcrumb][\/et_pb_text][\/et_pb_column][\/et_pb_row][et_pb_row column_structure=&#8220;1_2,1_2&#8243; _builder_version=&#8220;4.20.4&#8243; _module_preset=&#8220;default&#8220; custom_margin=&#8220;-18px|auto||auto||&#8220; custom_padding=&#8220;4px|||||&#8220; global_colors_info=&#8220;{}&#8220;][et_pb_column type=&#8220;1_2&#8243; _builder_version=&#8220;4.20.4&#8243; _module_preset=&#8220;default&#8220; global_colors_info=&#8220;{}&#8220;][et_pb_wc_gallery _builder_version=&#8220;4.21.0&#8243; _module_preset=&#8220;default&#8220; background_layout=&#8220;dark&#8220; custom_margin=&#8220;0px||0px||false|false&#8220; custom_padding=&#8220;0px||0px||false|false&#8220; global_colors_info=&#8220;{}&#8220;][\/et_pb_wc_gallery][\/et_pb_column][et_pb_column type=&#8220;1_2&#8243; _builder_version=&#8220;4.20.4&#8243; _module_preset=&#8220;default&#8220; global_colors_info=&#8220;{}&#8220;][et_pb_text _builder_version=&#8220;4.27.4&#8243; _module_preset=&#8220;default&#8220; hover_enabled=&#8220;0&#8243; global_colors_info=&#8220;{}&#8220; sticky_enabled=&#8220;0&#8243;]<\/p>\n<div class=\"horse-advertisement\">\n<h1 class=\"horse-name\">Olaf von Cayenne Stables<\/h1>\n<p class=\"p1\">Olaf ist ein super lieber und zuverl\u00e4ssiger KWPN-Hengst, der sich problemlos von unterschiedlichsten Reitern reiten l\u00e4sst. Er zeigte bereits hervorragende Leistungen bei der Hengst\u00adk\u00f6rung und \u00fcberzeugt nun auch im Sport. Olaf startet aktuell auf Z2-Niveau (Third Level \u2013 USA \/ M**\u2013S* \u2013 Deutschland) und entwickelt sich z\u00fcgig in Richtung Prix St. Georges. Zurzeit nimmt er an den Niederl\u00e4ndischen Meisterschaften teil und geh\u00f6rt dort zur Spitzengruppe in seiner Klasse \u2013 mit konstanten Wertnoten von 70 % oder mehr. Wir sind \u00fcberzeugt, dass er sich auch auf h\u00f6herem Niveau stark pr\u00e4sentieren wird. Aufgrund seines arbeitswilligen Wesens und angenehmen Charakters ist er besonders geeignet f\u00fcr ambitionierte Reiter oder etwa Young Rider, die im Dressursport ernsthaft weiterkommen m\u00f6chten.<\/p>\n<p class=\"p1\">\n<ul class=\"horse-details\">\n<li><strong>Abstammung:<\/strong> Henkie x Sirius x Elegant<\/li>\n<li><strong>Rasse &amp; Geschlecht:<\/strong> KWPN, NRPS-anerkannter Hengst<\/li>\n<li><strong>Geburtsjahr:<\/strong> 2019 (1. Mai)<\/li>\n<li><strong>Stockma\u00df:<\/strong> 168 cm (16.2 hh)<\/li>\n<li><strong>Gr\u00f6\u00dfe des Reiters auf dem Foto:<\/strong> 180 cm (5&#8217;11&#8220;)<\/li>\n<li><strong>Standort des Pferdes:<\/strong> Aalsmeer, Niederlande<strong style=\"font-size: 17px;\"><\/strong><\/li>\n<\/ul>\n<h3 class=\"section-header\">Sport &amp; Leistungen<\/h3>\n<ul class=\"performance-details\">\n<li><strong>Aktuelles Niveau:<\/strong> Z2 (NL) \/ M**\u2013S* (DE) \/ Third Level (USA)<\/li>\n<li><strong>Aktuelles Training:<\/strong> Olaf wird von Grand Prix-Reiterin Zo\u00eb Kuintjes trainiert und macht kontinuierlich Fortschritte. Bei seinem Leistungstest erhielt er Spitzenbewertungen, unter anderem eine 9 f\u00fcr den Schritt und eine 8,5 f\u00fcr den Galopp.<\/li>\n<li><strong>Besondere Erfolge:<\/strong> Mehrfach \u00fcber 80\u202f% in der KWPN-Hengstleistungspr\u00fcfung. Derzeit geh\u00f6rt er bei den Niederl\u00e4ndischen Meisterschaften auf Z2-Niveau (Third Level \u2013 USA \/ M**\u2013S* \u2013 Deutschland) zur Spitze mit konstanten Ergebnissen von 70\u202f% oder mehr.<\/li>\n<\/ul>\n<h3 class=\"section-header\">Charakter &amp; Gesundheit<\/h3>\n<ul class=\"health-character\">\n<li><strong>Charakter:<\/strong> Olaf ist sehr freundlich, arbeitswillig und zuverl\u00e4ssig. Er hat ein ausgeglichenes Wesen und ist sowohl bei Reitern als auch beim Publikum sehr beliebt.<\/li>\n<li><strong>Gesundheit:<\/strong> Olaf ist klinisch und vollst\u00e4ndig r\u00f6ntgenologisch untersucht und ohne Befund (Beine, R\u00fccken und Hals).<\/li>\n<\/ul>\n<h3 class=\"section-header\">Warum Cayenne Stables?<\/h3>\n<ol class=\"why-cayenne\">\n<li>Umfassende Nachbetreuung mit individueller Begleitung und professionellem Trainingskonzept<\/li>\n<li>Transparente Absprachen mit Fokus auf das Wohl des Pferdes<\/li>\n<li>Kompetentes Expertenteam: Trainer, Tierarzt, Zahnarzt, Physiotherapeut und Hufschmied<\/li>\n<li>International erfahrene Trainer und Reiter<\/li>\n<li>Weltweiter professioneller Transportservice<\/li>\n<\/ol>\n<\/div>\n<p>[\/et_pb_text][et_pb_button button_url=&#8220;https:\/\/www.cayennestables.nl\/de\/kontakt\/&#8220; button_text=&#8220;ICH M\u00d6CHTE MEHR INFORMATIONEN&#8220; _builder_version=&#8220;4.20.4&#8243; _module_preset=&#8220;default&#8220; global_colors_info=&#8220;{}&#8220;][\/et_pb_button][\/et_pb_column][\/et_pb_row][\/et_pb_section]<\/p>\n","protected":false},"excerpt":{"rendered":"<h3>(Epke 474 x Onne 376)<\/h3>\n<p>Lernen Sie Tanco fan Berltsum kennen, unseren beeindruckenden Friesian Ster Sport-Elite Hengst. Tanco, mit einem Pedigree von Epke 474 x Onne 376, ist ein Ausbund an Dressurqualit\u00e4t. Sein starkes und elegantes Auftreten hat ihm bereits viel Erfolg im Dressurviereck beschert, wo er stets \u00fcberdurchschnittliche Leistungen erbringt.<\/p>\n<p>Im Jahr 2024 steht Tanco ein aufregendes Jahr bevor. Unter der Anleitung der talentierten Zo\u00eb Kuintjes ist er bereit, sein K\u00f6nnen in offiziellen Dressurpr\u00fcfungen zu zeigen. Mit der Unterst\u00fctzung von Cayenne Stables hat er sich hohe Ziele gesetzt und ist fest entschlossen, jeden Wettbewerb, an dem er teilnimmt, zu dominieren.<\/p>\n<p>Tancos Zukunft in der Dressur sieht vielversprechend aus. Sein Ziel ist es, sich beruflich weiterzuentwickeln und gleichzeitig eine starke Bindung zu Zoe zu haben. Gemeinsam streben sie danach, neue H\u00f6hen zu erreichen und zu zeigen, was mit Hingabe und Talent alles m\u00f6glich ist.<\/p>\n<p>Verfolgen Sie Tancos Reise und entdecken Sie, wie seine au\u00dfergew\u00f6hnlichen F\u00e4higkeiten und seine Hingabe ihn zu einem aufsteigenden Stern in der Dressurwelt machen.<\/p>\n<p><strong>Spezifikationen<\/strong>:<\/p>\n<ul>\n<li><strong>Geslacht<\/strong>: Hengst<\/li>\n<li><strong>Geburtsdatum<\/strong>: 13-04-2014<\/li>\n<li><strong>Schulterh\u00f6he<\/strong>: 1,68 m (auf den Fotos misst der Fahrer 1,80 m)<\/li>\n<li><strong>Stutenabstammung<\/strong>: 036<\/li>\n<li><strong>Ebene<\/strong>: Prix St. Georges<\/li>\n<li><strong>Zuchtbuch<\/strong>: KFPS Niederlande Ster Sport-Elite<\/li>\n<\/ul>\n<hr \/>\n<h2><strong>6 weitere Gr\u00fcnde, sich f\u00fcr Cayenne Stables zu entscheiden<\/strong>:<\/h2>\n<ol>\n<li><strong>Umfassende Nachbetreuung<\/strong>: Auch nach dem Kauf bleiben wir Ihr Partner. Training, Fragen, Beratung und Hilfe bei der Wahl des richtigen Sattels und Zaumzeugs; wir sind f\u00fcr Sie da.<\/li>\n<li><strong>Erfahrung<\/strong> auf Weltniveau: Unsere Hauptamazone Zo\u00eb Kuintjes ist ein Synonym f\u00fcr Klasse. Bereits neunmal f\u00fcr den niederl\u00e4ndischen Verband ausgew\u00e4hlt und Teilnehmer an den Europameisterschaften.<\/li>\n<li><strong>Einzigartige 6-w\u00f6chige Testphase<\/strong>: Haben Sie nach dem Kauf Zweifel? Das Pferd kann innerhalb dieser Frist zur\u00fcckkehren. F\u00fcr die Bedingungen und Konditionen k\u00f6nnen Sie uns gerne kontaktieren.<\/li>\n<li><strong>Unsere verl\u00e4ssliche Garantie<\/strong>: \u00dcber die Probezeit hinaus garantieren wir Qualit\u00e4t und Versprechen. Gibt es Probleme? Wir garantieren eine L\u00f6sung.<\/li>\n<li><strong>Gesundheit geht vor<\/strong>: Unsere Friesenpferde sind gesund und f\u00fcr den Sport zugelassen. Erw\u00e4gen Sie einen Kauf? Eine erneute Pr\u00fcfung ist jederzeit m\u00f6glich.<\/li>\n<li><strong>Ein Expertenteam<\/strong>: Wir sind mehr als Ausbilder. Zu unserem Team geh\u00f6ren ein fest angestellter Pferdedoktor, ein Physiotherapeut, ein Zahnarzt und ein Hufschmied, die f\u00fcr die optimale Versorgung unserer Pferde sorgen.<\/li>\n<\/ol>\n","protected":false},"featured_media":11368,"comment_status":"closed","ping_status":"closed","template":"","meta":{"_et_pb_use_builder":"on","_et_pb_old_content":"<h3>(Henkie x Sirius x Elegant)<\/h3>\r\nStutbuchname: Olaf Officieel\r\n\r\nOlaf ist ein herausragender KWPN Hengst bei Cayenne Stables, bekannt f\u00fcr seine hervorragenden Leistungen und seinen charmanten Charakter.\r\n\r\nEr ist zugelassen beim KWPN unter dem Namen Olaf Officieel und beim NRPS unter dem Namen Happy Olaf. Olaf eignet sich hervorragend f\u00fcr die Blutlinienvielfalt, besonders in Kombination mit vielen blutf\u00fchrenden Stuten. Er hat beeindruckende Bewertungen in seinem KWPN-Leistungsbuch und stammt vom ber\u00fchmten Gelderl\u00e4nder Hengst Henkie ab.\r\n<h3>Warum Olaf?<\/h3>\r\n<strong>Beeindruckende Leistung und Abstammung:<\/strong> Mit hohen Bewertungen und beeindruckender Abstammung ist Olaf ein vielversprechender Kandidat f\u00fcr die h\u00f6chsten Niveaus im Pferdesport.\r\n\r\n<strong>Vielseitigkeit:<\/strong> Geeignet f\u00fcr Dressur, Kutschfahren, Fahren und Freizeit.\r\n\r\n<strong>Gro\u00dfartiger Charakter:<\/strong> Olaf ist sehr lieb, einfach zu reiten und zutraulich.\r\n<h3>Abstammung<\/h3>\r\n<strong>Vater:<\/strong> Henkie, ein zugelassener Hengst bei KWPN und Oldenburger Verband, konkurriert derzeit in PSG\/Inter Dressur.\r\n\r\n<strong>Mutter:<\/strong> Diamant, eine vorl\u00e4ufige keur Stute von Sirius, hat bisher drei Nachkommen hervorgebracht, mit Olaf als dem \u00e4ltesten.\r\n<h3>Verf\u00fcgbarkeit<\/h3>\r\nOlaf steht f\u00fcr den Deckdienst zur Verf\u00fcgung und ist ideal f\u00fcr Z\u00fcchter, die nach hochwertigen Fohlen streben. Mit seinem freundlichen Charakter und seiner Leistungsbereitschaft ist er ein Vergn\u00fcgen im Umgang.\r\n\r\n<strong>Geschlecht:<\/strong> Hengst\r\n<strong>Geburtsdatum:<\/strong> 01-05-2019\r\n<strong>H\u00f6he:<\/strong> 1.69m\r\n<strong>Niveau:<\/strong> M\r\n<strong>Stutbuch:<\/strong> KWPN &amp; NRPS\r\n<strong>Deckgeb\u00fchr:<\/strong> \u20ac1000,00\r\n<div class=\"group\/conversation-turn relative flex w-full min-w-0 flex-col agent-turn\">\r\n<div class=\"flex-col gap-1 md:gap-3\">\r\n<div class=\"flex flex-grow flex-col max-w-full\">\r\n<div class=\"min-h-[20px] text-message flex flex-col items-start whitespace-pre-wrap break-words [.text-message+&amp;]:mt-5 juice:w-full juice:items-end overflow-x-auto gap-2\" dir=\"auto\" data-message-author-role=\"assistant\" data-message-id=\"a31c015e-c4d9-4f8a-855a-ffe9d2e75d04\">\r\n<div class=\"flex w-full flex-col gap-1 juice:empty:hidden juice:first:pt-[3px]\">\r\n<div class=\"markdown prose w-full break-words dark:prose-invert light\">\r\n\r\n<a href=\"https:\/\/www.cayennestables.nl\/de\/deckbedingungen\/\"><strong>Sehen Sie hier die Deckbedingungen - Cayenne Stables<\/strong><\/a>\r\n\r\n<a href=\"https:\/\/www.cayennestables.nl\/de\/bestellformular\/\"><strong>Bestellformular: Bestellformular - Cayenne Stables<\/strong><\/a>\r\n\r\n<\/div>\r\n<\/div>\r\n<\/div>\r\n<\/div>\r\n<\/div>\r\n<\/div>","_et_gb_content_width":"","inline_featured_image":false},"product_brand":[],"product_cat":[],"product_tag":[],"class_list":{"0":"post-7910","1":"product","2":"type-product","3":"status-publish","4":"has-post-thumbnail","7":"first","8":"instock","9":"shipping-taxable","10":"purchasable","11":"product-type-simple"},"_links":{"self":[{"href":"https:\/\/www.cayennestables.nl\/de\/wp-json\/wp\/v2\/product\/7910","targetHints":{"allow":["GET"]}}],"collection":[{"href":"https:\/\/www.cayennestables.nl\/de\/wp-json\/wp\/v2\/product"}],"about":[{"href":"https:\/\/www.cayennestables.nl\/de\/wp-json\/wp\/v2\/types\/product"}],"replies":[{"embeddable":true,"href":"https:\/\/www.cayennestables.nl\/de\/wp-json\/wp\/v2\/comments?post=7910"}],"wp:featuredmedia":[{"embeddable":true,"href":"https:\/\/www.cayennestables.nl\/de\/wp-json\/wp\/v2\/media\/11368"}],"wp:attachment":[{"href":"https:\/\/www.cayennestables.nl\/de\/wp-json\/wp\/v2\/media?parent=7910"}],"wp:term":[{"taxonomy":"product_brand","embeddable":true,"href":"https:\/\/www.cayennestables.nl\/de\/wp-json\/wp\/v2\/product_brand?post=7910"},{"taxonomy":"product_cat","embeddable":true,"href":"https:\/\/www.cayennestables.nl\/de\/wp-json\/wp\/v2\/product_cat?post=7910"},{"taxonomy":"product_tag","embeddable":true,"href":"https:\/\/www.cayennestables.nl\/de\/wp-json\/wp\/v2\/product_tag?post=7910"}],"curies":[{"name":"wp","href":"https:\/\/api.w.org\/{rel}","templated":true}]}}