{"id":7231,"date":"2024-04-18T08:26:01","date_gmt":"2024-04-18T06:26:01","guid":{"rendered":"https:\/\/www.cayennestables.nl\/?post_type=product&#038;p=7231"},"modified":"2025-10-27T08:45:24","modified_gmt":"2025-10-27T07:45:24","slug":"dua-lipa-von-cayenne-stables","status":"publish","type":"product","link":"https:\/\/www.cayennestables.nl\/de\/product\/dua-lipa-von-cayenne-stables\/","title":{"rendered":"Dua Lipa von Cayenne Stables"},"content":{"rendered":"<p>[et_pb_section fb_built=&#8220;1&#8243; disabled_on=&#8220;off|off|off&#8220; admin_label=&#8220;Hero Sectie&#8220; _builder_version=&#8220;4.20.4&#8243; _dynamic_attributes=&#8220;background_image&#8220; _module_preset=&#8220;default&#8220; background_image=&#8220;@ET-DC@eyJkeW5hbWljIjp0cnVlLCJjb250ZW50IjoicG9zdF9mZWF0dXJlZF9pbWFnZSIsInNldHRpbmdzIjp7fX0=@&#8220; custom_margin=&#8220;0px||0px||false|false&#8220; custom_padding=&#8220;0px||0px||false|false&#8220; locked=&#8220;off&#8220; global_colors_info=&#8220;{}&#8220;][et_pb_row _builder_version=&#8220;4.20.4&#8243; _module_preset=&#8220;default&#8220; width_tablet=&#8220;&#8220; width_phone=&#8220;94%&#8220; width_last_edited=&#8220;on|phone&#8220; module_alignment=&#8220;center&#8220; min_height_tablet=&#8220;600px&#8220; min_height_phone=&#8220;&#8220; min_height_last_edited=&#8220;on|phone&#8220; custom_margin=&#8220;0px||0px||false|false&#8220; custom_padding=&#8220;0px||2vh||false|false&#8220; global_colors_info=&#8220;{}&#8220;][et_pb_column type=&#8220;4_4&#8243; _builder_version=&#8220;4.20.4&#8243; _module_preset=&#8220;default&#8220; global_colors_info=&#8220;{}&#8220;][et_pb_text admin_label=&#8220;Titel pagina &#8211; automatisch ingevuld&#8220; _builder_version=&#8220;4.20.4&#8243; _dynamic_attributes=&#8220;content&#8220; _module_preset=&#8220;default&#8220; header_font=&#8220;Caliway||||||||&#8220; header_text_align=&#8220;center&#8220; header_text_color=&#8220;#FFFFFF&#8220; header_font_size=&#8220;60px&#8220; header_line_height=&#8220;1.5em&#8220; custom_margin=&#8220;34%||0px||false|false&#8220; custom_margin_tablet=&#8220;34%||0px||false|false&#8220; custom_margin_phone=&#8220;34%||||false|false&#8220; custom_margin_last_edited=&#8220;on|phone&#8220; custom_padding=&#8220;0px||0px||false|false&#8220; header_font_size_tablet=&#8220;60px&#8220; header_font_size_phone=&#8220;32px&#8220; header_font_size_last_edited=&#8220;on|phone&#8220; header_text_shadow_style=&#8220;preset1&#8243; global_colors_info=&#8220;{}&#8220;]@ET-DC@eyJkeW5hbWljIjp0cnVlLCJjb250ZW50IjoicG9zdF90aXRsZSIsInNldHRpbmdzIjp7ImJlZm9yZSI6IjxoMT4iLCJhZnRlciI6IjwvaDE+In19@[\/et_pb_text][\/et_pb_column][\/et_pb_row][\/et_pb_section][et_pb_section fb_built=&#8220;1&#8243; _builder_version=&#8220;4.20.4&#8243; _module_preset=&#8220;default&#8220; custom_margin=&#8220;0px||2vh||false|false&#8220; custom_margin_tablet=&#8220;10vh||10vh||true|false&#8220; custom_margin_phone=&#8220;5vh||3vh||false|false&#8220; custom_margin_last_edited=&#8220;on|desktop&#8220; custom_padding=&#8220;4vh||0px||false|false&#8220; locked=&#8220;off&#8220; global_colors_info=&#8220;{}&#8220;][et_pb_row admin_label=&#8220;Kruimelpad&#8220; _builder_version=&#8220;4.20.4&#8243; _module_preset=&#8220;default&#8220; custom_margin=&#8220;0px||3vh||false|false&#8220; custom_padding=&#8220;0px||0px||false|false&#8220; global_colors_info=&#8220;{}&#8220;][et_pb_column type=&#8220;4_4&#8243; _builder_version=&#8220;4.20.4&#8243; _module_preset=&#8220;default&#8220; global_colors_info=&#8220;{}&#8220;][et_pb_text _builder_version=&#8220;4.20.4&#8243; _module_preset=&#8220;default&#8220; global_colors_info=&#8220;{}&#8220;][rank_math_breadcrumb]<br \/>\n[\/et_pb_text][\/et_pb_column][\/et_pb_row][et_pb_row column_structure=&#8220;1_2,1_2&#8243; use_custom_gutter=&#8220;on&#8220; gutter_width=&#8220;2&#8243; _builder_version=&#8220;4.21.0&#8243; _module_preset=&#8220;default&#8220; custom_margin=&#8220;0px||2vh||false|false&#8220; custom_padding=&#8220;0px||0px||false|false&#8220; global_colors_info=&#8220;{}&#8220;][et_pb_column type=&#8220;1_2&#8243; _builder_version=&#8220;4.20.4&#8243; _module_preset=&#8220;default&#8220; global_colors_info=&#8220;{}&#8220;][et_pb_wc_gallery _builder_version=&#8220;4.21.0&#8243; _module_preset=&#8220;default&#8220; background_layout=&#8220;dark&#8220; min_height=&#8220;484.4px&#8220; custom_margin=&#8220;0px||0px||false|false&#8220; custom_padding=&#8220;9px||0px||false|false&#8220; global_colors_info=&#8220;{}&#8220;][\/et_pb_wc_gallery][\/et_pb_column][et_pb_column type=&#8220;1_2&#8243; _builder_version=&#8220;4.20.4&#8243; _module_preset=&#8220;default&#8220; global_colors_info=&#8220;{}&#8220;][et_pb_text _builder_version=&#8220;4.27.4&#8243; _module_preset=&#8220;default&#8220; hover_enabled=&#8220;0&#8243; global_colors_info=&#8220;{}&#8220; sticky_enabled=&#8220;0&#8243;]<\/p>\n<div class=\"horse-advertisement\">\n<h1 class=\"horse-name\">Dua Lipa van Cayenne Stables<\/h1>\n<p class=\"horse-intro\">Dua Lipa ist eine talentierte und elegante Westf\u00e4lische Stute mit hervorragender Qualit\u00e4t und einem wunderbaren Charakter. Sie vereint Geschmeidigkeit, Kraft und Arbeitsfreude mit einem ruhigen, ehrlichen Ausdruck \u2013 die ideale Partnerin f\u00fcr Reiter, die auf entspannte und sportliche Weise den n\u00e4chsten Schritt machen m\u00f6chten.<\/p>\n<ul class=\"horse-details\">\n<li><strong>Abstammung:<\/strong> Daily Diamond x Den Haag<\/li>\n<li><strong>Rasse &amp; Geschlecht:<\/strong> Westf\u00e4lisches Pferd, Stute<\/li>\n<li><strong>Geburtsjahr:<\/strong> 2017 (25. April)<\/li>\n<li><strong>Stockma\u00df:<\/strong> 168 cm<\/li>\n<li><strong>Gr\u00f6\u00dfe des Reiters auf dem Foto:<\/strong> 180 cm<\/li>\n<li><strong>Standort:<\/strong> Aalsmeer, Niederlande<\/li>\n<\/ul>\n<h3 class=\"section-header\">Ausbildung &amp; Leistung<\/h3>\n<ul class=\"performance-details\">\n<li><strong>Aktuelles Niveau:<\/strong> Prix St. Georges (PSG)<\/li>\n<li><strong>Ausbildung:<\/strong> Dua Lipa wird vollst\u00e4ndig auf PSG-Niveau geritten und trainiert.\u00a0<\/li>\n<\/ul>\n<h3 class=\"section-header\">Charakter &amp; Gesundheit<\/h3>\n<ul class=\"health-character\">\n<li><strong>Charakter:<\/strong> Dua Lipa ist sehr lieb, ehrlich und angenehm im Umgang. Sie ist \u00e4u\u00dferst zuverl\u00e4ssig, unkompliziert und leicht zu reiten \u2013 sowohl f\u00fcr Profis als auch f\u00fcr weniger erfahrene Reiter. Kein Stutenverhalten oder Eigenheiten \u2013 einfach ein ehrliches, verl\u00e4ssliches Sportpferd mit einem tollen Wesen.<\/li>\n<li><strong>Gesundheit:<\/strong> Vollst\u00e4ndig klinisch und r\u00f6ntgenologisch untersucht (Beine, R\u00fccken und Hals) \u2013 ohne Befund.<\/li>\n<\/ul>\n<h3 class=\"section-header\">Warum Cayenne Stables?<\/h3>\n<p>Bei Cayenne Stables verbinden wir internationale Spitzenqualit\u00e4t mit pers\u00f6nlicher Betreuung und optimaler F\u00fcrsorge f\u00fcr Pferd und Reiter. Das Wohl des Pferdes steht bei uns im Mittelpunkt. Unser erfahrenes Team aus Trainern, Tier\u00e4rzten, Physiotherapeuten und Hufschmieden arbeitet eng zusammen, um Gesundheit, Zufriedenheit und Leistung jedes Pferdes bestm\u00f6glich zu f\u00f6rdern. Transparenz, Ehrlichkeit und Vertrauen sind die Basis unserer Philosophie.<\/p>\n<p>Kontaktieren Sie uns gerne f\u00fcr weitere Informationen oder um Dua Lipa pers\u00f6nlich im Stall kennenzulernen.<\/p>\n<\/div>\n<p>[\/et_pb_text][et_pb_button button_url=&#8220;https:\/\/www.cayennestables.nl\/de\/kontakt\/&#8220; button_text=&#8220;IK WIL MEER INFO&#8220; _builder_version=&#8220;4.20.4&#8243; _module_preset=&#8220;default&#8220; global_colors_info=&#8220;{}&#8220;][\/et_pb_button][\/et_pb_column][\/et_pb_row][\/et_pb_section]<\/p>\n","protected":false},"excerpt":{"rendered":"<h3>(Tiede 501 x Doaitsen 420)<\/h3>\n<p>Lernen Sie Jitske kennen, eine Tochter von Tiede 501 und Doaitsen 420. Mit ihrem auff\u00e4lligen K\u00f6rperbau und ihrer Eleganz zieht sie \u00fcberall Aufmerksamkeit auf sich. Jitske hat sich im Dressursport bis zum L2-Niveau bewiesen und ihre F\u00e4higkeiten und Konstanz in Wettbewerben gezeigt, einschlie\u00dflich des erfolgreichen Abschlusses des IBOP-Tests.<\/p>\n<p>Neben ihren Dressurf\u00e4higkeiten hat Jitske auch Erfahrung im Ausreiten, was sie zu einer zuverl\u00e4ssigen Partnerin sowohl f\u00fcr Freizeitausritte als auch im Ring macht. Ihre Vielseitigkeit und ihr ruhiges Temperament machen sie geeignet f\u00fcr Reiter verschiedener Niveaus, von Anf\u00e4ngern bis zu erfahreneren Enthusiasten.<\/p>\n<p>Kommen Sie vorbei und sehen Sie selbst, warum Jitske eine ausgezeichnete Wahl f\u00fcr jeden w\u00e4re, der ein kompetentes und zuverl\u00e4ssiges Pferd sucht.<\/p>\n<p><strong>Spezifikationen<\/strong>:<\/p>\n<ul>\n<li><strong>Geschlecht<\/strong>: Stute<\/li>\n<li><strong>Geburtsdatum<\/strong>: 28. Februar 2019<\/li>\n<li><strong>Stockma\u00df<\/strong>: 1.66m (mit einer Reiterin von 1.73m auf Fotos)<\/li>\n<li><strong>Stutenlinie<\/strong>: 103<\/li>\n<li><strong>Niveau<\/strong>: L<\/li>\n<li><strong>Zuchtbuch<\/strong>: KFPS Niederlande, 3. Pr\u00e4mie<\/li>\n<\/ul>\n<hr \/>\n<h2><strong>6 Gr\u00fcnde, sich f\u00fcr Cayenne Stables zu entscheiden<\/strong>:<\/h2>\n<ol>\n<li><strong>Umfassende Nachsorge<\/strong>: Nach dem Kauf bleiben wir Ihr Partner. Training, Fragen, Beratung und Hilfe bei der Auswahl des richtigen Sattels und Zaumzeugs; wir sind f\u00fcr Sie da.<\/li>\n<li><strong>Erfahrung auf Weltniveau<\/strong>: Unsere Hauptreiterin, Zo\u00eb Kuintjes, steht f\u00fcr Klasse. Sie wurde bereits neunmal f\u00fcr das niederl\u00e4ndische Team ausgew\u00e4hlt und hat an den Europameisterschaften teilgenommen.<\/li>\n<li><strong>Einzigartige 6-Wochen-Testphase<\/strong>: Zweifel nach dem Kauf? Das Pferd kann innerhalb dieser Zeit zur\u00fcckgegeben werden. F\u00fcr die Bedingungen kontaktieren Sie uns bitte.<\/li>\n<li><strong>Unsere Zuverl\u00e4ssige Garantie<\/strong>: \u00dcber die Testphase hinaus garantieren wir Qualit\u00e4t und Engagement. Probleme? Wir garantieren eine L\u00f6sung.<\/li>\n<li><strong>Gesundheit zuerst<\/strong>: Unsere friesischen Pferde sind nicht nur sch\u00f6n, sondern auch gesund und f\u00fcr den Sport zertifiziert. Sie \u00fcberlegen einen Kauf? Eine erneute Untersuchung ist jederzeit m\u00f6glich.<\/li>\n<li><strong>Ein Professionelles Team<\/strong>: Wir sind mehr als nur Trainer. Unser Team besteht aus einem festen Tierarzt, Physiotherapeuten, Zahnarzt und Hufschmied, die sich um die beste Pflege unserer Pferde k\u00fcmmern.<\/li>\n<\/ol>\n","protected":false},"featured_media":7247,"comment_status":"closed","ping_status":"closed","template":"","meta":{"_et_pb_use_builder":"on","_et_pb_old_content":"<h3>(Daily Diamond x Den Haag)<\/h3>\r\nTreffen Sie Dua Lipa, unseren strahlenden Stern und eine atemberaubend sch\u00f6ne 7-j\u00e4hrige Westf\u00e4lische Stute. Diese Dame ist die perfekte Kombination aus Talent und Temperament, ein Ergebnis der hervorragenden Kreuzung zwischen Daily Diamond und Den Haag. Mit ihrer idealen Widerristh\u00f6he von 168 cm und ihren beeindruckenden Bewegungen, stiehlt sie \u00fcberall die Show.\r\n\r\nVor zwei Jahren begann sie ihre Ausbildung bei Zo\u00eb ohne Vorkenntnisse, und schauen Sie sie jetzt an: sie konkurriert bereits auf Z-Niveau und wir bereiten sie intensiv auf die kleine Tour vor. Duas freundliche Art und auff\u00e4llige Erscheinung machen sie zur perfekten Wahl f\u00fcr einen Reiter, der darauf abzielt, die Spitze im Reitsport zu erreichen. Sie besitzt nicht nur Sch\u00f6nheit, sondern auch den Ehrgeiz und den Charakter, um auf h\u00f6chstem Niveau zu gl\u00e4nzen. Dua Lipa ist nicht nur ein Augenschmaus, sondern auch ein Herzensbrecher durch ihre sanfte Natur.\r\n\r\nEin echtes Juwel mit enormem Potenzial!\r\n\r\n<strong>Spezifikationen<\/strong>:\r\n<ul>\r\n \t<li><strong>Geschlecht<\/strong>: Stute<\/li>\r\n \t<li><strong>Geburtsdatum<\/strong>: 25. April 2017<\/li>\r\n \t<li><strong>Stockma\u00df<\/strong>: 1,68 m (Der Reiter ist 1,80 m gro\u00df)<\/li>\r\n \t<li><strong>Niveau<\/strong>: Z<\/li>\r\n \t<li><strong>Zuchtbuch<\/strong>: Westf\u00e4lisches Pferdestammbuch e.V.<\/li>\r\n<\/ul>","_et_gb_content_width":"","inline_featured_image":false},"product_brand":[],"product_cat":[],"product_tag":[],"class_list":{"0":"post-7231","1":"product","2":"type-product","3":"status-publish","4":"has-post-thumbnail","7":"first","8":"instock","9":"shipping-taxable","10":"purchasable","11":"product-type-simple"},"_links":{"self":[{"href":"https:\/\/www.cayennestables.nl\/de\/wp-json\/wp\/v2\/product\/7231","targetHints":{"allow":["GET"]}}],"collection":[{"href":"https:\/\/www.cayennestables.nl\/de\/wp-json\/wp\/v2\/product"}],"about":[{"href":"https:\/\/www.cayennestables.nl\/de\/wp-json\/wp\/v2\/types\/product"}],"replies":[{"embeddable":true,"href":"https:\/\/www.cayennestables.nl\/de\/wp-json\/wp\/v2\/comments?post=7231"}],"wp:featuredmedia":[{"embeddable":true,"href":"https:\/\/www.cayennestables.nl\/de\/wp-json\/wp\/v2\/media\/7247"}],"wp:attachment":[{"href":"https:\/\/www.cayennestables.nl\/de\/wp-json\/wp\/v2\/media?parent=7231"}],"wp:term":[{"taxonomy":"product_brand","embeddable":true,"href":"https:\/\/www.cayennestables.nl\/de\/wp-json\/wp\/v2\/product_brand?post=7231"},{"taxonomy":"product_cat","embeddable":true,"href":"https:\/\/www.cayennestables.nl\/de\/wp-json\/wp\/v2\/product_cat?post=7231"},{"taxonomy":"product_tag","embeddable":true,"href":"https:\/\/www.cayennestables.nl\/de\/wp-json\/wp\/v2\/product_tag?post=7231"}],"curies":[{"name":"wp","href":"https:\/\/api.w.org\/{rel}","templated":true}]}}