{"id":5471,"date":"2023-10-27T20:28:52","date_gmt":"2023-10-27T18:28:52","guid":{"rendered":"https:\/\/www.cayennestables.nl\/?post_type=product&#038;p=5471"},"modified":"2025-09-27T15:47:13","modified_gmt":"2025-09-27T13:47:13","slug":"macho-von-cayenne-stables","status":"publish","type":"product","link":"https:\/\/www.cayennestables.nl\/de\/product\/macho-von-cayenne-stables\/","title":{"rendered":"Macho von Cayenne Stables"},"content":{"rendered":"<p>[et_pb_section fb_built=&#8220;1&#8243; disabled_on=&#8220;off|off|off&#8220; admin_label=&#8220;Hero Sectie&#8220; _builder_version=&#8220;4.20.4&#8243; _dynamic_attributes=&#8220;background_image&#8220; _module_preset=&#8220;default&#8220; background_image=&#8220;@ET-DC@eyJkeW5hbWljIjp0cnVlLCJjb250ZW50IjoicG9zdF9mZWF0dXJlZF9pbWFnZSIsInNldHRpbmdzIjp7fX0=@&#8220; custom_margin=&#8220;0px||0px||false|false&#8220; custom_padding=&#8220;0px||0px||false|false&#8220; locked=&#8220;off&#8220; global_colors_info=&#8220;{}&#8220;][et_pb_row _builder_version=&#8220;4.20.4&#8243; _module_preset=&#8220;default&#8220; width_tablet=&#8220;&#8220; width_phone=&#8220;94%&#8220; width_last_edited=&#8220;on|phone&#8220; module_alignment=&#8220;center&#8220; min_height_tablet=&#8220;600px&#8220; min_height_phone=&#8220;&#8220; min_height_last_edited=&#8220;on|phone&#8220; custom_margin=&#8220;0px||0px||false|false&#8220; custom_padding=&#8220;0px||2vh||false|false&#8220; global_colors_info=&#8220;{}&#8220;][et_pb_column type=&#8220;4_4&#8243; _builder_version=&#8220;4.20.4&#8243; _module_preset=&#8220;default&#8220; global_colors_info=&#8220;{}&#8220;][et_pb_text admin_label=&#8220;Titel pagina &#8211; automatisch ingevuld&#8220; _builder_version=&#8220;4.20.4&#8243; _dynamic_attributes=&#8220;content&#8220; _module_preset=&#8220;default&#8220; header_font=&#8220;Caliway||||||||&#8220; header_text_align=&#8220;center&#8220; header_text_color=&#8220;#FFFFFF&#8220; header_font_size=&#8220;60px&#8220; header_line_height=&#8220;1.5em&#8220; custom_margin=&#8220;34%||0px||false|false&#8220; custom_margin_tablet=&#8220;34%||0px||false|false&#8220; custom_margin_phone=&#8220;34%||||false|false&#8220; custom_margin_last_edited=&#8220;on|phone&#8220; custom_padding=&#8220;0px||0px||false|false&#8220; header_font_size_tablet=&#8220;60px&#8220; header_font_size_phone=&#8220;32px&#8220; header_font_size_last_edited=&#8220;on|phone&#8220; header_text_shadow_style=&#8220;preset1&#8243; global_colors_info=&#8220;{}&#8220;]@ET-DC@eyJkeW5hbWljIjp0cnVlLCJjb250ZW50IjoicG9zdF90aXRsZSIsInNldHRpbmdzIjp7ImJlZm9yZSI6IjxoMT4iLCJhZnRlciI6IjwvaDE+In19@[\/et_pb_text][\/et_pb_column][\/et_pb_row][\/et_pb_section][et_pb_section fb_built=&#8220;1&#8243; _builder_version=&#8220;4.20.4&#8243; _module_preset=&#8220;default&#8220; custom_margin=&#8220;0px||2vh||false|false&#8220; custom_margin_tablet=&#8220;10vh||10vh||true|false&#8220; custom_margin_phone=&#8220;5vh||3vh||false|false&#8220; custom_margin_last_edited=&#8220;on|desktop&#8220; custom_padding=&#8220;4vh||0px||false|false&#8220; locked=&#8220;off&#8220; global_colors_info=&#8220;{}&#8220;][et_pb_row admin_label=&#8220;Kruimelpad&#8220; _builder_version=&#8220;4.20.4&#8243; _module_preset=&#8220;default&#8220; custom_margin=&#8220;0px||3vh||false|false&#8220; custom_padding=&#8220;0px||0px||false|false&#8220; global_colors_info=&#8220;{}&#8220;][et_pb_column type=&#8220;4_4&#8243; _builder_version=&#8220;4.20.4&#8243; _module_preset=&#8220;default&#8220; global_colors_info=&#8220;{}&#8220;][et_pb_text _builder_version=&#8220;4.20.4&#8243; _module_preset=&#8220;default&#8220; global_colors_info=&#8220;{}&#8220;][rank_math_breadcrumb][\/et_pb_text][\/et_pb_column][\/et_pb_row][et_pb_row column_structure=&#8220;1_2,1_2&#8243; _builder_version=&#8220;4.20.4&#8243; _module_preset=&#8220;default&#8220; custom_padding=&#8220;13px|||||&#8220; global_colors_info=&#8220;{}&#8220;][et_pb_column type=&#8220;1_2&#8243; _builder_version=&#8220;4.20.4&#8243; _module_preset=&#8220;default&#8220; global_colors_info=&#8220;{}&#8220;][et_pb_wc_gallery _builder_version=&#8220;4.21.0&#8243; _module_preset=&#8220;default&#8220; background_layout=&#8220;dark&#8220; custom_margin=&#8220;0px||14px||false|false&#8220; custom_padding=&#8220;9px||0px||false|false&#8220; global_colors_info=&#8220;{}&#8220;][\/et_pb_wc_gallery][\/et_pb_column][et_pb_column type=&#8220;1_2&#8243; _builder_version=&#8220;4.20.4&#8243; _module_preset=&#8220;default&#8220; global_colors_info=&#8220;{}&#8220;][et_pb_text _builder_version=&#8220;4.27.4&#8243; _module_preset=&#8220;default&#8220; hover_enabled=&#8220;0&#8243; global_colors_info=&#8220;{}&#8220; sticky_enabled=&#8220;0&#8243;]<\/p>\n<div class=\"horse-advertisement\">\n<h1 class=\"horse-name\">Macho van Cayenne Stables<\/h1>\n<p class=\"horse-intro\">Macho van Cayenne Stables ist ein beeindruckender Friesischer Ster-Hengst mit einer starken Abstammung: Matthys 504 x Alwin 469. Er zeigt kraftvolle Bewegungen, ein elegantes Exterieur und ein sehr williges und freundliches Wesen. Macho nimmt das Training hervorragend auf und beeindruckt im Viereck. Zurzeit ist er Niederl\u00e4ndischer Meister in der FEI-Kategorie der 5-j\u00e4hrigen Pferde und auf M-Niveau best\u00e4tigt. Aktuell trainiert er auf dem Weg zum Z-Niveau (Niederlande), was dem M-Niveau in Deutschland und Third Level in den USA entspricht. Ein fantastisches Pferd f\u00fcr ambitionierte Reiterinnen oder Reiter, die eine ideale Kombination aus Leistung und Freude suchen.<\/p>\n<ul class=\"horse-details\">\n<li><strong>Abstammung:<\/strong> Matthys 504 x Alwin 469<\/li>\n<li><strong>Rasse &amp; Geschlecht:<\/strong> Friesisches Pferd, Ster-Hengst<\/li>\n<li><strong>Geburtsjahr:<\/strong> 2020 (24. Februar)<\/li>\n<li><strong>Stockma\u00df:<\/strong> 170 cm<\/li>\n<li><strong>Gr\u00f6\u00dfe des Reiters auf Foto:<\/strong> 185 cm<\/li>\n<li><strong>Standort:<\/strong> Waverveen, Niederlande<\/li>\n<li><strong>Stutenstamm:<\/strong> 002<\/li>\n<\/ul>\n<h3 class=\"section-header\">Sport &amp; Erfolge<\/h3>\n<ul class=\"performance-details\">\n<li><strong>Aktuelles Niveau:<\/strong> M (Niederlande) \/ L (Deutschland) \/ Second Level (USA)<\/li>\n<li><strong>In Ausbildung Richtung:<\/strong> Z (Niederlande) \/ M (Deutschland) \/ Third Level (USA)<\/li>\n<li><strong>Aktuelles Training:<\/strong> Macho bereitet sich auf die Niederl\u00e4ndische Meisterschaft 2025, den Florian Fryso Pokal und die IBOP vor.<\/li>\n<li><strong>Besondere Erfolge:<\/strong> Niederl\u00e4ndischer Meister der 5-j\u00e4hrigen FEI-Pferde, Ster-Pr\u00e4dikat beim KFPS erhalten und alle Selektionspr\u00fcfungen unter Robin van Lierop mit Ergebnissen \u00fcber 74% gewonnen.<\/li>\n<\/ul>\n<h3 class=\"section-header\">Charakter &amp; Gesundheit<\/h3>\n<ul class=\"health-character\">\n<li><strong>Charakter:<\/strong> Macho ist ein ehrlicher, arbeitswilliger Hengst mit einem angenehmen und sozialen Charakter. Er ist unkompliziert im Stall, freundlich im Umgang und angenehm zu reiten \u2014 geeignet f\u00fcr Reiter mit Ehrgeiz, die zugleich einen verl\u00e4sslichen Partner sch\u00e4tzen.<\/li>\n<li><strong>Gesundheit:<\/strong> Vollst\u00e4ndig gesund. Klinisch und r\u00f6ntgenologisch vollst\u00e4ndig gepr\u00fcft, einschlie\u00dflich Beine, R\u00fccken und Hals.<\/li>\n<\/ul>\n<h3 class=\"section-header\">Warum Cayenne Stables?<\/h3>\n<p>Bei Cayenne Stables verbinden wir internationale Spitzenqualit\u00e4t mit pers\u00f6nlicher Betreuung und h\u00f6chster F\u00fcrsorge f\u00fcr Sie und Ihr Pferd. Das Wohlbefinden der Pferde ist f\u00fcr uns keine Nebensache, sondern der Kern unseres Ansatzes. Unser spezialisiertes Team aus erfahrenen Trainern, Tier\u00e4rzten, Physiotherapeuten und Hufschmieden arbeitet eng zusammen, um die Gesundheit, das Gl\u00fcck und die Leistung jedes Pferdes zu maximieren. Transparenz, Ehrlichkeit und Vertrauen sind dabei immer die Grundlage.<\/p>\n<p>Kontaktieren Sie uns gerne f\u00fcr weitere Informationen oder um Macho pers\u00f6nlich bei uns im Stall kennenzulernen.\n<\/p><\/div>\n<p>[\/et_pb_text][et_pb_button button_url=&#8220;https:\/\/www.cayennestables.nl\/de\/kontakt\/&#8220; button_text=&#8220;IK WIL MEER INFO&#8220; _builder_version=&#8220;4.20.4&#8243; _module_preset=&#8220;default&#8220; global_colors_info=&#8220;{}&#8220;][\/et_pb_button][\/et_pb_column][\/et_pb_row][\/et_pb_section]<\/p>\n","protected":false},"excerpt":{"rendered":"<h3>(Matthys 504 x. Alwin 469)<\/h3>\n<p>Wir sind stolz, Macho \u00fbt de Grachten vorzustellen, unseren Friese Ster Hengst aus den renommierten Linien von Matthys 504 x Alwin 469. Macho sticht in den Cayenne Stables mit seiner beeindruckenden Erscheinung und starken Bewegungen hervor.<\/p>\n<p>Bereits 2020 beeindruckte Macho durch den Gewinn einer 1. Pr\u00e4mie bei der Fohlenpr\u00fcfung des Zuchtverbands Midden Nederland. Diese Erfolgslinie setzte er 2023 fort und zog w\u00e4hrend der Vorstellungstage mit seinen eindrucksvollen Bewegungen und seinem Talent f\u00fcr Dressur die Aufmerksamkeit auf sich.<\/p>\n<p>In Anbetracht seines Wachstums und seiner Entwicklung planen wir, Macho 2024 f\u00fcr die Nachpr\u00fcfung der KFPS Hengstk\u00f6rung vorzustellen. Wir setzen gro\u00dfe Hoffnungen in diesen jungen Hengst und beabsichtigen, ihm alle Unterst\u00fctzung zu bieten, die er ben\u00f6tigt, um gute Leistungen zu erbringen. Bei den Cayenne Stables sind wir darauf bedacht, das Beste aus ihm herauszuholen, damit er 2024 und dar\u00fcber hinaus im Dressursport gl\u00e4nzen kann.<\/p>\n<p><strong>Spezifikationen<\/strong>:<\/p>\n<ul>\n<li><strong>Geschlecht<\/strong>: Hengst<\/li>\n<li><strong>Geburtsdatum<\/strong>: 24-02-2020<\/li>\n<li><strong>Stockma\u00df<\/strong>: 1,69 m (mit einem Reiter von 1,80 m auf den Fotos)<\/li>\n<li><strong>Abstammung der Stute<\/strong>:: 002<\/li>\n<li><strong>Niveau<\/strong>: B<\/li>\n<li><strong>Stammbuch<\/strong>: KFPS Nederland Stern<\/li>\n<\/ul>\n<hr \/>\n<h2><strong>6 Gr\u00fcnde, sich f\u00fcr Cayenne Stables zu entscheiden<\/strong>:<\/h2>\n<ol>\n<li><strong>Umfassende Nachsorge<\/strong>: Nach dem Kauf bleiben wir Ihr Partner. Training, Fragen, Beratung und Hilfe bei der Auswahl des richtigen Sattels und Zaumzeugs; wir sind f\u00fcr Sie da.<\/li>\n<li><strong>Erfahrung auf Weltniveau<\/strong>: Unsere Hauptreiterin, Zo\u00eb Kuintjes, steht f\u00fcr Klasse. Sie wurde bereits neunmal f\u00fcr das niederl\u00e4ndische Team ausgew\u00e4hlt und hat an den Europameisterschaften teilgenommen.<\/li>\n<li><strong>Einzigartige 6-Wochen-Testphase<\/strong>: Zweifel nach dem Kauf? Das Pferd kann innerhalb dieser Zeit zur\u00fcckgegeben werden. F\u00fcr die Bedingungen kontaktieren Sie uns bitte.<\/li>\n<li><strong>Unsere Zuverl\u00e4ssige Garantie<\/strong>: \u00dcber die Testphase hinaus garantieren wir Qualit\u00e4t und Engagement. Probleme? Wir garantieren eine L\u00f6sung.<\/li>\n<li><strong>Gesundheit zuerst<\/strong>: Unsere friesischen Pferde sind nicht nur sch\u00f6n, sondern auch gesund und f\u00fcr den Sport zertifiziert. Sie \u00fcberlegen einen Kauf? Eine erneute Untersuchung ist jederzeit m\u00f6glich.<\/li>\n<li><strong>Ein Professionelles Team<\/strong>: Wir sind mehr als nur Trainer. Unser Team besteht aus einem festen Tierarzt, Physiotherapeuten, Zahnarzt und Hufschmied, die sich um die beste Pflege unserer Pferde k\u00fcmmern.<\/li>\n<\/ol>\n","protected":false},"featured_media":12695,"comment_status":"closed","ping_status":"closed","template":"","meta":{"_et_pb_use_builder":"on","_et_pb_old_content":"<h3>(Matthys 504 x. Alwin 469)<\/h3>\r\nWir sind stolz darauf, Macho vorzustellen, unseren Friesischen Ster-Hengst aus den renommierten Linien Matthys 504 x Alwin 469. Macho f\u00e4llt bei Cayenne Stables durch sein beeindruckendes Erscheinungsbild und kraftvolle Bewegungen auf.\r\n\r\nIm Jahr 2020 machte Macho Eindruck, indem er bei der Fohlenpr\u00fcfung des Zuchtvereins Midden-Nederland eine erste Pr\u00e4mie gewann. Diese Erfolgsreihe setzte er 2023 fort, als er w\u00e4hrend der Vorauswahltage mit seinen beeindruckenden Bewegungen und seinem Talent f\u00fcr Dressur auffiel.\r\n\r\nMacho ist ein wirklich lieber Kuschel-Hengst, der im Sport sehr gut abschneidet. Seine Kraft und sein Arbeitswille machen ihn zum perfekten Partner f\u00fcr eine Sportamazone, die einen Begleiter f\u00fcr sowohl Freizeitreiten als auch Wettk\u00e4mpfe sucht.\r\n\r\nUnsere Pl\u00e4ne mit Macho f\u00fcr 2024: Ende August wird er mit Zo\u00eb Kuintjes am Florian Fryso Bokaal teilnehmen, und wir haben hohe Erwartungen an ihn. Au\u00dferdem werden wir ihn regelm\u00e4\u00dfig bei gr\u00f6\u00dferen (Friesischen) Wettbewerben pr\u00e4sentieren und auf h\u00f6here Arbeiten vorbereiten.\r\n\r\n<strong>Spezifikationen<\/strong>:\r\n<ul>\r\n \t<li><strong>Geschlecht<\/strong>: Hengst<\/li>\r\n \t<li><strong>Geburtsdatum<\/strong>: 24-02-2020<\/li>\r\n \t<li><strong>Stockma\u00df<\/strong>: 1,69 m (mit einem Reiter von 1,80 m auf den Fotos)<\/li>\r\n \t<li><strong>Abstammung der Stute<\/strong>:: 002<\/li>\r\n \t<li><strong>Niveau<\/strong>: L<\/li>\r\n \t<li><strong>Stammbuch<\/strong>: KFPS Nederland Stern<\/li>\r\n<\/ul>","_et_gb_content_width":"","inline_featured_image":false},"product_brand":[],"product_cat":[44],"product_tag":[],"class_list":{"0":"post-5471","1":"product","2":"type-product","3":"status-publish","4":"has-post-thumbnail","6":"product_cat-friesenhengst","8":"first","9":"instock","10":"shipping-taxable","11":"purchasable","12":"product-type-simple"},"_links":{"self":[{"href":"https:\/\/www.cayennestables.nl\/de\/wp-json\/wp\/v2\/product\/5471","targetHints":{"allow":["GET"]}}],"collection":[{"href":"https:\/\/www.cayennestables.nl\/de\/wp-json\/wp\/v2\/product"}],"about":[{"href":"https:\/\/www.cayennestables.nl\/de\/wp-json\/wp\/v2\/types\/product"}],"replies":[{"embeddable":true,"href":"https:\/\/www.cayennestables.nl\/de\/wp-json\/wp\/v2\/comments?post=5471"}],"wp:featuredmedia":[{"embeddable":true,"href":"https:\/\/www.cayennestables.nl\/de\/wp-json\/wp\/v2\/media\/12695"}],"wp:attachment":[{"href":"https:\/\/www.cayennestables.nl\/de\/wp-json\/wp\/v2\/media?parent=5471"}],"wp:term":[{"taxonomy":"product_brand","embeddable":true,"href":"https:\/\/www.cayennestables.nl\/de\/wp-json\/wp\/v2\/product_brand?post=5471"},{"taxonomy":"product_cat","embeddable":true,"href":"https:\/\/www.cayennestables.nl\/de\/wp-json\/wp\/v2\/product_cat?post=5471"},{"taxonomy":"product_tag","embeddable":true,"href":"https:\/\/www.cayennestables.nl\/de\/wp-json\/wp\/v2\/product_tag?post=5471"}],"curies":[{"name":"wp","href":"https:\/\/api.w.org\/{rel}","templated":true}]}}