{"id":11549,"date":"2025-01-18T09:24:48","date_gmt":"2025-01-18T08:24:48","guid":{"rendered":"https:\/\/www.cayennestables.nl\/?post_type=product&#038;p=11549"},"modified":"2025-03-13T18:37:46","modified_gmt":"2025-03-13T17:37:46","slug":"ogyrieta-texel-von-cayenne-stables","status":"publish","type":"product","link":"https:\/\/www.cayennestables.nl\/de\/product\/ogyrieta-texel-von-cayenne-stables\/","title":{"rendered":"Ogyrieta Texel von Cayenne Stables"},"content":{"rendered":"<p>[et_pb_section fb_built=&#8220;1&#8243; disabled_on=&#8220;off|off|off&#8220; admin_label=&#8220;Hero Sectie&#8220; _builder_version=&#8220;4.20.4&#8243; _dynamic_attributes=&#8220;background_image&#8220; _module_preset=&#8220;default&#8220; background_image=&#8220;@ET-DC@eyJkeW5hbWljIjp0cnVlLCJjb250ZW50IjoicG9zdF9mZWF0dXJlZF9pbWFnZSIsInNldHRpbmdzIjp7fX0=@&#8220; custom_margin=&#8220;0px||0px||false|false&#8220; custom_padding=&#8220;0px||0px||false|false&#8220; locked=&#8220;off&#8220; global_colors_info=&#8220;{}&#8220;][et_pb_row _builder_version=&#8220;4.20.4&#8243; _module_preset=&#8220;default&#8220; width_tablet=&#8220;&#8220; width_phone=&#8220;94%&#8220; width_last_edited=&#8220;on|phone&#8220; module_alignment=&#8220;center&#8220; min_height_tablet=&#8220;600px&#8220; min_height_phone=&#8220;&#8220; min_height_last_edited=&#8220;on|phone&#8220; custom_margin=&#8220;0px||0px||false|false&#8220; custom_padding=&#8220;0px||2vh||false|false&#8220; global_colors_info=&#8220;{}&#8220;][et_pb_column type=&#8220;4_4&#8243; _builder_version=&#8220;4.20.4&#8243; _module_preset=&#8220;default&#8220; global_colors_info=&#8220;{}&#8220;][et_pb_text admin_label=&#8220;Titel pagina &#8211; automatisch ingevuld&#8220; _builder_version=&#8220;4.20.4&#8243; _dynamic_attributes=&#8220;content&#8220; _module_preset=&#8220;default&#8220; header_font=&#8220;Caliway||||||||&#8220; header_text_align=&#8220;center&#8220; header_text_color=&#8220;#FFFFFF&#8220; header_font_size=&#8220;60px&#8220; header_line_height=&#8220;1.5em&#8220; custom_margin=&#8220;34%||0px||false|false&#8220; custom_margin_tablet=&#8220;34%||0px||false|false&#8220; custom_margin_phone=&#8220;34%||||false|false&#8220; custom_margin_last_edited=&#8220;on|phone&#8220; custom_padding=&#8220;0px||0px||false|false&#8220; header_font_size_tablet=&#8220;60px&#8220; header_font_size_phone=&#8220;32px&#8220; header_font_size_last_edited=&#8220;on|phone&#8220; header_text_shadow_style=&#8220;preset1&#8243; global_colors_info=&#8220;{}&#8220;]@ET-DC@eyJkeW5hbWljIjp0cnVlLCJjb250ZW50IjoicG9zdF90aXRsZSIsInNldHRpbmdzIjp7ImJlZm9yZSI6IjxoMT4iLCJhZnRlciI6IjwvaDE+In19@[\/et_pb_text][\/et_pb_column][\/et_pb_row][\/et_pb_section][et_pb_section fb_built=&#8220;1&#8243; _builder_version=&#8220;4.20.4&#8243; _module_preset=&#8220;default&#8220; custom_margin=&#8220;0px||2vh||false|false&#8220; custom_margin_tablet=&#8220;10vh||10vh||true|false&#8220; custom_margin_phone=&#8220;5vh||3vh||false|false&#8220; custom_margin_last_edited=&#8220;on|desktop&#8220; custom_padding=&#8220;4vh||0px||false|false&#8220; locked=&#8220;off&#8220; global_colors_info=&#8220;{}&#8220;][et_pb_row admin_label=&#8220;Kr\u00fcmelpfad&#8220; _builder_version=&#8220;4.20.4&#8243; _module_preset=&#8220;default&#8220; custom_margin=&#8220;0px||3vh||false|false&#8220; custom_padding=&#8220;0px||0px||false|false&#8220; global_colors_info=&#8220;{}&#8220;][et_pb_column type=&#8220;4_4&#8243; _builder_version=&#8220;4.20.4&#8243; _module_preset=&#8220;default&#8220; global_colors_info=&#8220;{}&#8220;][et_pb_text _builder_version=&#8220;4.20.4&#8243; _module_preset=&#8220;default&#8220; global_colors_info=&#8220;{}&#8220;][rank_math_breadcrumb][\/et_pb_text][\/et_pb_column][\/et_pb_row][et_pb_row column_structure=&#8220;1_2,1_2&#8243; _builder_version=&#8220;4.20.4&#8243; _module_preset=&#8220;default&#8220; global_colors_info=&#8220;{}&#8220;][et_pb_column type=&#8220;1_2&#8243; _builder_version=&#8220;4.20.4&#8243; _module_preset=&#8220;default&#8220; global_colors_info=&#8220;{}&#8220;][et_pb_wc_gallery _builder_version=&#8220;4.21.0&#8243; _module_preset=&#8220;default&#8220; background_layout=&#8220;dark&#8220; custom_margin=&#8220;-50px||33px||false|false&#8220; custom_padding=&#8220;6px||0px||false|false&#8220; global_colors_info=&#8220;{}&#8220;][\/et_pb_wc_gallery][\/et_pb_column][et_pb_column type=&#8220;1_2&#8243; _builder_version=&#8220;4.20.4&#8243; _module_preset=&#8220;default&#8220; global_colors_info=&#8220;{}&#8220;][et_pb_text _builder_version=&#8220;4.27.4&#8243; _module_preset=&#8220;default&#8220; custom_margin=&#8220;-52px|||||&#8220; global_colors_info=&#8220;{}&#8220;]<\/p>\n<div class=\"horse-advertisement\">\n<h1 class=\"horse-name\">Ogyrieta Texel von Cayenne Stables<\/h1>\n<p class=\"horse-intro\">Ein au\u00dfergew\u00f6hnliches 6-j\u00e4hriges Supertalent mit einem goldenen Charakter und beeindruckenden Leistungen \u2013 ideal f\u00fcr einen ambitionierten Reiter, der Top-Qualit\u00e4t und Potenzial f\u00fcr das h\u00f6chste Niveau sucht.<\/p>\n<p class=\"horse-intro\">\n<ul class=\"horse-details\">\n<li><strong>Abstammung:<\/strong> Taminiau x Zi\u00ebsto<\/li>\n<li><strong>Rasse &amp; Geschlecht:<\/strong> KWPN, Stute<\/li>\n<li><strong>Geburtsjahr:<\/strong> 2019<\/li>\n<li><strong>Stockma\u00df:<\/strong> 171 cm (16.3 hh)<\/li>\n<li><strong>Gr\u00f6\u00dfe Reiter auf dem Foto:<\/strong> 180 cm (5\u201911\u2019\u2019)<\/li>\n<li><strong>Standort Pferd:<\/strong> Aalsmeer, Niederlande<\/li>\n<\/ul>\n<h3 class=\"section-header\">Sport &amp; Leistungen<\/h3>\n<ul class=\"performance-details\">\n<li><strong>Aktuelles Niveau:<\/strong> Bereit f\u00fcr Z2 (NL) \/ M** (DE) \/ Third-Fourth Level (USA)<\/li>\n<li><strong>Aktuelles Training:<\/strong> Ogyrieta wird aktuell professionell trainiert, um international bei Weltmeisterschafts-Sichtungen sowie den Niederl\u00e4ndischen Meisterschaften der 6-j\u00e4hrigen Pferde zu starten. Sie besitzt eine hervorragende Basis und entwickelt sich enorm schnell.<\/li>\n<li><strong>Besondere Leistungen:<\/strong> KWPN Young Dressage Talents 2025: Deb\u00fct-Ergebnis von 82 % in der Klasse der 6-j\u00e4hrigen Pferde bei starker internationaler Konkurrenz.<\/li>\n<\/ul>\n<h3 class=\"section-header\">Charakter &amp; Gesundheit<\/h3>\n<ul class=\"health-character\">\n<li><strong>Charakter:<\/strong> Eine au\u00dfergew\u00f6hnlich liebe, sanfte und verschmuste Stute ohne jegliches typisches Stutenverhalten. Sie ist arbeitswillig, zuverl\u00e4ssig und bei jedem im Stall \u00e4u\u00dferst beliebt.<\/li>\n<li><strong>Gesundheit:<\/strong> Klinisch und r\u00f6ntgenologisch vollst\u00e4ndig gepr\u00fcft (Beine, R\u00fccken, Hals). Hervorragende Gesundheit und harmonischer K\u00f6rperbau mit starkem R\u00fccken, eleganter Halslinie und klaren Beinen.<\/li>\n<\/ul>\n<h3 class=\"section-header\">Warum Cayenne Stables w\u00e4hlen?<\/h3>\n<ol class=\"why-cayenne\">\n<li>Umfassende Nachbetreuung mit pers\u00f6nlicher Begleitung und professioneller Trainingsberatung<\/li>\n<li>Transparente Absprachen, bei denen Pferdewohl stets im Mittelpunkt steht<\/li>\n<li>Komplettes Expertenteam mit Trainer, Tierarzt, Zahnarzt, Physiotherapeut und Hufschmied<\/li>\n<li>International erfahrene Trainer und Reiter<\/li>\n<li>Weltweiter professioneller Transportservice<\/li>\n<\/ol>\n<\/div>\n<p>[\/et_pb_text][et_pb_button button_url=&#8220;https:\/\/www.cayennestables.nl\/de\/kontakt\/&#8220; button_text=&#8220;ICH M\u00d6CHTE MEHR INFORMATIONEN&#8220; _builder_version=&#8220;4.20.4&#8243; _module_preset=&#8220;default&#8220; global_colors_info=&#8220;{}&#8220;][\/et_pb_button][\/et_pb_column][\/et_pb_row][\/et_pb_section]<\/p>\n","protected":false},"excerpt":{"rendered":"<h3>(Yme 507 x Beart 411)<\/h3>\n<p>Treffen Sie Oege vd Arebohoeve Ster, unseren gesch\u00e4tzten Hengst mit einer Abstammung von Yme 507 x Beart 411. Seit seiner Ankunft hat sich Oege als wertvolle Bereicherung f\u00fcr unsere St\u00e4lle erwiesen, und wir sind mit den Fortschritten, die er bisher gemacht hat, sehr zufrieden.<\/p>\n<p>Oege sticht nicht nur durch sein Aussehen hervor, sondern verk\u00f6rpert auch den freundlichen und ruhigen Charakter, der so typisch f\u00fcr seine Rasse ist. Seine guten Manieren und respektvolle Interaktion mit Menschen und anderen Pferden machen ihn zu einer beliebten Pr\u00e4senz.<\/p>\n<p>In der Arena zeigt Oege Bewegungen, die Potenzial und Eleganz ausstrahlen. Sein m\u00fcheloser Gang und seine nat\u00fcrliche Anmut geben uns gro\u00dfes Vertrauen in seine weitere Entwicklung. Seit seiner Ankunft hat er bereits bedeutende Fortschritte gemacht, und wir erwarten, dass sich seine Leistung noch weiter verbessert.<\/p>\n<p>Zusammen mit der fachkundigen Anleitung unserer Reiterin Zo\u00eb bildet Oege ein starkes Team. Ihre kombinierten F\u00e4higkeiten und Teamarbeit versprechen eine helle Zukunft.<\/p>\n<p><strong>Spezifikationen<\/strong>:<\/p>\n<ul>\n<li><strong>Geschlecht<\/strong>: Hengst<\/li>\n<li><strong>Geburtsdatum<\/strong>: 23-04-2020<\/li>\n<li><strong>Stockma\u00df<\/strong>: 1,63 m (mit einem Reiter von 1,80 m auf den Fotos)<\/li>\n<li><strong>Abstammung der Stute<\/strong>: 043<\/li>\n<li><strong>Niveau<\/strong>: B<\/li>\n<li><strong>Stammbuch<\/strong>: KFPS Nederland Ster<\/li>\n<\/ul>\n<hr \/>\n<h2><strong>6 weitere Gr\u00fcnde, sich f\u00fcr Cayenne Stables zu entscheiden<\/strong>:<\/h2>\n<ol>\n<li><strong>Umfassende Nachbetreuung<\/strong>: Auch nach dem Kauf bleiben wir Ihr Partner. Training, Fragen, Beratung und Hilfe bei der Wahl des richtigen Sattels und Zaumzeugs; wir sind f\u00fcr Sie da.<\/li>\n<li><strong>Erfahrung<\/strong> auf Weltniveau: Unsere Hauptamazone Zo\u00eb Kuintjes ist ein Synonym f\u00fcr Klasse. Bereits neunmal f\u00fcr den niederl\u00e4ndischen Verband ausgew\u00e4hlt und Teilnehmer an den Europameisterschaften.<\/li>\n<li><strong>Einzigartige 6-w\u00f6chige Testphase<\/strong>: Haben Sie nach dem Kauf Zweifel? Das Pferd kann innerhalb dieser Frist zur\u00fcckkehren. F\u00fcr die Bedingungen und Konditionen k\u00f6nnen Sie uns gerne kontaktieren.<\/li>\n<li><strong>Unsere verl\u00e4ssliche Garantie<\/strong>: \u00dcber die Probezeit hinaus garantieren wir Qualit\u00e4t und Versprechen. Gibt es Probleme? Wir garantieren eine L\u00f6sung.<\/li>\n<li><strong>Gesundheit geht vor<\/strong>: Unsere Friesenpferde sind gesund und f\u00fcr den Sport zugelassen. Erw\u00e4gen Sie einen Kauf? Eine erneute Pr\u00fcfung ist jederzeit m\u00f6glich.<\/li>\n<li><strong>Ein Expertenteam<\/strong>: Wir sind mehr als Ausbilder. Zu unserem Team geh\u00f6ren ein fest angestellter Pferdedoktor, ein Physiotherapeut, ein Zahnarzt und ein Hufschmied, die f\u00fcr die optimale Versorgung unserer Pferde sorgen.<\/li>\n<\/ol>\n","protected":false},"featured_media":11561,"comment_status":"closed","ping_status":"closed","template":"","meta":{"_et_pb_use_builder":"on","_et_pb_old_content":"<h3>(Yme 507 x Beart 411)<\/h3>\r\n<p class=\"p1\">Lernen Sie Oege kennen, einen beeindruckenden Hengst mit einer herausragenden Abstammung von Yme 507 x Beart 411. Seit seiner Ankunft in unserem Stall hat sich Oege zu einer wertvollen Bereicherung entwickelt, und wir sind besonders stolz auf seine Fortschritte.<\/p>\r\n<p class=\"p1\">Zurzeit geh\u00f6rt Oege zu den besten vierj\u00e4hrigen Friesenpferden. Er \u00fcbertrifft sogar die besseren KWPN-Pferde, und bei gro\u00dfen Wettbewerben erhalten wir immer wieder Lob von KWPN- und Friesen-Liebhabern, die betonen, wie besonders er ist. Auch internationale Richter sprechen uns regelm\u00e4\u00dfig auf Oege an, der eindeutig eine vielversprechende Zukunft vor sich hat.<\/p>\r\n<p class=\"p1\">Was Oege so einzigartig macht, ist nicht nur sein sch\u00f6nes, imposantes Erscheinungsbild, sondern auch sein ruhiges und freundliches Wesen. Er ist immer h\u00f6flich und respektvoll, sowohl gegen\u00fcber Menschen als auch anderen Pferden, was ihn bei allen beliebt macht, die mit ihm in Kontakt kommen.<\/p>\r\n<p class=\"p1\">In der Reitbahn kombiniert Oege Kraft und Eleganz in seinen Bewegungen. Seine geschmeidigen G\u00e4nge und seine nat\u00fcrliche Grazie zeigen sein enormes Potenzial. Obwohl wir weniger als ein Jahr mit ihm trainieren, erreicht er m\u00fchelos Punktzahlen zwischen 75 und 80%. Dies zeigt, dass sein Talent weiter wachsen wird.<\/p>\r\n<p class=\"p1\">Zusammen mit unserer talentierten Reiterin Zo\u00eb bildet Oege ein starkes Team. Ihre Zusammenarbeit und ihr gegenseitiges Vertrauen versprechen viel f\u00fcr die Zukunft. Wir freuen uns darauf, sie bei den gro\u00dfen Wettbewerben im Jahr 2024 gl\u00e4nzen zu sehen.<\/p>\r\n<p class=\"p1\">Neben seiner hervorragenden Beweglichkeit ist Oege auch ein unglaublich lieber Hengst, der f\u00fcr fast jeden Reiter geeignet ist. Er ist kerngesund, vollst\u00e4ndig gepr\u00fcft und in bester Sportkondition. Mit seinem au\u00dfergew\u00f6hnlich guten Charakter und seinen beeindruckenden Leistungen geh\u00f6rt Oege zur h\u00f6heren Preisklasse und hat eine vielversprechende Zukunft vor sich.<\/p>\r\n<strong>Spezifikationen<\/strong>:\r\n<ul>\r\n \t<li><strong>Geschlecht<\/strong>: Hengst<\/li>\r\n \t<li><strong>Geburtsdatum<\/strong>: 23-04-2020<\/li>\r\n \t<li><strong>Stockma\u00df<\/strong>: 1,63 m (mit einem Reiter von 1,80 m auf den Fotos)<\/li>\r\n \t<li><strong>Abstammung der Stute<\/strong>: 043<\/li>\r\n \t<li><strong>Niveau<\/strong>: L<\/li>\r\n \t<li><strong>Stammbuch<\/strong>: KFPS Nederland Ster<\/li>\r\n<\/ul>","_et_gb_content_width":"","inline_featured_image":false},"product_brand":[],"product_cat":[44],"product_tag":[],"class_list":{"0":"post-11549","1":"product","2":"type-product","3":"status-publish","4":"has-post-thumbnail","6":"product_cat-friesenhengst","8":"first","9":"instock","10":"shipping-taxable","11":"purchasable","12":"product-type-simple"},"_links":{"self":[{"href":"https:\/\/www.cayennestables.nl\/de\/wp-json\/wp\/v2\/product\/11549","targetHints":{"allow":["GET"]}}],"collection":[{"href":"https:\/\/www.cayennestables.nl\/de\/wp-json\/wp\/v2\/product"}],"about":[{"href":"https:\/\/www.cayennestables.nl\/de\/wp-json\/wp\/v2\/types\/product"}],"replies":[{"embeddable":true,"href":"https:\/\/www.cayennestables.nl\/de\/wp-json\/wp\/v2\/comments?post=11549"}],"wp:featuredmedia":[{"embeddable":true,"href":"https:\/\/www.cayennestables.nl\/de\/wp-json\/wp\/v2\/media\/11561"}],"wp:attachment":[{"href":"https:\/\/www.cayennestables.nl\/de\/wp-json\/wp\/v2\/media?parent=11549"}],"wp:term":[{"taxonomy":"product_brand","embeddable":true,"href":"https:\/\/www.cayennestables.nl\/de\/wp-json\/wp\/v2\/product_brand?post=11549"},{"taxonomy":"product_cat","embeddable":true,"href":"https:\/\/www.cayennestables.nl\/de\/wp-json\/wp\/v2\/product_cat?post=11549"},{"taxonomy":"product_tag","embeddable":true,"href":"https:\/\/www.cayennestables.nl\/de\/wp-json\/wp\/v2\/product_tag?post=11549"}],"curies":[{"name":"wp","href":"https:\/\/api.w.org\/{rel}","templated":true}]}}