{"id":9774,"date":"2024-09-17T13:15:39","date_gmt":"2024-09-17T11:15:39","guid":{"rendered":"https:\/\/www.cayennestables.nl\/?page_id=9774"},"modified":"2024-10-04T10:00:57","modified_gmt":"2024-10-04T08:00:57","slug":"kompletter-verkaufsservice-pferde","status":"publish","type":"page","link":"https:\/\/www.cayennestables.nl\/de\/kompletter-verkaufsservice-pferde\/","title":{"rendered":"Verkaufsservice f\u00fcr Pferde"},"content":{"rendered":"<p>[et_pb_section fb_built=&#8220;1&#8243; admin_label=&#8220;Hero Sectie&#8220; _builder_version=&#8220;4.20.4&#8243; _dynamic_attributes=&#8220;background_image&#8220; _module_preset=&#8220;default&#8220; background_image=&#8220;@ET-DC@eyJkeW5hbWljIjp0cnVlLCJjb250ZW50IjoicG9zdF9mZWF0dXJlZF9pbWFnZSIsInNldHRpbmdzIjp7fX0=@&#8220; custom_margin=&#8220;0px||0px||false|false&#8220; custom_padding=&#8220;0px||0px||false|false&#8220; locked=&#8220;off&#8220; collapsed=&#8220;off&#8220; global_colors_info=&#8220;{}&#8220;][et_pb_row _builder_version=&#8220;4.20.4&#8243; _module_preset=&#8220;default&#8220; width_tablet=&#8220;&#8220; width_phone=&#8220;94%&#8220; width_last_edited=&#8220;on|phone&#8220; module_alignment=&#8220;center&#8220; min_height_tablet=&#8220;600px&#8220; min_height_phone=&#8220;&#8220; min_height_last_edited=&#8220;on|phone&#8220; custom_margin=&#8220;0px||0px||false|false&#8220; custom_padding=&#8220;0px||2vh||false|false&#8220; global_colors_info=&#8220;{}&#8220;][et_pb_column type=&#8220;4_4&#8243; _builder_version=&#8220;4.20.4&#8243; _module_preset=&#8220;default&#8220; global_colors_info=&#8220;{}&#8220;][et_pb_text admin_label=&#8220;Titel pagina &#8211; automatisch ingevuld&#8220; _builder_version=&#8220;4.25.1&#8243; _dynamic_attributes=&#8220;content&#8220; _module_preset=&#8220;default&#8220; header_font=&#8220;Caliway||||||||&#8220; header_text_align=&#8220;center&#8220; header_text_color=&#8220;#FFFFFF&#8220; header_font_size=&#8220;60px&#8220; header_line_height=&#8220;1.5em&#8220; custom_margin=&#8220;34%||0px||false|false&#8220; custom_margin_tablet=&#8220;34%||0px||false|false&#8220; custom_margin_phone=&#8220;34%||||false|false&#8220; custom_margin_last_edited=&#8220;on|phone&#8220; custom_padding=&#8220;0px||0px||false|false&#8220; header_font_size_tablet=&#8220;60px&#8220; header_font_size_phone=&#8220;32px&#8220; header_font_size_last_edited=&#8220;on|phone&#8220; header_text_shadow_style=&#8220;preset1&#8243; global_colors_info=&#8220;{}&#8220;]@ET-DC@eyJkeW5hbWljIjp0cnVlLCJjb250ZW50IjoicG9zdF90aXRsZSIsInNldHRpbmdzIjp7ImJlZm9yZSI6IjxoMT4iLCJhZnRlciI6IjwvaDE+In19@[\/et_pb_text][\/et_pb_column][\/et_pb_row][\/et_pb_section][et_pb_section fb_built=&#8220;1&#8243; admin_label=&#8220;Intro&#8220; _builder_version=&#8220;4.27.0&#8243; _module_preset=&#8220;default&#8220; custom_margin=&#8220;0px||40px||false|false&#8220; custom_margin_last_edited=&#8220;off|desktop&#8220; custom_padding=&#8220;20px||40px||false|false&#8220; locked=&#8220;off&#8220; collapsed=&#8220;off&#8220; global_colors_info=&#8220;{}&#8220;][et_pb_row admin_label=&#8220;Breadcrumb &#8211; NIET AANPASSEN&#8220; _builder_version=&#8220;4.27.0&#8243; _module_preset=&#8220;default&#8220; custom_margin=&#8220;0px||20px||false|false&#8220; custom_padding=&#8220;0px||0px||false|false&#8220; global_module=&#8220;10639&#8243; saved_tabs=&#8220;all&#8220; locked=&#8220;off&#8220; collapsed=&#8220;off&#8220; global_colors_info=&#8220;{}&#8220;][et_pb_column type=&#8220;4_4&#8243; _builder_version=&#8220;4.20.4&#8243; _module_preset=&#8220;default&#8220; global_colors_info=&#8220;{}&#8220;][et_pb_text _builder_version=&#8220;4.20.4&#8243; _module_preset=&#8220;default&#8220; global_colors_info=&#8220;{}&#8220;]<\/p>\n<p>[rank_math_breadcrumb]<\/p>\n<p>[\/et_pb_text][\/et_pb_column][\/et_pb_row][et_pb_row column_structure=&#8220;2_5,3_5&#8243; use_custom_gutter=&#8220;on&#8220; gutter_width=&#8220;2&#8243; make_equal=&#8220;on&#8220; _builder_version=&#8220;4.27.0&#8243; _module_preset=&#8220;default&#8220; custom_margin=&#8220;0px||0px||false|false&#8220; custom_padding=&#8220;0px||0px||false|false&#8220; global_colors_info=&#8220;{}&#8220;][et_pb_column type=&#8220;2_5&#8243; _builder_version=&#8220;4.27.0&#8243; _module_preset=&#8220;default&#8220; global_colors_info=&#8220;{}&#8220;][et_pb_image src=&#8220;https:\/\/www.cayennestables.nl\/wp-content\/uploads\/Frans-HoutenDSC06612-Edit-scaled.jpg&#8220; title_text=&#8220;Frans HoutenDSC06612-Edit&#8220; _builder_version=&#8220;4.27.0&#8243; _module_preset=&#8220;default&#8220; custom_margin=&#8220;0px||0px||false|false&#8220; custom_padding=&#8220;6px|||||&#8220; global_colors_info=&#8220;{}&#8220;][\/et_pb_image][\/et_pb_column][et_pb_column type=&#8220;3_5&#8243; _builder_version=&#8220;4.27.0&#8243; _module_preset=&#8220;default&#8220; custom_css_main_element=&#8220;align-self: center;&#8220; global_colors_info=&#8220;{}&#8220;][et_pb_text _builder_version=&#8220;4.27.0&#8243; _module_preset=&#8220;default&#8220; link_font=&#8220;||||on||||&#8220; custom_margin=&#8220;0px||0px||false|false&#8220; custom_padding=&#8220;0px||||false|false&#8220; global_colors_info=&#8220;{}&#8220;]<\/p>\n<h2 class=\"sierlijk\">Kompletter Verkaufsservice &#8211; Wir Erledigen Alles<\/h2>\n<p>Der Verkauf eines Pferdes kann ein gro\u00dfer Schritt sein, und oft ist viel damit verbunden. Bei Cayenne Stables verstehen wir das und nehmen Ihnen gerne all diese Sorgen ab. Wir sorgen daf\u00fcr, dass Ihr Pferd die bestm\u00f6gliche Pflege erh\u00e4lt, professionell pr\u00e4sentiert wird und den richtigen neuen Besitzer findet, egal ob es sich um ein Sportpferd oder ein Freizeitpferd handelt.<\/p>\n<p>Ihr Pferd wird bei uns im Stall untergebracht, wo es t\u00e4glich ausgezeichnet gepflegt wird. Wir sorgen f\u00fcr die richtige F\u00fctterung, Bewegung und, falls erforderlich, ein passendes Training, um das Pferd optimal auf den Verkauf vorzubereiten. Zus\u00e4tzlich erstellen wir professionelle Fotos und Videos, um Ihr Pferd im besten Licht zu pr\u00e4sentieren. Durch unser umfangreiches Netzwerk seri\u00f6ser K\u00e4ufer, sowohl national als auch international, erh\u00f6hen wir die Chancen auf einen erfolgreichen Verkauf erheblich.<\/p>\n<p>Unser Verkaufsservice bietet eine vollst\u00e4ndige Begleitung von Anfang bis Ende, sodass Sie sich keine Sorgen um die Details des Prozesses machen m\u00fcssen. M\u00f6chten Sie mehr erfahren? <a href=\"https:\/\/www.cayennestables.nl\/de\/kontakt\/\">Nehmen Sie gerne Kontakt mit uns auf \u00fcber<\/a><a href=\"https:\/\/www.cayennestables.nl\/de\/kontakt\/\"> WhatsApp<\/a><a href=\"https:\/\/www.cayennestables.nl\/de\/kontakt\/\">, Telefon oder E-Mail.<\/a> Wir stehen bereit, Ihnen mit einem pers\u00f6nlichen und professionellen Ansatz zu helfen.<\/p>\n<p>[\/et_pb_text][\/et_pb_column][\/et_pb_row][\/et_pb_section][et_pb_section fb_built=&#8220;1&#8243; disabled_on=&#8220;on|on|on&#8220; admin_label=&#8220;Intro &#8211; OUD&#8220; _builder_version=&#8220;4.21.0&#8243; _module_preset=&#8220;default&#8220; custom_margin=&#8220;0px||5vh||false|false&#8220; custom_margin_tablet=&#8220;10vh||10vh||true|false&#8220; custom_margin_phone=&#8220;5vh||5vh||true|false&#8220; custom_margin_last_edited=&#8220;on|phone&#8220; custom_padding=&#8220;4vh||13px||false|false&#8220; disabled=&#8220;on&#8220; collapsed=&#8220;on&#8220; global_colors_info=&#8220;{}&#8220;][et_pb_row admin_label=&#8220;Brotkrume&#8220; _builder_version=&#8220;4.21.0&#8243; _module_preset=&#8220;default&#8220; custom_margin=&#8220;0px|auto|0vh|auto|false|false&#8220; custom_padding=&#8220;0px||0px||false|false&#8220; global_colors_info=&#8220;{}&#8220;][et_pb_column type=&#8220;4_4&#8243; _builder_version=&#8220;4.20.4&#8243; _module_preset=&#8220;default&#8220; global_colors_info=&#8220;{}&#8220;][et_pb_text _builder_version=&#8220;4.20.4&#8243; _module_preset=&#8220;default&#8220; global_colors_info=&#8220;{}&#8220;]<\/p>\n<p>[rank_math_breadcrumb]<\/p>\n<p>[\/et_pb_text][\/et_pb_column][\/et_pb_row][et_pb_row column_structure=&#8220;2_5,3_5&#8243; use_custom_gutter=&#8220;on&#8220; gutter_width=&#8220;2&#8243; _builder_version=&#8220;4.21.0&#8243; _module_preset=&#8220;default&#8220; custom_margin=&#8220;0px|auto|0px|auto|false|false&#8220; custom_padding=&#8220;0px||0px||false|false&#8220; global_colors_info=&#8220;{}&#8220;][et_pb_column type=&#8220;2_5&#8243; _builder_version=&#8220;4.20.4&#8243; _module_preset=&#8220;default&#8220; global_colors_info=&#8220;{}&#8220;][et_pb_image src=&#8220;https:\/\/www.cayennestables.nl\/wp-content\/uploads\/Frans-HoutenDSC06603-Edit-scaled.jpg&#8220; title_text=&#8220;Frans HoutenDSC06603-Edit&#8220; _builder_version=&#8220;4.27.0&#8243; _module_preset=&#8220;default&#8220; custom_margin=&#8220;22px|||-98px|false|false&#8220; custom_padding=&#8220;23px|||||&#8220; global_colors_info=&#8220;{}&#8220;][\/et_pb_image][\/et_pb_column][et_pb_column type=&#8220;3_5&#8243; _builder_version=&#8220;4.20.4&#8243; _module_preset=&#8220;default&#8220; global_colors_info=&#8220;{}&#8220;][et_pb_text _builder_version=&#8220;4.27.0&#8243; _module_preset=&#8220;default&#8220; global_colors_info=&#8220;{}&#8220;]<\/p>\n<h2 class=\"sierlijk\">Kompletter Verkaufsservice &#8211; Wir Erledigen Alles<\/h2>\n<p>Der Verkauf eines Pferdes kann ein gro\u00dfer Schritt sein, und oft ist viel damit verbunden. Bei Cayenne Stables verstehen wir das und nehmen Ihnen gerne all diese Sorgen ab. Wir sorgen daf\u00fcr, dass Ihr Pferd die bestm\u00f6gliche Pflege erh\u00e4lt, professionell pr\u00e4sentiert wird und den richtigen neuen Besitzer findet, egal ob es sich um ein Sportpferd oder ein Freizeitpferd handelt.<\/p>\n<p>Ihr Pferd wird bei uns im Stall untergebracht, wo es t\u00e4glich ausgezeichnet gepflegt wird. Wir sorgen f\u00fcr die richtige F\u00fctterung, Bewegung und, falls erforderlich, ein passendes Training, um das Pferd optimal auf den Verkauf vorzubereiten. Zus\u00e4tzlich erstellen wir professionelle Fotos und Videos, um Ihr Pferd im besten Licht zu pr\u00e4sentieren. Durch unser umfangreiches Netzwerk seri\u00f6ser K\u00e4ufer, sowohl national als auch international, erh\u00f6hen wir die Chancen auf einen erfolgreichen Verkauf erheblich.<\/p>\n<p><span style=\"font-size: 18px;\">Unser Verkaufsservice bietet eine vollst\u00e4ndige Begleitung von Anfang bis Ende, sodass Sie sich keine Sorgen um die Details des Prozesses machen m\u00fcssen. M\u00f6chten Sie mehr erfahren? <a href=\"https:\/\/www.cayennestables.nl\/de\/kontakt\/\">Nehmen Sie gerne Kontakt mit uns auf \u00fcber<\/a><\/span><a href=\"https:\/\/www.cayennestables.nl\/de\/kontakt\/\"> WhatsApp<\/a><span style=\"font-size: 18px;\"><a href=\"https:\/\/www.cayennestables.nl\/de\/kontakt\/\">, Telefon oder E-Mail.<\/a> Wir stehen bereit, Ihnen mit einem pers\u00f6nlichen und professionellen Ansatz zu helfen.<\/span><\/p>\n<p>[\/et_pb_text][\/et_pb_column][\/et_pb_row][\/et_pb_section][et_pb_section fb_built=&#8220;1&#8243; disabled_on=&#8220;on|on|on&#8220; admin_label=&#8220;Sectie Trainingen&#8220; _builder_version=&#8220;4.21.0&#8243; _module_preset=&#8220;default&#8220; background_color=&#8220;#E0CA99&#8243; min_height=&#8220;987.4px&#8220; custom_margin=&#8220;-43px||-194px|||&#8220; custom_padding=&#8220;6px||62px|||&#8220; disabled=&#8220;on&#8220; collapsed=&#8220;on&#8220; global_colors_info=&#8220;{}&#8220;][et_pb_row use_custom_gutter=&#8220;on&#8220; gutter_width=&#8220;2&#8243; _builder_version=&#8220;4.20.4&#8243; _module_preset=&#8220;default&#8220; custom_margin=&#8220;0px||0px||false|false&#8220; custom_padding=&#8220;0px||0px||false|false&#8220; global_colors_info=&#8220;{}&#8220;][et_pb_column type=&#8220;4_4&#8243; _builder_version=&#8220;4.20.4&#8243; _module_preset=&#8220;default&#8220; global_colors_info=&#8220;{}&#8220;][et_pb_text _builder_version=&#8220;4.27.0&#8243; _module_preset=&#8220;default&#8220; custom_padding=&#8220;33px|||||&#8220; global_colors_info=&#8220;{}&#8220;]<\/p>\n<h2>Unser Verkaufsservice f\u00fcr Alle, National und International<\/h2>\n<ol>\n<li><strong>Kennenlernen und Aufnahme:<\/strong> Unser Verkaufsprozess beginnt immer mit einem pers\u00f6nlichen Kennenlernen. Wir nehmen uns die Zeit, alle wichtigen Informationen \u00fcber Ihr Pferd zu sammeln, wie Charakter, Hintergrund und Ausbildungsstand. Dies kann pers\u00f6nlich, telefonisch oder per Videokonferenz erfolgen, je nach Ihren Vorlieben. Gemeinsam entwickeln wir eine Strategie, die perfekt zu Ihrem Pferd und dem idealen K\u00e4ufer passt.<\/li>\n<li><strong>Pflege und Unterbringung:<\/strong> Ihr Pferd erh\u00e4lt bei uns die beste Pflege, von der t\u00e4glichen Betreuung bis hin zum Training, falls erforderlich. Wir sorgen daf\u00fcr, dass sich Ihr Pferd wohlf\u00fchlt und gut auf den Verkauf vorbereitet ist. Unser erfahrenes Team passt die Pflege an die spezifischen Bed\u00fcrfnisse jedes Pferdes an, sodass es in bester Verfassung bleibt.<\/li>\n<li><strong>Individuelles Training:<\/strong> Jedes Pferd hat einzigartige Eigenschaften, und unsere ma\u00dfgeschneiderten Trainingsprogramme konzentrieren sich darauf, diese St\u00e4rken zu entwickeln. Ob Dressurausbildung oder Verhaltensbegleitung, wir sorgen daf\u00fcr, dass sich Ihr Pferd optimal pr\u00e4sentiert. Regelm\u00e4\u00dfige Updates, zum Beispiel per Video, halten Sie \u00fcber die Fortschritte auf dem Laufenden.<\/li>\n<li><strong>Professionelles Marketing und Pr\u00e4sentation:<\/strong> Die Art und Weise, wie ein Pferd pr\u00e4sentiert wird, ist entscheidend f\u00fcr einen erfolgreichen Verkauf. Wir erstellen professionelle Fotos und Videos, die Ihr Pferd von seiner besten Seite zeigen. Diese werden \u00fcber unser umfangreiches Netzwerk seri\u00f6ser K\u00e4ufer verbreitet, was die Sichtbarkeit Ihres Pferdes erh\u00f6ht.<\/li>\n<li><strong>Besichtigungen und Probereiten:<\/strong> Bei ernsthaftem Interesse organisieren wir Besichtigungen und Probereiten unter der Aufsicht unseres Teams. Wenn Sie oder der K\u00e4ufer nicht anwesend sein k\u00f6nnen, bieten wir virtuelle Besichtigungen an. Wir sorgen daf\u00fcr, dass potenzielle K\u00e4ufer ein vollst\u00e4ndiges und klares Bild von Ihrem Pferd erhalten.<\/li>\n<li><strong>Verkauf und Verhandlung:<\/strong> Sobald sich ein K\u00e4ufer entscheidet, Ihr Pferd zu kaufen, sorgen wir daf\u00fcr, dass die Verhandlungen reibungslos verlaufen. Wir \u00fcbernehmen die gesamte Kommunikation, erstellen den Kaufvertrag und k\u00fcmmern uns um die notwendigen Formalit\u00e4ten, wie tier\u00e4rztliche Untersuchungen. Wir machen den Verkaufsprozess f\u00fcr Sie so einfach wie m\u00f6glich.<\/li>\n<li><strong>Transport und Nachbetreuung:<\/strong> Nach dem Verkauf sorgen wir daf\u00fcr, dass der Transport Ihres Pferdes zum neuen Besitzer reibungslos verl\u00e4uft. Wir bieten sichere Transportl\u00f6sungen an und \u00fcberwachen die Logistik, sodass Ihr Pferd sicher an seinem neuen Ziel ankommt. Dar\u00fcber hinaus bieten wir Nachbetreuung an und stehen f\u00fcr Beratung zur Verf\u00fcgung, um den \u00dcbergang f\u00fcr Ihr Pferd so reibungslos wie m\u00f6glich zu gestalten.<\/li>\n<\/ol>\n<h2>Ihr Pferd, Ihr Verkauf: Zug\u00e4nglich und Sorglos<\/h2>\n<p>Bei Cayenne Stables stellen wir sicher, dass der Verkaufsprozess Ihres Pferdes zug\u00e4nglich und unkompliziert ist. Egal, ob Sie viel Erfahrung im Verkauf von Pferden haben oder dies Ihr erstes Mal ist, unser Team steht bereit, um Sie zu begleiten. Unser Verkaufsservice f\u00fcr Pferde ist pers\u00f6nlich, flexibel und auf Ihre Bed\u00fcrfnisse zugeschnitten, damit Sie sich w\u00e4hrend des gesamten Prozesses vollkommen wohlf\u00fchlen.<\/p>\n<p>[\/et_pb_text][\/et_pb_column][\/et_pb_row][\/et_pb_section][et_pb_section fb_built=&#8220;1&#8243; _builder_version=&#8220;4.27.0&#8243; _module_preset=&#8220;default&#8220; background_color=&#8220;#E0CA99&#8243; custom_margin=&#8220;0px||0px||false|false&#8220; custom_padding=&#8220;60px||60px||true|false&#8220; locked=&#8220;off&#8220; global_colors_info=&#8220;{}&#8220;][et_pb_row column_structure=&#8220;1_5,3_5,1_5&#8243; use_custom_gutter=&#8220;on&#8220; gutter_width=&#8220;2&#8243; make_equal=&#8220;on&#8220; disabled_on=&#8220;off|off|off&#8220; _builder_version=&#8220;4.27.0&#8243; _module_preset=&#8220;default&#8220; custom_margin=&#8220;20px||20px||true|false&#8220; custom_padding=&#8220;0px||0px||false|false&#8220; global_colors_info=&#8220;{}&#8220;][et_pb_column type=&#8220;1_5&#8243; _builder_version=&#8220;4.25.1&#8243; _module_preset=&#8220;default&#8220; global_colors_info=&#8220;{}&#8220;][\/et_pb_column][et_pb_column type=&#8220;3_5&#8243; _builder_version=&#8220;4.25.1&#8243; _module_preset=&#8220;default&#8220; global_colors_info=&#8220;{}&#8220;][et_pb_text _builder_version=&#8220;4.27.0&#8243; _module_preset=&#8220;default&#8220; link_font=&#8220;||||on||||&#8220; custom_margin=&#8220;0px||0px||false|false&#8220; custom_padding=&#8220;0px||0px||false|false&#8220; hover_enabled=&#8220;0&#8243; custom_css_main_element=&#8220;li {||  margin-bottom: 20px !important;||}&#8220; global_colors_info=&#8220;{}&#8220; sticky_enabled=&#8220;0&#8243;]<\/p>\n<h2>Unser Verkaufsservice f\u00fcr Alle, National und International<\/h2>\n<ol>\n<li><strong>Kennenlernen und Aufnahme:<\/strong><br \/>Unser Verkaufsprozess beginnt immer mit einem pers\u00f6nlichen Kennenlernen. Wir nehmen uns die Zeit, alle wichtigen Informationen \u00fcber Ihr Pferd zu sammeln, wie Charakter, Hintergrund und Ausbildungsstand. Dies kann pers\u00f6nlich, telefonisch oder per Videokonferenz erfolgen, je nach Ihren Vorlieben. Gemeinsam entwickeln wir eine Strategie, die perfekt zu Ihrem Pferd und dem idealen K\u00e4ufer passt.<\/li>\n<li><strong>Pflege und Unterbringung:<\/strong><br \/>Ihr Pferd erh\u00e4lt bei uns die beste Pflege, von der t\u00e4glichen Betreuung bis hin zum Training, falls erforderlich. Wir sorgen daf\u00fcr, dass sich Ihr Pferd wohlf\u00fchlt und gut auf den Verkauf vorbereitet ist. Unser erfahrenes Team passt die Pflege an die spezifischen Bed\u00fcrfnisse jedes Pferdes an, sodass es in bester Verfassung bleibt.<\/li>\n<li><strong>Individuelles Training:<\/strong><br \/>Jedes Pferd hat einzigartige Eigenschaften, und unsere ma\u00dfgeschneiderten Trainingsprogramme konzentrieren sich darauf, diese St\u00e4rken zu entwickeln. Ob Dressurausbildung oder Verhaltensbegleitung, wir sorgen daf\u00fcr, dass sich Ihr Pferd optimal pr\u00e4sentiert. Regelm\u00e4\u00dfige Updates, zum Beispiel per Video, halten Sie \u00fcber die Fortschritte auf dem Laufenden.<\/li>\n<li><strong>Professionelles Marketing und Pr\u00e4sentation:<\/strong><br \/>Die Art und Weise, wie ein Pferd pr\u00e4sentiert wird, ist entscheidend f\u00fcr einen erfolgreichen Verkauf. Wir erstellen professionelle Fotos und Videos, die Ihr Pferd von seiner besten Seite zeigen. Diese werden \u00fcber unser umfangreiches Netzwerk seri\u00f6ser K\u00e4ufer verbreitet, was die Sichtbarkeit Ihres Pferdes erh\u00f6ht.<\/li>\n<li><strong>Besichtigungen und Probereiten:<\/strong><br \/>Bei ernsthaftem Interesse organisieren wir Besichtigungen und Probereiten unter der Aufsicht unseres Teams. Wenn Sie oder der K\u00e4ufer nicht anwesend sein k\u00f6nnen, bieten wir virtuelle Besichtigungen an. Wir sorgen daf\u00fcr, dass potenzielle K\u00e4ufer ein vollst\u00e4ndiges und klares Bild von Ihrem Pferd erhalten.<\/li>\n<li><strong>Verkauf und Verhandlung:<\/strong><br \/>Sobald sich ein K\u00e4ufer entscheidet, Ihr Pferd zu kaufen, sorgen wir daf\u00fcr, dass die Verhandlungen reibungslos verlaufen. Wir \u00fcbernehmen die gesamte Kommunikation, erstellen den Kaufvertrag und k\u00fcmmern uns um die notwendigen Formalit\u00e4ten, wie tier\u00e4rztliche Untersuchungen. Wir machen den Verkaufsprozess f\u00fcr Sie so einfach wie m\u00f6glich.<\/li>\n<li><strong>Transport und Nachbetreuung:<\/strong><br \/>Nach dem Verkauf sorgen wir daf\u00fcr, dass der Transport Ihres Pferdes zum neuen Besitzer reibungslos verl\u00e4uft. Wir bieten sichere Transportl\u00f6sungen an und \u00fcberwachen die Logistik, sodass Ihr Pferd sicher an seinem neuen Ziel ankommt. Dar\u00fcber hinaus bieten wir Nachbetreuung an und stehen f\u00fcr Beratung zur Verf\u00fcgung, um den \u00dcbergang f\u00fcr Ihr Pferd so reibungslos wie m\u00f6glich zu gestalten.<\/li>\n<\/ol>\n<p>[\/et_pb_text][\/et_pb_column][et_pb_column type=&#8220;1_5&#8243; _builder_version=&#8220;4.25.1&#8243; _module_preset=&#8220;default&#8220; global_colors_info=&#8220;{}&#8220;][\/et_pb_column][\/et_pb_row][et_pb_row column_structure=&#8220;1_5,3_5,1_5&#8243; use_custom_gutter=&#8220;on&#8220; gutter_width=&#8220;2&#8243; make_equal=&#8220;on&#8220; disabled_on=&#8220;off|off|off&#8220; _builder_version=&#8220;4.27.0&#8243; _module_preset=&#8220;default&#8220; custom_margin=&#8220;0px||40px||false|false&#8220; custom_padding=&#8220;0px||0px||false|false&#8220; global_colors_info=&#8220;{}&#8220;][et_pb_column type=&#8220;1_5&#8243; _builder_version=&#8220;4.25.1&#8243; _module_preset=&#8220;default&#8220; global_colors_info=&#8220;{}&#8220;][\/et_pb_column][et_pb_column type=&#8220;3_5&#8243; _builder_version=&#8220;4.25.1&#8243; _module_preset=&#8220;default&#8220; global_colors_info=&#8220;{}&#8220;][et_pb_cta title=&#8220;Ihr Pferd, Ihr Verkauf: Zug\u00e4nglich und Sorglos&#8220; button_url=&#8220;@ET-DC@eyJkeW5hbWljIjp0cnVlLCJjb250ZW50IjoicG9zdF9saW5rX3VybF9wYWdlIiwic2V0dGluZ3MiOnsicG9zdF9pZCI6IjIwMSJ9fQ==@&#8220; button_text=&#8220;Kontaktieren Sie uns&#8220; _builder_version=&#8220;4.27.0&#8243; _dynamic_attributes=&#8220;button_url&#8220; _module_preset=&#8220;default&#8220; body_text_color=&#8220;#FFFFFF&#8220; body_link_font=&#8220;|||||||#FFFFFF|&#8220; body_link_text_color=&#8220;#FFFFFF&#8220; background_color=&#8220;#000000&#8243; custom_button=&#8220;on&#8220; button_text_color=&#8220;#000000&#8243; button_bg_color=&#8220;#C29634&#8243; button_use_icon=&#8220;off&#8220; button_alignment=&#8220;center&#8220; button_custom_margin=&#8220;0px||0px||false|false&#8220; button_custom_padding=&#8220;5px|10px|5px|10px|true|true&#8220; custom_margin=&#8220;20px||20px||true|false&#8220; custom_padding=&#8220;35px|35px|35px|35px|true|true&#8220; custom_padding_tablet=&#8220;30px|30px|30px|30px|true|true&#8220; custom_padding_phone=&#8220;20px|20px|20px|20px|true|true&#8220; custom_padding_last_edited=&#8220;on|phone&#8220; header_font_size_tablet=&#8220;24px&#8220; header_font_size_phone=&#8220;22px&#8220; header_font_size_last_edited=&#8220;on|tablet&#8220; border_radii=&#8220;on|5px|5px|5px|5px&#8220; box_shadow_style=&#8220;preset3&#8243; locked=&#8220;off&#8220; global_colors_info=&#8220;{}&#8220; button_bg_color__hover_enabled=&#8220;on|hover&#8220; button_bg_color__hover=&#8220;#FFFFFF&#8220; button_bg_enable_color__hover=&#8220;on&#8220; button_text_size__hover_enabled=&#8220;on|desktop&#8220; button_text_size__hover=&#8220;18px&#8220;]<\/p>\n<p>Bei Cayenne Stables stellen wir sicher, dass der Verkaufsprozess Ihres Pferdes zug\u00e4nglich und unkompliziert ist. Egal, ob Sie viel Erfahrung im Verkauf von Pferden haben oder dies Ihr erstes Mal ist, unser Team steht bereit, um Sie zu begleiten. Unser Verkaufsservice f\u00fcr Pferde ist pers\u00f6nlich, flexibel und auf Ihre Bed\u00fcrfnisse zugeschnitten, damit Sie sich w\u00e4hrend des gesamten Prozesses vollkommen wohlf\u00fchlen.<\/p>\n<p>[\/et_pb_cta][\/et_pb_column][et_pb_column type=&#8220;1_5&#8243; _builder_version=&#8220;4.25.1&#8243; _module_preset=&#8220;default&#8220; global_colors_info=&#8220;{}&#8220;][\/et_pb_column][\/et_pb_row][\/et_pb_section]<\/p>\n","protected":false},"excerpt":{"rendered":"<p>[rank_math_breadcrumb]Kompletter Verkaufsservice &#8211; Wir Erledigen Alles Der Verkauf eines Pferdes kann ein gro\u00dfer Schritt sein, und oft ist viel damit verbunden. Bei Cayenne Stables verstehen wir das und nehmen Ihnen gerne all diese Sorgen ab. Wir sorgen daf\u00fcr, dass Ihr Pferd die bestm\u00f6gliche Pflege erh\u00e4lt, professionell pr\u00e4sentiert wird und den richtigen neuen Besitzer findet, egal [&hellip;]<\/p>\n","protected":false},"author":2,"featured_media":8760,"parent":0,"menu_order":0,"comment_status":"closed","ping_status":"closed","template":"","meta":{"_et_pb_use_builder":"on","_et_pb_old_content":"","_et_gb_content_width":"","inline_featured_image":false,"footnotes":""},"class_list":["post-9774","page","type-page","status-publish","has-post-thumbnail","hentry"],"_links":{"self":[{"href":"https:\/\/www.cayennestables.nl\/de\/wp-json\/wp\/v2\/pages\/9774","targetHints":{"allow":["GET"]}}],"collection":[{"href":"https:\/\/www.cayennestables.nl\/de\/wp-json\/wp\/v2\/pages"}],"about":[{"href":"https:\/\/www.cayennestables.nl\/de\/wp-json\/wp\/v2\/types\/page"}],"author":[{"embeddable":true,"href":"https:\/\/www.cayennestables.nl\/de\/wp-json\/wp\/v2\/users\/2"}],"replies":[{"embeddable":true,"href":"https:\/\/www.cayennestables.nl\/de\/wp-json\/wp\/v2\/comments?post=9774"}],"version-history":[{"count":23,"href":"https:\/\/www.cayennestables.nl\/de\/wp-json\/wp\/v2\/pages\/9774\/revisions"}],"predecessor-version":[{"id":10646,"href":"https:\/\/www.cayennestables.nl\/de\/wp-json\/wp\/v2\/pages\/9774\/revisions\/10646"}],"wp:featuredmedia":[{"embeddable":true,"href":"https:\/\/www.cayennestables.nl\/de\/wp-json\/wp\/v2\/media\/8760"}],"wp:attachment":[{"href":"https:\/\/www.cayennestables.nl\/de\/wp-json\/wp\/v2\/media?parent=9774"}],"curies":[{"name":"wp","href":"https:\/\/api.w.org\/{rel}","templated":true}]}}