{"id":7941,"date":"2024-05-21T16:11:16","date_gmt":"2024-05-21T14:11:16","guid":{"rendered":"https:\/\/www.cayennestables.nl\/?page_id=7941"},"modified":"2024-05-30T14:54:03","modified_gmt":"2024-05-30T12:54:03","slug":"deckbedingungen","status":"publish","type":"page","link":"https:\/\/www.cayennestables.nl\/de\/deckbedingungen\/","title":{"rendered":"Deckbedingungen"},"content":{"rendered":"<p>[et_pb_section fb_built=&#8220;1&#8243; admin_label=&#8220;Hero Sectie&#8220; _builder_version=&#8220;4.20.4&#8243; _dynamic_attributes=&#8220;background_image&#8220; _module_preset=&#8220;default&#8220; background_image=&#8220;@ET-DC@eyJkeW5hbWljIjp0cnVlLCJjb250ZW50IjoicG9zdF9mZWF0dXJlZF9pbWFnZSIsInNldHRpbmdzIjp7fX0=@&#8220; custom_margin=&#8220;0px||0px||false|false&#8220; custom_padding=&#8220;0px||0px||false|false&#8220; locked=&#8220;off&#8220; global_colors_info=&#8220;{}&#8220;][et_pb_row _builder_version=&#8220;4.20.4&#8243; _module_preset=&#8220;default&#8220; width_tablet=&#8220;&#8220; width_phone=&#8220;94%&#8220; width_last_edited=&#8220;on|phone&#8220; module_alignment=&#8220;center&#8220; min_height_tablet=&#8220;600px&#8220; min_height_phone=&#8220;&#8220; min_height_last_edited=&#8220;on|phone&#8220; custom_margin=&#8220;0px||0px||false|false&#8220; custom_padding=&#8220;0px||2vh||false|false&#8220; global_colors_info=&#8220;{}&#8220;][et_pb_column type=&#8220;4_4&#8243; _builder_version=&#8220;4.20.4&#8243; _module_preset=&#8220;default&#8220; global_colors_info=&#8220;{}&#8220;][et_pb_text admin_label=&#8220;Titel pagina &#8211; automatisch ingevuld&#8220; _builder_version=&#8220;4.20.4&#8243; _dynamic_attributes=&#8220;content&#8220; _module_preset=&#8220;default&#8220; header_font=&#8220;Caliway||||||||&#8220; header_text_align=&#8220;center&#8220; header_text_color=&#8220;#FFFFFF&#8220; header_font_size=&#8220;60px&#8220; header_line_height=&#8220;1.5em&#8220; custom_margin=&#8220;34%||0px||false|false&#8220; custom_margin_tablet=&#8220;34%||0px||false|false&#8220; custom_margin_phone=&#8220;34%||||false|false&#8220; custom_margin_last_edited=&#8220;on|phone&#8220; custom_padding=&#8220;0px||0px||false|false&#8220; header_font_size_tablet=&#8220;60px&#8220; header_font_size_phone=&#8220;32px&#8220; header_font_size_last_edited=&#8220;on|phone&#8220; header_text_shadow_style=&#8220;preset1&#8243; global_colors_info=&#8220;{}&#8220;]@ET-DC@eyJkeW5hbWljIjp0cnVlLCJjb250ZW50IjoicG9zdF90aXRsZSIsInNldHRpbmdzIjp7ImJlZm9yZSI6IjxoMT4iLCJhZnRlciI6IjwvaDE+In19@[\/et_pb_text][et_pb_text disabled_on=&#8220;off|off|off&#8220; admin_label=&#8220;Cayenne Stables&#8220; _builder_version=&#8220;4.20.4&#8243; _module_preset=&#8220;default&#8220; header_font=&#8220;Caliway||||||||&#8220; header_text_align=&#8220;center&#8220; header_text_color=&#8220;#FFFFFF&#8220; header_font_size=&#8220;60px&#8220; header_2_font=&#8220;Aceh &#8211; Semi Bold|||on|||||&#8220; header_2_text_align=&#8220;center&#8220; header_2_font_size=&#8220;46px&#8220; header_2_font_size_tablet=&#8220;46px&#8220; header_2_font_size_phone=&#8220;28px&#8220; header_2_font_size_last_edited=&#8220;on|phone&#8220; header_text_shadow_style=&#8220;preset1&#8243; header_2_text_shadow_style=&#8220;preset1&#8243; global_colors_info=&#8220;{}&#8220;]<\/p>\n<h2>Cayenne stables<\/h2>\n<p>[\/et_pb_text][\/et_pb_column][\/et_pb_row][\/et_pb_section][et_pb_section fb_built=&#8220;1&#8243; _builder_version=&#8220;4.20.4&#8243; _module_preset=&#8220;default&#8220; custom_margin=&#8220;0px||10vh||false|false&#8220; custom_margin_tablet=&#8220;10vh||10vh||true|false&#8220; custom_margin_phone=&#8220;5vh||5vh||true|false&#8220; custom_margin_last_edited=&#8220;on|phone&#8220; custom_padding=&#8220;4vh||0px||false|false&#8220; global_colors_info=&#8220;{}&#8220;][et_pb_row admin_label=&#8220;Kr\u00fcmelpfad&#8220; _builder_version=&#8220;4.20.4&#8243; _module_preset=&#8220;default&#8220; custom_margin=&#8220;0px||3vh||false|false&#8220; custom_padding=&#8220;0px||0px||false|false&#8220; global_colors_info=&#8220;{}&#8220;][et_pb_column type=&#8220;4_4&#8243; _builder_version=&#8220;4.20.4&#8243; _module_preset=&#8220;default&#8220; global_colors_info=&#8220;{}&#8220;][et_pb_text _builder_version=&#8220;4.20.4&#8243; _module_preset=&#8220;default&#8220; global_colors_info=&#8220;{}&#8220;]<\/p>\n<p>[rank_math_breadcrumb]<\/p>\n<p>[\/et_pb_text][\/et_pb_column][\/et_pb_row][et_pb_row column_structure=&#8220;2_5,3_5&#8243; use_custom_gutter=&#8220;on&#8220; gutter_width=&#8220;2&#8243; _builder_version=&#8220;4.20.4&#8243; _module_preset=&#8220;default&#8220; custom_margin=&#8220;0px||0px||false|false&#8220; custom_padding=&#8220;0px||0px||false|false&#8220; global_colors_info=&#8220;{}&#8220;][et_pb_column type=&#8220;2_5&#8243; _builder_version=&#8220;4.20.4&#8243; _module_preset=&#8220;default&#8220; global_colors_info=&#8220;{}&#8220;][et_pb_image src=&#8220;https:\/\/www.cayennestables.nl\/wp-content\/uploads\/\/Cayenne-Stables-Logo.svg&#8220; alt=&#8220;Cayenne Stables &#8211; Friesenpferde&#8220; title_text=&#8220;Cayenne Stables &#8211; Friesenpferde&#8220; align=&#8220;center&#8220; _builder_version=&#8220;4.20.4&#8243; _module_preset=&#8220;default&#8220; background_color=&#8220;#000000&#8243; height=&#8220;400px&#8220; height_tablet=&#8220;400px&#8220; height_phone=&#8220;200px&#8220; height_last_edited=&#8220;on|phone&#8220; global_colors_info=&#8220;{}&#8220;][\/et_pb_image][\/et_pb_column][et_pb_column type=&#8220;3_5&#8243; _builder_version=&#8220;4.20.4&#8243; _module_preset=&#8220;default&#8220; global_colors_info=&#8220;{}&#8220;][et_pb_text _builder_version=&#8220;4.25.1&#8243; _module_preset=&#8220;default&#8220; text_font_size=&#8220;20px&#8220; link_font=&#8220;||||on||||&#8220; ol_font=&#8220;Aceh &#8211; Semi Bold||||||||&#8220; ol_font_size=&#8220;20px&#8220; header_2_font=&#8220;Aceh &#8211; Semi Bold||||||||&#8220; header_2_text_color=&#8220;#000000&#8243; header_2_font_size=&#8220;22px&#8220; header_2_line_height=&#8220;1.9em&#8220; custom_margin=&#8220;0vh||0px||false|false&#8220; custom_padding=&#8220;0px||0px||false|false&#8220; text_font_size_tablet=&#8220;24px&#8220; text_font_size_phone=&#8220;18px&#8220; text_font_size_last_edited=&#8220;on|phone&#8220; header_2_font_size_tablet=&#8220;&#8220; header_2_font_size_phone=&#8220;16px&#8220; header_2_font_size_last_edited=&#8220;on|phone&#8220; global_colors_info=&#8220;{}&#8220;]<\/p>\n<p><strong>Allgemeine Deckbedingungen Cayenne Stables<\/strong><\/p>\n<p><strong>Allgemein<\/strong><\/p>\n<ul>\n<li>Cayenne Stables ist 7 Tage die Woche von 07:00 \u2013 21:00 Uhr f\u00fcr Fragen und\/oder Bestellungen erreichbar.<\/li>\n<li>Unsere Hengste werden aktiv im Sport eingesetzt. Wir empfehlen, rechtzeitig zu erfragen, ob Wettk\u00e4mpfe geplant sind und ob der Hengst verf\u00fcgbar ist.<\/li>\n<li>Unsere Deckhengste entsprechen den Vorschriften und Richtlinien der niederl\u00e4ndischen Lebensmittel- und Warenbeh\u00f6rde (NVWA). Alle Hengste werden j\u00e4hrlich vor Beginn der Decksaison vollst\u00e4ndig untersucht, einschlie\u00dflich Tests auf CEM und EVA. Alle Hengste sind frei von Krankheiten und in perfekter Gesundheit.<\/li>\n<li>Durch die Bestellung und den Erhalt von Sperma erkl\u00e4rt sich der Stutenbesitzer mit unseren Deck- und Zahlungsbedingungen einverstanden.<\/li>\n<li>Bei Betrugsversuchen durch den Stutenbesitzer betr\u00e4gt die bedingungslose Strafe 5000,- \u20ac exklusive MwSt. pro Fall, abgesehen von den ebenfalls geschuldeten Deckgeb\u00fchren.<\/li>\n<\/ul>\n<p><strong>Sperma bestellen<\/strong><\/p>\n<ul>\n<li>Bestellen Sie vorzugsweise einen Tag im Voraus oder sp\u00e4testens vor 08:00 Uhr am gew\u00fcnschten Liefertag \u00fcber unsere Telefonnummer +31 6 8113 1407 oder per E-Mail an <a target=\"_new\" rel=\"noreferrer noopener\">info@cayennestables.nl<\/a>.<\/li>\n<li>Bei der ersten Besamung m\u00fcssen die richtigen Daten der Stute und des Eigent\u00fcmers angegeben werden. Kosten, die durch versp\u00e4tete \u00dcbermittlung von Stutendaten und Tr\u00e4chtigkeiten entstehen, gehen zu Lasten des Stutenbesitzers.<\/li>\n<li>Wenn Sperma f\u00fcr eine Embryotransplantation (ET) oder intrazytoplasmatische Spermieninjektion (ICSI) bestimmt ist, muss dies bei der ersten Bestellung angegeben werden.<\/li>\n<\/ul>\n<p><strong>Haftung<\/strong><\/p>\n<ul>\n<li>Cayenne Stables \u00fcbernimmt keine Haftung f\u00fcr Sch\u00e4den, Krankheiten (wie EVA\/CEM-Infektionen) oder Verletzungen an Menschen, Tieren oder Transportmitteln.<\/li>\n<\/ul>\n<p><strong>Versand<\/strong><\/p>\n<ul>\n<li>Der Transport wird von einem spezialisierten Kurier, Hippo Express, auf Kosten des Stutenbesitzers durchgef\u00fchrt.<\/li>\n<li>Es gilt ein Maximum von drei Sendungen von Sperma pro bestellter Deckung. Wenn die Stute nach drei Sendungen noch nicht tr\u00e4chtig ist, kann die n\u00e4chste Besamung gegen zus\u00e4tzliche Kosten bei uns im Stall erfolgen. Weitere Sendungen sind ebenfalls gegen zus\u00e4tzliche Kosten m\u00f6glich.<\/li>\n<\/ul>\n<p><strong>Registrierung<\/strong><\/p>\n<ul>\n<li>Cayenne Stables ist als Hengsthalter bei KWPN, KFPS und NRPS registriert.<\/li>\n<li>Nach vollst\u00e4ndiger Zahlung des Deckgeldes und aller sonstigen offenen Rechnungen und Kosten wird die Deckung bei den Zuchtb\u00fcchern eingetragen, bei denen der Hengst als Deckhengst eingetragen ist.<\/li>\n<li>Der Stutenbesitzer muss das Fohlen selbst beim Zuchtbuch \u00fcber die Website des betreffenden Zuchtbuchs anmelden.<\/li>\n<\/ul>\n<p><strong>Zahlungsbedingungen<\/strong><\/p>\n<p><strong><\/strong><\/p>\n<ul>\n<li>Das Deckgeld ist exklusive MwSt., Versandkosten, Zuchtbuch- und Abgabegeb\u00fchren.<\/li>\n<li>Die Rechnungsstellung des Deckgeldes und der zu diesem Zeitpunkt angefallenen Kosten erfolgt sp\u00e4testens zwei Wochen nach der ersten Sendung.<\/li>\n<li>Wir haben eine Zahlungsfrist von maximal 14 Tagen. Bei \u00dcberschreitung der Zahlungsfrist werden gesetzliche Mahn- und Inkassokosten in Rechnung gestellt.<\/li>\n<li>Stellt sich Ihre Stute 2024 als nicht tragend heraus und wird sie 2025 wieder bei uns vorgestellt, erhalten Sie 50% Rabatt auf das Deckgeld, sofern Sie 2024 das gesamte Deckgeld und alle sonstigen Kosten bezahlt haben. Dieser Rabatt gilt nur bei einer g\u00fcltigen tier\u00e4rztlichen Bescheinigung, die vor dem 1. Oktober eingereicht werden muss.<\/li>\n<\/ul>\n<p>[\/et_pb_text][\/et_pb_column][\/et_pb_row][\/et_pb_section]<\/p>\n","protected":false},"excerpt":{"rendered":"<p>Cayenne stables[rank_math_breadcrumb]Allgemeine Deckbedingungen Cayenne Stables Allgemein Cayenne Stables ist 7 Tage die Woche von 07:00 \u2013 21:00 Uhr f\u00fcr Fragen und\/oder Bestellungen erreichbar. Unsere Hengste werden aktiv im Sport eingesetzt. Wir empfehlen, rechtzeitig zu erfragen, ob Wettk\u00e4mpfe geplant sind und ob der Hengst verf\u00fcgbar ist. Unsere Deckhengste entsprechen den Vorschriften und Richtlinien der niederl\u00e4ndischen Lebensmittel- [&hellip;]<\/p>\n","protected":false},"author":1,"featured_media":641,"parent":0,"menu_order":0,"comment_status":"closed","ping_status":"open","template":"","meta":{"_et_pb_use_builder":"on","_et_pb_old_content":"","_et_gb_content_width":"","inline_featured_image":false,"footnotes":""},"class_list":["post-7941","page","type-page","status-publish","has-post-thumbnail","hentry"],"_links":{"self":[{"href":"https:\/\/www.cayennestables.nl\/de\/wp-json\/wp\/v2\/pages\/7941","targetHints":{"allow":["GET"]}}],"collection":[{"href":"https:\/\/www.cayennestables.nl\/de\/wp-json\/wp\/v2\/pages"}],"about":[{"href":"https:\/\/www.cayennestables.nl\/de\/wp-json\/wp\/v2\/types\/page"}],"author":[{"embeddable":true,"href":"https:\/\/www.cayennestables.nl\/de\/wp-json\/wp\/v2\/users\/1"}],"replies":[{"embeddable":true,"href":"https:\/\/www.cayennestables.nl\/de\/wp-json\/wp\/v2\/comments?post=7941"}],"version-history":[{"count":15,"href":"https:\/\/www.cayennestables.nl\/de\/wp-json\/wp\/v2\/pages\/7941\/revisions"}],"predecessor-version":[{"id":8238,"href":"https:\/\/www.cayennestables.nl\/de\/wp-json\/wp\/v2\/pages\/7941\/revisions\/8238"}],"wp:featuredmedia":[{"embeddable":true,"href":"https:\/\/www.cayennestables.nl\/de\/wp-json\/wp\/v2\/media\/641"}],"wp:attachment":[{"href":"https:\/\/www.cayennestables.nl\/de\/wp-json\/wp\/v2\/media?parent=7941"}],"curies":[{"name":"wp","href":"https:\/\/api.w.org\/{rel}","templated":true}]}}