{"id":748,"date":"2023-04-26T09:10:23","date_gmt":"2023-04-26T07:10:23","guid":{"rendered":"https:\/\/www.cayennestables.nl\/kontakt\/"},"modified":"2026-01-22T08:58:17","modified_gmt":"2026-01-22T07:58:17","slug":"kontakt","status":"publish","type":"page","link":"https:\/\/www.cayennestables.nl\/de\/kontakt\/","title":{"rendered":"Kontakt"},"content":{"rendered":"<p>[et_pb_section fb_built=&#8220;1&#8243; admin_label=&#8220;Hero Sectie&#8220; _builder_version=&#8220;4.20.4&#8243; _dynamic_attributes=&#8220;background_image&#8220; _module_preset=&#8220;default&#8220; background_image=&#8220;@ET-DC@eyJkeW5hbWljIjp0cnVlLCJjb250ZW50IjoicG9zdF9mZWF0dXJlZF9pbWFnZSIsInNldHRpbmdzIjp7fX0=@&#8220; custom_margin=&#8220;0px||0px||false|false&#8220; custom_padding=&#8220;0px||0px||false|false&#8220; locked=&#8220;off&#8220; global_colors_info=&#8220;{}&#8220;][et_pb_row _builder_version=&#8220;4.20.4&#8243; _module_preset=&#8220;default&#8220; width_tablet=&#8220;&#8220; width_phone=&#8220;94%&#8220; width_last_edited=&#8220;on|phone&#8220; module_alignment=&#8220;center&#8220; min_height_tablet=&#8220;600px&#8220; min_height_phone=&#8220;&#8220; min_height_last_edited=&#8220;on|phone&#8220; custom_margin=&#8220;0px||0px||false|false&#8220; custom_padding=&#8220;0px||2vh||false|false&#8220; global_colors_info=&#8220;{}&#8220;][et_pb_column type=&#8220;4_4&#8243; _builder_version=&#8220;4.20.4&#8243; _module_preset=&#8220;default&#8220; global_colors_info=&#8220;{}&#8220;][et_pb_text admin_label=&#8220;Titel pagina &#8211; automatisch ingevuld&#8220; _builder_version=&#8220;4.20.4&#8243; _dynamic_attributes=&#8220;content&#8220; _module_preset=&#8220;default&#8220; header_font=&#8220;Caliway||||||||&#8220; header_text_align=&#8220;center&#8220; header_text_color=&#8220;#FFFFFF&#8220; header_font_size=&#8220;60px&#8220; header_line_height=&#8220;1.5em&#8220; custom_margin=&#8220;34%||0px||false|false&#8220; custom_margin_tablet=&#8220;34%||0px||false|false&#8220; custom_margin_phone=&#8220;34%||||false|false&#8220; custom_margin_last_edited=&#8220;on|phone&#8220; custom_padding=&#8220;0px||0px||false|false&#8220; header_font_size_tablet=&#8220;60px&#8220; header_font_size_phone=&#8220;32px&#8220; header_font_size_last_edited=&#8220;on|phone&#8220; header_text_shadow_style=&#8220;preset1&#8243; global_colors_info=&#8220;{}&#8220;]@ET-DC@eyJkeW5hbWljIjp0cnVlLCJjb250ZW50IjoicG9zdF90aXRsZSIsInNldHRpbmdzIjp7ImJlZm9yZSI6IjxoMT4iLCJhZnRlciI6IjwvaDE+In19@[\/et_pb_text][\/et_pb_column][\/et_pb_row][\/et_pb_section][et_pb_section fb_built=&#8220;1&#8243; _builder_version=&#8220;4.20.4&#8243; _module_preset=&#8220;default&#8220; custom_margin=&#8220;0px||10vh||false|false&#8220; custom_margin_tablet=&#8220;10vh||10vh||true|false&#8220; custom_margin_phone=&#8220;5vh||5vh||true|false&#8220; custom_margin_last_edited=&#8220;on|phone&#8220; custom_padding=&#8220;4vh||0px||false|false&#8220; global_colors_info=&#8220;{}&#8220;][et_pb_row admin_label=&#8220;Kr\u00fcmelpfad&#8220; _builder_version=&#8220;4.20.4&#8243; _module_preset=&#8220;default&#8220; custom_margin=&#8220;0px||3vh||false|false&#8220; custom_padding=&#8220;0px||0px||false|false&#8220; global_colors_info=&#8220;{}&#8220;][et_pb_column type=&#8220;4_4&#8243; _builder_version=&#8220;4.20.4&#8243; _module_preset=&#8220;default&#8220; global_colors_info=&#8220;{}&#8220;][et_pb_text _builder_version=&#8220;4.20.4&#8243; _module_preset=&#8220;default&#8220; global_colors_info=&#8220;{}&#8220;]<\/p>\n<p>[rank_math_breadcrumb]<\/p>\n<p>[\/et_pb_text][\/et_pb_column][\/et_pb_row][et_pb_row column_structure=&#8220;2_5,3_5&#8243; use_custom_gutter=&#8220;on&#8220; gutter_width=&#8220;2&#8243; _builder_version=&#8220;4.20.4&#8243; _module_preset=&#8220;default&#8220; custom_margin=&#8220;0px||0px||false|false&#8220; custom_padding=&#8220;0px||0px||false|false&#8220; global_colors_info=&#8220;{}&#8220;][et_pb_column type=&#8220;2_5&#8243; _builder_version=&#8220;4.20.4&#8243; _module_preset=&#8220;default&#8220; global_colors_info=&#8220;{}&#8220;][et_pb_image src=&#8220;https:\/\/www.cayennestables.nl\/wp-content\/uploads\/IMG_0599-scaled-e1704287805282.jpeg&#8220; title_text=&#8220;IMG_0599&#8243; _builder_version=&#8220;4.23&#8243; _module_preset=&#8220;default&#8220; custom_padding=&#8220;2px|||||&#8220; global_colors_info=&#8220;{}&#8220;][\/et_pb_image][\/et_pb_column][et_pb_column type=&#8220;3_5&#8243; _builder_version=&#8220;4.20.4&#8243; _module_preset=&#8220;default&#8220; global_colors_info=&#8220;{}&#8220;][et_pb_text _builder_version=&#8220;4.27.5&#8243; _module_preset=&#8220;default&#8220; text_font_size=&#8220;20px&#8220; link_font=&#8220;||||on||||&#8220; header_2_font=&#8220;Aceh &#8211; Semi Bold||||||||&#8220; header_2_text_color=&#8220;#000000&#8243; header_2_line_height=&#8220;1.9em&#8220; custom_margin=&#8220;-5vh||0px||false|false&#8220; custom_padding=&#8220;0px||0px||false|false&#8220; hover_enabled=&#8220;0&#8243; text_font_size_tablet=&#8220;24px&#8220; text_font_size_phone=&#8220;18px&#8220; text_font_size_last_edited=&#8220;on|phone&#8220; header_2_font_size_tablet=&#8220;&#8220; header_2_font_size_phone=&#8220;16px&#8220; header_2_font_size_last_edited=&#8220;on|phone&#8220; global_colors_info=&#8220;{}&#8220; sticky_enabled=&#8220;0&#8243;]<\/p>\n<p><!-- GERMAN VERSION --><\/p>\n<section id=\"contact-de\">\n<h2>Kontakt &amp; Besuchsinformationen<\/h2>\n<p><strong>Wir sind t\u00e4glich von 09:00 bis 20:00 Uhr erreichbar.<\/strong><\/p>\n<p>Haben Sie Fragen oder m\u00f6chten Sie einen Besuch vereinbaren? Kontaktieren Sie uns gerne \u00fcber:<\/p>\n<ul>\n<li><strong>Telefon \/ WhatsApp:<\/strong> <a href=\"tel:+31681131407\">+31 6 8113 1407<\/a><\/li>\n<li><strong>E-Mail:<\/strong> <a href=\"mailto:info@cayennestables.nl\">info@cayennestables.nl<\/a><\/li>\n<\/ul>\n<h3>Postanschrift Cayenne Stables, <span style=\"font-size: 20px; color: #222222;\">Postfach 56907, <\/span><span style=\"font-size: 20px; color: #222222;\">1040 AX Amsterdam, <\/span><span style=\"font-size: 20px; color: #222222;\">Niederlande<\/span><\/h3>\n<h3>Besuche nur nach Terminvereinbarung<\/h3>\n<p>Wir hei\u00dfen Sie herzlich bei Cayenne Stables willkommen. Aufgrund unseres spezialisierten Trainingsprogramms empfangen wir Besucher ausschlie\u00dflich nach Terminvereinbarung.<br \/>So k\u00f6nnen wir unsere Planung optimal abstimmen und Ihnen eine pers\u00f6nliche Betreuung bieten.<\/p>\n<p>Unsere Trainingsstandorte befinden sich in:<\/p>\n<ul>\n<li>Aalsmeer<\/li>\n<li>Zuid-Beijerland<\/li>\n<li>Waverveen<\/li>\n<\/ul>\n<p>Unsere Pferde trainieren nach individuellen Trainingspl\u00e4nen. Wir bitten Sie daher freundlich, Ihren Besuch vorab anzuk\u00fcndigen,<br \/>damit wir alles bestm\u00f6glich vorbereiten k\u00f6nnen.<\/p>\n<p><strong>Vielen Dank f\u00fcr Ihr Verst\u00e4ndnis \u2014 wir freuen uns darauf, Sie kennenzulernen!<\/strong><\/p>\n<\/section>\n<p>[\/et_pb_text][et_pb_text _builder_version=&#8220;4.21.0&#8243; _module_preset=&#8220;default&#8220; text_font_size=&#8220;20px&#8220; header_2_font=&#8220;Aceh &#8211; Semi Bold||||||||&#8220; header_2_text_color=&#8220;#000000&#8243; custom_margin=&#8220;2vh||0px||false|false&#8220; custom_padding=&#8220;0px||0px||false|false&#8220; text_font_size_tablet=&#8220;24px&#8220; text_font_size_phone=&#8220;18px&#8220; text_font_size_last_edited=&#8220;on|phone&#8220; header_2_font_size_tablet=&#8220;&#8220; header_2_font_size_phone=&#8220;16px&#8220; header_2_font_size_last_edited=&#8220;on|phone&#8220; global_colors_info=&#8220;{}&#8220;]<\/p>\n<h2>Folgen Sie uns<\/h2>\n<p>[\/et_pb_text][et_pb_social_media_follow icon_color=&#8220;#000000&#8243; use_icon_font_size=&#8220;on&#8220; icon_font_size=&#8220;22px&#8220; _builder_version=&#8220;4.25.1&#8243; _module_preset=&#8220;default&#8220; background_color=&#8220;RGBA(255,255,255,0)&#8220; custom_margin=&#8220;0px||0px||false|false&#8220; custom_padding=&#8220;0px||0px||false|false&#8220; global_colors_info=&#8220;{}&#8220;][et_pb_social_media_follow_network social_network=&#8220;facebook&#8220; url=&#8220;https:\/\/www.facebook.com\/cayennestablesbv\/&#8220; _builder_version=&#8220;4.22.1&#8243; _module_preset=&#8220;default&#8220; background_color=&#8220;RGBA(255,255,255,0)&#8220; background_enable_color=&#8220;on&#8220; global_colors_info=&#8220;{}&#8220; follow_button=&#8220;off&#8220; url_new_window=&#8220;on&#8220;]facebook[\/et_pb_social_media_follow_network][et_pb_social_media_follow_network social_network=&#8220;instagram&#8220; url=&#8220;https:\/\/www.instagram.com\/cayennestables\/&#8220; _builder_version=&#8220;4.25.1&#8243; _module_preset=&#8220;default&#8220; background_color=&#8220;RGBA(255,255,255,0)&#8220; background_enable_color=&#8220;on&#8220; global_colors_info=&#8220;{}&#8220; follow_button=&#8220;off&#8220; url_new_window=&#8220;on&#8220;]instagram[\/et_pb_social_media_follow_network][et_pb_social_media_follow_network social_network=&#8220;youtube&#8220; url=&#8220;https:\/\/www.youtube.com\/@CayenneStables&#8220; _builder_version=&#8220;4.21.0&#8243; _module_preset=&#8220;default&#8220; background_color=&#8220;RGBA(255,255,255,0)&#8220; background_enable_color=&#8220;on&#8220; global_colors_info=&#8220;{}&#8220; follow_button=&#8220;off&#8220; url_new_window=&#8220;on&#8220;]youtube[\/et_pb_social_media_follow_network][\/et_pb_social_media_follow][\/et_pb_column][\/et_pb_row][\/et_pb_section]<\/p>\n","protected":false},"excerpt":{"rendered":"<p>[rank_math_breadcrumb] Kontakt &amp; Besuchsinformationen Wir sind t\u00e4glich von 09:00 bis 20:00 Uhr erreichbar. Haben Sie Fragen oder m\u00f6chten Sie einen Besuch vereinbaren? Kontaktieren Sie uns gerne \u00fcber: Telefon \/ WhatsApp: +31 6 8113 1407 E-Mail: info@cayennestables.nl Postanschrift Cayenne Stables, Postfach 56907, 1040 AX Amsterdam, Niederlande Besuche nur nach Terminvereinbarung Wir hei\u00dfen Sie herzlich bei Cayenne [&hellip;]<\/p>\n","protected":false},"author":1,"featured_media":641,"parent":0,"menu_order":0,"comment_status":"closed","ping_status":"open","template":"","meta":{"_et_pb_use_builder":"on","_et_pb_old_content":"","_et_gb_content_width":"","inline_featured_image":false,"footnotes":""},"class_list":["post-748","page","type-page","status-publish","has-post-thumbnail","hentry"],"_links":{"self":[{"href":"https:\/\/www.cayennestables.nl\/de\/wp-json\/wp\/v2\/pages\/748","targetHints":{"allow":["GET"]}}],"collection":[{"href":"https:\/\/www.cayennestables.nl\/de\/wp-json\/wp\/v2\/pages"}],"about":[{"href":"https:\/\/www.cayennestables.nl\/de\/wp-json\/wp\/v2\/types\/page"}],"author":[{"embeddable":true,"href":"https:\/\/www.cayennestables.nl\/de\/wp-json\/wp\/v2\/users\/1"}],"replies":[{"embeddable":true,"href":"https:\/\/www.cayennestables.nl\/de\/wp-json\/wp\/v2\/comments?post=748"}],"version-history":[{"count":36,"href":"https:\/\/www.cayennestables.nl\/de\/wp-json\/wp\/v2\/pages\/748\/revisions"}],"predecessor-version":[{"id":12975,"href":"https:\/\/www.cayennestables.nl\/de\/wp-json\/wp\/v2\/pages\/748\/revisions\/12975"}],"wp:featuredmedia":[{"embeddable":true,"href":"https:\/\/www.cayennestables.nl\/de\/wp-json\/wp\/v2\/media\/641"}],"wp:attachment":[{"href":"https:\/\/www.cayennestables.nl\/de\/wp-json\/wp\/v2\/media?parent=748"}],"curies":[{"name":"wp","href":"https:\/\/api.w.org\/{rel}","templated":true}]}}