{"id":7046,"date":"2024-03-15T12:19:05","date_gmt":"2024-03-15T11:19:05","guid":{"rendered":"https:\/\/www.cayennestables.nl\/cookie-richtlinie-eu\/"},"modified":"2025-03-05T15:39:04","modified_gmt":"2025-03-05T14:39:04","slug":"cookie-richtlinie-eu","status":"publish","type":"page","link":"https:\/\/www.cayennestables.nl\/de\/cookie-richtlinie-eu\/","title":{"rendered":"Cookie-Richtlinie (EU)"},"content":{"rendered":"<p>[et_pb_section fb_built=&#8220;1&#8243; admin_label=&#8220;section&#8220; _builder_version=&#8220;4.16&#8243; global_colors_info=&#8220;{}&#8220;][et_pb_row admin_label=&#8220;row&#8220; _builder_version=&#8220;4.16&#8243; background_size=&#8220;initial&#8220; background_position=&#8220;top_left&#8220; background_repeat=&#8220;repeat&#8220; global_colors_info=&#8220;{}&#8220;][et_pb_column type=&#8220;4_4&#8243; _builder_version=&#8220;4.16&#8243; custom_padding=&#8220;|||&#8220; global_colors_info=&#8220;{}&#8220; custom_padding__hover=&#8220;|||&#8220;][et_pb_text admin_label=&#8220;Text&#8220; _builder_version=&#8220;4.27.4&#8243; background_size=&#8220;initial&#8220; background_position=&#8220;top_left&#8220; background_repeat=&#8220;repeat&#8220; global_colors_info=&#8220;{}&#8220;]<\/p>\n<p class=\"p1\"><b>Cookie-Richtlinie \u2013 Cayenne Stables<\/b><b><\/b><\/p>\n<p class=\"p2\">Zuletzt aktualisiert: 05-03-2025<\/p>\n<p class=\"p3\">\n<p class=\"p4\"><b>Was sind Cookies?<\/b><b><\/b><\/p>\n<p class=\"p3\">\n<p class=\"p2\">Cookies sind kleine Textdateien, die auf Ihrem Ger\u00e4t (Computer, Smartphone, Tablet) gespeichert werden, wenn Sie unsere Website besuchen. Sie helfen dabei, die Website ordnungsgem\u00e4\u00df funktionieren zu lassen und k\u00f6nnen auch f\u00fcr Analyse- oder Marketingzwecke verwendet werden.<\/p>\n<p class=\"p3\">\n<p class=\"p4\"><b>2. Welche Cookies verwenden wir?<\/b><b><\/b><\/p>\n<p class=\"p5\"><span class=\"s1\"><span class=\"Apple-tab-span\"> <\/span>1.<span class=\"Apple-tab-span\"> <\/span><\/span><b>Funktionale Cookies<\/b><b><\/b><\/p>\n<p class=\"p2\">Diese Cookies sind f\u00fcr das Funktionieren der Website unerl\u00e4sslich. Ohne sie k\u00f6nnte die Website nicht richtig funktionieren. F\u00fcr diese Cookies ist keine Einwilligung erforderlich.<\/p>\n<p class=\"p5\"><span class=\"s1\"><span class=\"Apple-tab-span\"> <\/span>2.<span class=\"Apple-tab-span\"> <\/span><\/span><b>Analytische Cookies<\/b><b><\/b><\/p>\n<p class=\"p2\">Diese Cookies sammeln (vorzugsweise anonymisierte) Daten \u00fcber die Nutzung unserer Website. Damit k\u00f6nnen wir unsere Seite verbessern. Wenn diese Cookies personenbezogene Daten (z. B. IP-Adressen) erfassen, fragen wir zuvor nach Ihrer Zustimmung.<\/p>\n<p class=\"p5\"><span class=\"s1\"><span class=\"Apple-tab-span\"> <\/span>3.<span class=\"Apple-tab-span\"> <\/span><\/span><b>Marketing- oder Tracking-Cookies<\/b><\/p>\n<p class=\"p2\">Diese Cookies verfolgen Ihr Surfverhalten und k\u00f6nnen f\u00fcr personalisierte Werbung oder andere kommerzielle Nachrichten verwendet werden. Sie werden nur gesetzt, wenn Sie ausdr\u00fccklich zustimmen.<\/p>\n<p class=\"p3\">\n<p class=\"p4\"><b>Einwilligung und Verwaltung von Cookies<\/b><b><\/b><\/p>\n<p class=\"p6\"><span class=\"Apple-tab-span\"> <\/span>\u2022<span class=\"Apple-tab-span\"> <\/span>Beim ersten Besuch unserer Website werden Sie in einem Hinweis (Cookie-Banner) um Ihre Zustimmung zu nicht erforderlichen Cookies gebeten.<\/p>\n<p class=\"p6\"><span class=\"Apple-tab-span\"> <\/span>\u2022<span class=\"Apple-tab-span\"> <\/span>Sie k\u00f6nnen Cookies jederzeit \u00fcber Ihre Browsereinstellungen verwalten oder l\u00f6schen. Weitere Informationen finden Sie in der Hilfe-Funktion Ihres Browsers oder im Handbuch.<\/p>\n<p class=\"p3\">\n<p class=\"p4\"><b>Dritte und Daten\u00fcbermittlung<\/b><b><\/b><\/p>\n<p class=\"p2\">Sollten wir Dienste Dritter nutzen (z. B. Analysetools oder eingebettete Videos), k\u00f6nnen diese Drittanbieter Cookies setzen. Wir w\u00e4hlen unsere Partner sorgf\u00e4ltig aus und schlie\u00dfen bei Bedarf Auftragsverarbeitungsvertr\u00e4ge ab. Sofern Daten in L\u00e4nder au\u00dferhalb des Europ\u00e4ischen Wirtschaftsraums \u00fcbermittelt werden, ergreifen wir geeignete Ma\u00dfnahmen zum Schutz Ihrer Privatsph\u00e4re.<\/p>\n<p class=\"p4\"><b>Aufbewahrungsdauer<\/b><b><\/b><\/p>\n<p class=\"p2\">Cookies haben unterschiedliche Aufbewahrungszeitr\u00e4ume. Einige werden gel\u00f6scht, sobald Sie den Browser schlie\u00dfen, w\u00e4hrend andere (z. B. bestimmte analytische Cookies) l\u00e4nger gespeichert bleiben k\u00f6nnen. \u00dcberpr\u00fcfen Sie die Einstellungen Ihres Browsers, um mehr \u00fcber die genaue Aufbewahrungsdauer zu erfahren.<\/p>\n<p class=\"p4\"><b>\u00c4nderungen dieser Richtlinie<\/b><b><\/b><\/p>\n<p class=\"p2\">Wir k\u00f6nnen diese Cookie-Richtlinie von Zeit zu Zeit aktualisieren. Die jeweils aktuelle Version finden Sie immer auf dieser Seite. Bitte besuchen Sie diese Seite regelm\u00e4\u00dfig, um sich \u00fcber eventuelle \u00c4nderungen zu informieren.<\/p>\n<p class=\"p4\"><b>Kontakt<\/b><b><\/b><\/p>\n<p class=\"p2\">Wenn Sie Fragen zu dieser Cookie-Richtlinie haben oder mehr dar\u00fcber erfahren m\u00f6chten, wie wir mit personenbezogenen Daten umgehen, kontaktieren Sie uns bitte:<\/p>\n<p class=\"p3\">\n<p class=\"p1\"><b>Cayenne Stables<br \/><\/b><b><\/b>E-Mail: <a href=\"mailto:info@cayennestables.nl\">info@cayennestables.nl<\/a><\/p>\n<p>&nbsp;<\/p>\n<p>[\/et_pb_text][\/et_pb_column][\/et_pb_row][\/et_pb_section]<\/p>\n","protected":false},"excerpt":{"rendered":"<p>Cookie-Richtlinie \u2013 Cayenne Stables Zuletzt aktualisiert: 05-03-2025 Was sind Cookies? Cookies sind kleine Textdateien, die auf Ihrem Ger\u00e4t (Computer, Smartphone, Tablet) gespeichert werden, wenn Sie unsere Website besuchen. Sie helfen dabei, die Website ordnungsgem\u00e4\u00df funktionieren zu lassen und k\u00f6nnen auch f\u00fcr Analyse- oder Marketingzwecke verwendet werden. 2. Welche Cookies verwenden wir? 1. Funktionale Cookies Diese [&hellip;]<\/p>\n","protected":false},"author":1,"featured_media":0,"parent":0,"menu_order":0,"comment_status":"closed","ping_status":"closed","template":"","meta":{"_et_pb_use_builder":"on","_et_pb_old_content":"","_et_gb_content_width":"","inline_featured_image":false,"footnotes":""},"class_list":["post-7046","page","type-page","status-publish","hentry"],"_links":{"self":[{"href":"https:\/\/www.cayennestables.nl\/de\/wp-json\/wp\/v2\/pages\/7046","targetHints":{"allow":["GET"]}}],"collection":[{"href":"https:\/\/www.cayennestables.nl\/de\/wp-json\/wp\/v2\/pages"}],"about":[{"href":"https:\/\/www.cayennestables.nl\/de\/wp-json\/wp\/v2\/types\/page"}],"author":[{"embeddable":true,"href":"https:\/\/www.cayennestables.nl\/de\/wp-json\/wp\/v2\/users\/1"}],"replies":[{"embeddable":true,"href":"https:\/\/www.cayennestables.nl\/de\/wp-json\/wp\/v2\/comments?post=7046"}],"version-history":[{"count":3,"href":"https:\/\/www.cayennestables.nl\/de\/wp-json\/wp\/v2\/pages\/7046\/revisions"}],"predecessor-version":[{"id":11753,"href":"https:\/\/www.cayennestables.nl\/de\/wp-json\/wp\/v2\/pages\/7046\/revisions\/11753"}],"wp:attachment":[{"href":"https:\/\/www.cayennestables.nl\/de\/wp-json\/wp\/v2\/media?parent=7046"}],"curies":[{"name":"wp","href":"https:\/\/api.w.org\/{rel}","templated":true}]}}