{"id":3326,"date":"2023-07-31T10:28:13","date_gmt":"2023-07-31T08:28:13","guid":{"rendered":"https:\/\/www.cayennestables.nl\/?page_id=3326"},"modified":"2024-11-03T09:18:19","modified_gmt":"2024-11-03T08:18:19","slug":"pferdekaufvermittlung","status":"publish","type":"page","link":"https:\/\/www.cayennestables.nl\/de\/pferdekaufvermittlung\/","title":{"rendered":"Pferdekaufvermittlung"},"content":{"rendered":"<p>[et_pb_section fb_built=&#8220;1&#8243; admin_label=&#8220;Hero Sectie&#8220; _builder_version=&#8220;4.20.4&#8243; _dynamic_attributes=&#8220;background_image&#8220; _module_preset=&#8220;default&#8220; background_image=&#8220;@ET-DC@eyJkeW5hbWljIjp0cnVlLCJjb250ZW50IjoicG9zdF9mZWF0dXJlZF9pbWFnZSIsInNldHRpbmdzIjp7fX0=@&#8220; custom_margin=&#8220;0px||0px||false|false&#8220; custom_padding=&#8220;0px||0px||false|false&#8220; locked=&#8220;off&#8220; collapsed=&#8220;off&#8220; global_colors_info=&#8220;{}&#8220;][et_pb_row _builder_version=&#8220;4.20.4&#8243; _module_preset=&#8220;default&#8220; width_tablet=&#8220;&#8220; width_phone=&#8220;94%&#8220; width_last_edited=&#8220;on|phone&#8220; module_alignment=&#8220;center&#8220; min_height_tablet=&#8220;600px&#8220; min_height_phone=&#8220;&#8220; min_height_last_edited=&#8220;on|phone&#8220; custom_margin=&#8220;0px||0px||false|false&#8220; custom_padding=&#8220;0px||2vh||false|false&#8220; global_colors_info=&#8220;{}&#8220;][et_pb_column type=&#8220;4_4&#8243; _builder_version=&#8220;4.20.4&#8243; _module_preset=&#8220;default&#8220; global_colors_info=&#8220;{}&#8220;][et_pb_text admin_label=&#8220;Titel pagina &#8211; automatisch ingevuld&#8220; _builder_version=&#8220;4.25.1&#8243; _dynamic_attributes=&#8220;content&#8220; _module_preset=&#8220;default&#8220; header_font=&#8220;Caliway||||||||&#8220; header_text_align=&#8220;center&#8220; header_text_color=&#8220;#FFFFFF&#8220; header_font_size=&#8220;60px&#8220; header_line_height=&#8220;1.5em&#8220; custom_margin=&#8220;34%||0px||false|false&#8220; custom_margin_tablet=&#8220;34%||0px||false|false&#8220; custom_margin_phone=&#8220;34%||||false|false&#8220; custom_margin_last_edited=&#8220;on|phone&#8220; custom_padding=&#8220;0px||0px||false|false&#8220; header_font_size_tablet=&#8220;60px&#8220; header_font_size_phone=&#8220;32px&#8220; header_font_size_last_edited=&#8220;on|phone&#8220; header_text_shadow_style=&#8220;preset1&#8243; global_colors_info=&#8220;{}&#8220;]@ET-DC@eyJkeW5hbWljIjp0cnVlLCJjb250ZW50IjoicG9zdF90aXRsZSIsInNldHRpbmdzIjp7ImJlZm9yZSI6IjxoMT4iLCJhZnRlciI6IjwvaDE+In19@[\/et_pb_text][\/et_pb_column][\/et_pb_row][\/et_pb_section][et_pb_section fb_built=&#8220;1&#8243; admin_label=&#8220;Intro&#8220; _builder_version=&#8220;4.27.0&#8243; _module_preset=&#8220;default&#8220; custom_margin=&#8220;0px||40px||false|false&#8220; custom_margin_last_edited=&#8220;off|desktop&#8220; custom_padding=&#8220;20px||40px||false|false&#8220; locked=&#8220;off&#8220; collapsed=&#8220;off&#8220; global_colors_info=&#8220;{}&#8220;][et_pb_row admin_label=&#8220;Breadcrumb &#8211; NIET AANPASSEN&#8220; _builder_version=&#8220;4.27.0&#8243; _module_preset=&#8220;default&#8220; custom_margin=&#8220;0px||20px||false|false&#8220; custom_padding=&#8220;0px||0px||false|false&#8220; global_module=&#8220;10639&#8243; saved_tabs=&#8220;all&#8220; locked=&#8220;off&#8220; collapsed=&#8220;off&#8220; global_colors_info=&#8220;{}&#8220;][et_pb_column type=&#8220;4_4&#8243; _builder_version=&#8220;4.20.4&#8243; _module_preset=&#8220;default&#8220; global_colors_info=&#8220;{}&#8220;][et_pb_text _builder_version=&#8220;4.20.4&#8243; _module_preset=&#8220;default&#8220; global_colors_info=&#8220;{}&#8220;]<\/p>\n<p>[rank_math_breadcrumb]<\/p>\n<p>[\/et_pb_text][\/et_pb_column][\/et_pb_row][et_pb_row column_structure=&#8220;2_5,3_5&#8243; use_custom_gutter=&#8220;on&#8220; gutter_width=&#8220;2&#8243; make_equal=&#8220;on&#8220; _builder_version=&#8220;4.27.0&#8243; _module_preset=&#8220;default&#8220; custom_margin=&#8220;0px||0px||false|false&#8220; custom_padding=&#8220;0px||0px||false|false&#8220; global_colors_info=&#8220;{}&#8220;][et_pb_column type=&#8220;2_5&#8243; _builder_version=&#8220;4.27.0&#8243; _module_preset=&#8220;default&#8220; global_colors_info=&#8220;{}&#8220;][et_pb_image src=&#8220;https:\/\/www.cayennestables.nl\/wp-content\/uploads\/538A1840-scaled.jpg&#8220; alt=&#8220;Cayenne Stables &#8220; title_text=&#8220;538A1840&#8243; _builder_version=&#8220;4.27.0&#8243; _module_preset=&#8220;default&#8220; custom_margin=&#8220;17px||||false|false&#8220; custom_padding=&#8220;0px|||||&#8220; global_colors_info=&#8220;{}&#8220;][\/et_pb_image][\/et_pb_column][et_pb_column type=&#8220;3_5&#8243; _builder_version=&#8220;4.27.0&#8243; _module_preset=&#8220;default&#8220; custom_css_main_element=&#8220;align-self: center;&#8220; global_colors_info=&#8220;{}&#8220;][et_pb_text _builder_version=&#8220;4.27.0&#8243; _module_preset=&#8220;default&#8220; link_font=&#8220;||||on||||&#8220; custom_margin=&#8220;0px||0px||false|false&#8220; custom_padding=&#8220;0px||||false|false&#8220; global_colors_info=&#8220;{}&#8220;]<\/p>\n<h2>Finde Dein Ideales Pferd<\/h2>\n<p class=\"p1\">\n<p class=\"p1\">Bei Cayenne Stables unterst\u00fctzen wir dich gerne dabei, das ideale Pferd zu finden, das deinen W\u00fcnschen und Zielen entspricht. Ob du auf der Suche nach einem Sportpferd f\u00fcr H\u00f6chstleistungen in der Dressur, einem zuverl\u00e4ssigen Pferd f\u00fcr entspannte Ausritte oder einer bestimmten Rasse wie Friese oder Warmblut bist, wir stehen bereit, dir zu helfen. Dank unseres umfassenden Wissens und unserer Erfahrung in der Pferdewelt und mit einem starken Netzwerk von Z\u00fcchtern und Trainern k\u00f6nnen wir dich bei jedem Schritt des Prozesses pers\u00f6nlich begleiten. Unser Ziel ist, dass du am Ende mit Zuversicht sagen kannst: \u201eDas ist mein Pferd.\u201c<\/p>\n<p class=\"p1\">Unser Service endet nicht an den niederl\u00e4ndischen Grenzen. Wir sind bereit, dir zu helfen, wo auch immer du bist. Wir betreuen sowohl nationale als auch internationale Kunden, sodass jeder, unabh\u00e4ngig vom Standort, die Chance hat, sein Traumpferd zu finden. Von der Auswahl und Bewertung des Pferdes bis zur Abwicklung aller Logistik wie Transport und Zollformalit\u00e4ten \u2013 wir sorgen f\u00fcr einen reibungslosen und professionellen Ablauf.<\/p>\n<p>[\/et_pb_text][\/et_pb_column][\/et_pb_row][\/et_pb_section][et_pb_section fb_built=&#8220;1&#8243; disabled_on=&#8220;on|on|on&#8220; admin_label=&#8220;Intro&#8220; _builder_version=&#8220;4.21.0&#8243; _module_preset=&#8220;default&#8220; custom_margin=&#8220;0px||5vh||false|false&#8220; custom_margin_tablet=&#8220;10vh||10vh||true|false&#8220; custom_margin_phone=&#8220;5vh||5vh||true|false&#8220; custom_margin_last_edited=&#8220;on|phone&#8220; custom_padding=&#8220;4vh||30px||false|false&#8220; disabled=&#8220;on&#8220; collapsed=&#8220;on&#8220; global_colors_info=&#8220;{}&#8220;][et_pb_row admin_label=&#8220;Brotkrume&#8220; _builder_version=&#8220;4.21.0&#8243; _module_preset=&#8220;default&#8220; custom_margin=&#8220;0px|auto|0vh|auto|false|false&#8220; custom_padding=&#8220;0px||0px||false|false&#8220; global_colors_info=&#8220;{}&#8220;][et_pb_column type=&#8220;4_4&#8243; _builder_version=&#8220;4.20.4&#8243; _module_preset=&#8220;default&#8220; global_colors_info=&#8220;{}&#8220;][et_pb_text _builder_version=&#8220;4.20.4&#8243; _module_preset=&#8220;default&#8220; custom_margin=&#8220;||-9px|||&#8220; global_colors_info=&#8220;{}&#8220;]<\/p>\n<p>[rank_math_breadcrumb]<\/p>\n<p>[\/et_pb_text][\/et_pb_column][\/et_pb_row][et_pb_row column_structure=&#8220;2_5,3_5&#8243; use_custom_gutter=&#8220;on&#8220; gutter_width=&#8220;2&#8243; _builder_version=&#8220;4.21.0&#8243; _module_preset=&#8220;default&#8220; custom_margin=&#8220;0px|auto|0px|auto|false|false&#8220; custom_padding=&#8220;0px||0px||false|false&#8220; global_colors_info=&#8220;{}&#8220;][et_pb_column type=&#8220;2_5&#8243; _builder_version=&#8220;4.20.4&#8243; _module_preset=&#8220;default&#8220; global_colors_info=&#8220;{}&#8220;][et_pb_image src=&#8220;https:\/\/www.cayennestables.nl\/wp-content\/uploads\/cayenne1_5-1-scaled-e1718052428896-3.jpg&#8220; title_text=&#8220;cayenne1_5-1-scaled-e1718052428896&#8243; _builder_version=&#8220;4.25.1&#8243; _module_preset=&#8220;default&#8220; custom_margin=&#8220;17px||||false|false&#8220; custom_padding=&#8220;0px|||||&#8220; global_colors_info=&#8220;{}&#8220;][\/et_pb_image][\/et_pb_column][et_pb_column type=&#8220;3_5&#8243; _builder_version=&#8220;4.20.4&#8243; _module_preset=&#8220;default&#8220; global_colors_info=&#8220;{}&#8220;][et_pb_text _builder_version=&#8220;4.27.0&#8243; _module_preset=&#8220;default&#8220; custom_margin=&#8220;-24px|||||&#8220; global_colors_info=&#8220;{}&#8220;]<\/p>\n<h2>Finde Dein Ideales Pferd<\/h2>\n<p>Bei Cayenne Stables verstehen wir, dass die Suche nach dem perfekten Pferd ein aufregender, aber manchmal auch komplizierter Prozess sein kann. Egal, ob du ein Sportpferd f\u00fcr Wettbewerbe, ein Freizeitpferd f\u00fcr entspannte Ausritte oder eine bestimmte Rasse wie ein Friese oder Warmblut suchst \u2013 wir sind f\u00fcr dich da. Unsere erfahrene Eink\u00e4uferin Jennifer van Duijvenbode nutzt ihr umfassendes Wissen und ihr weitreichendes Netzwerk, um dich bei jedem Schritt dieses Prozesses zu begleiten. Von der ersten Kontaktaufnahme bis zum endg\u00fcltigen Kauf sorgen wir daf\u00fcr, dass du die richtige Wahl mit Zuversicht triffst.<\/p>\n<p>Unser Service richtet sich nicht nur an nationale Kunden; wir unterst\u00fctzen auch internationale Kunden bei der Suche nach ihrem Traumpferd. Egal, ob du in den Niederlanden, in Europa oder dar\u00fcber hinaus wohnst, wir stellen sicher, dass jeder Aspekt des Kaufs reibungslos verl\u00e4uft. Das bedeutet, dass wir nicht nur die Suche und Bewertung des Pferdes \u00fcbernehmen, sondern auch die gesamte Logistik, einschlie\u00dflich Transport und Dokumentation. So kannst du sicher sein, dass dein neues Pferd sicher und in bester Verfassung bei dir ankommt, egal wo du dich befindest.<\/p>\n<p>[\/et_pb_text][\/et_pb_column][\/et_pb_row][\/et_pb_section][et_pb_section fb_built=&#8220;1&#8243; disabled_on=&#8220;on|on|on&#8220; admin_label=&#8220;Sectie Trainingen&#8220; _builder_version=&#8220;4.21.0&#8243; _module_preset=&#8220;default&#8220; background_color=&#8220;#E0CA99&#8243; min_height=&#8220;987.4px&#8220; custom_margin=&#8220;-43px||-95px|||&#8220; custom_padding=&#8220;6px||19px|||&#8220; disabled=&#8220;on&#8220; collapsed=&#8220;on&#8220; global_colors_info=&#8220;{}&#8220;][et_pb_row use_custom_gutter=&#8220;on&#8220; gutter_width=&#8220;2&#8243; disabled_on=&#8220;on|on|on&#8220; _builder_version=&#8220;4.20.4&#8243; _module_preset=&#8220;default&#8220; custom_margin=&#8220;0px||0px||false|false&#8220; custom_padding=&#8220;0px||0px||false|false&#8220; disabled=&#8220;on&#8220; global_colors_info=&#8220;{}&#8220;][et_pb_column type=&#8220;4_4&#8243; _builder_version=&#8220;4.20.4&#8243; _module_preset=&#8220;default&#8220; global_colors_info=&#8220;{}&#8220;][et_pb_text _builder_version=&#8220;4.27.0&#8243; _module_preset=&#8220;default&#8220; custom_padding=&#8220;17px|||||&#8220; global_colors_info=&#8220;{}&#8220;]<\/p>\n<h2>Wie Funktioniert Unser Vermittlungsservice f\u00fcr den Pferdekauf?<\/h2>\n<p>Unser Vermittlungsservice unterst\u00fctzt dich von Anfang bis Ende beim Prozess, das perfekte Pferd zu finden und zu kaufen. Ob du in den Niederlanden oder im Ausland bist, wir sorgen daf\u00fcr, dass jeder Schritt reibungslos und sorgf\u00e4ltig verl\u00e4uft. Von der ersten Kontaktaufnahme bis zur Lieferung deines neuen Pferdes stehen wir dir mit einem zuverl\u00e4ssigen und transparenten Ansatz zur Seite.<\/p>\n<h3>Kennenlernen und Erstgespr\u00e4ch<\/h3>\n<p>Wir beginnen mit einem pers\u00f6nlichen Erstgespr\u00e4ch, das entweder pers\u00f6nlich, telefonisch oder per Videokonferenz stattfinden kann, je nachdem, was f\u00fcr dich am besten passt. In diesem Gespr\u00e4ch besprechen wir deine speziellen W\u00fcnsche, wie die Art des Pferdes, deine Reiterfahrung und dein Budget. Egal ob du ein Sportpferd, Freizeitpferd, Friese, Warmblut oder Pony suchst, gemeinsam erstellen wir ein klares Suchprofil, mit dem wir gezielt suchen k\u00f6nnen.<\/p>\n<h3>Suche nach Geeigneten Pferden<\/h3>\n<p>Basierend auf deinen W\u00fcnschen suchen wir \u00fcber unser umfangreiches Netzwerk von Z\u00fcchtern und Besitzern nach Pferden, die deinen Kriterien entsprechen. Wir halten dich regelm\u00e4\u00dfig \u00fcber den Fortschritt auf dem Laufenden, sodass du immer wei\u00dft, welche potenziellen Pferde verf\u00fcgbar sind. Egal ob das Pferd aus den Niederlanden oder anderswo stammt, wir sorgen daf\u00fcr, dass du \u00fcber alle Optionen und unsere Schritte gut informiert bist.<\/p>\n<h3>Bewertung und Inspektion<\/h3>\n<p>Wenn wir geeignete Pferde gefunden haben, bewerten wir sie pers\u00f6nlich auf Gesundheit, Temperament und Leistung. Du kannst gerne dabei sein, wenn du m\u00f6chtest, aber wenn das nicht m\u00f6glich ist, senden wir dir ausf\u00fchrliche Berichte, Videos und Fotos, sodass du alles gut \u00fcberpr\u00fcfen kannst. So kannst du eine fundierte Entscheidung treffen, auch wenn du nicht pers\u00f6nlich anwesend sein kannst.<\/p>\n<h3>Preisverhandlungen und Kaufvertrag<\/h3>\n<p>Sobald du dein ideales Pferd gefunden hast, helfen wir dir bei den Preisverhandlungen. Wir sorgen daf\u00fcr, dass alle Vereinbarungen klar und fair sind, und unterst\u00fctzen dich beim Erstellen des Kaufvertrags. Dank unserer Erfahrung in der Pferdewelt kannst du sicher sein, dass alles gut geregelt ist, ohne versteckte \u00dcberraschungen.<\/p>\n<h3>Tier\u00e4rztliche Untersuchung<\/h3>\n<p>Eine gr\u00fcndliche tier\u00e4rztliche Untersuchung ist beim Kauf eines Pferdes unerl\u00e4sslich. Wir sorgen daf\u00fcr, dass ein anerkannter Tierarzt die Gesundheit des Pferdes vollst\u00e4ndig \u00fcberpr\u00fcft, sodass du sicher sein kannst, eine gesunde und geeignete Wahl zu treffen. Wir begleiten dich w\u00e4hrend dieses Prozesses und beraten dich auf Grundlage der Ergebnisse.<\/p>\n<h3>Transport des Pferdes<\/h3>\n<p>Hast du dein Pferd gefunden? Dann k\u00fcmmern wir uns um den Transport zu seinem neuen Zuhause, egal ob in den Niederlanden oder im Ausland. Wir erledigen alle logistischen Angelegenheiten und sorgen f\u00fcr eine sichere und komfortable Reise f\u00fcr dein Pferd, sodass es in bester Verfassung an seinem neuen Standort ankommt.<\/p>\n<h3>Beratung und Nachsorge<\/h3>\n<p>Unsere Unterst\u00fctzung endet nicht mit dem Kauf. Wir stehen weiterhin f\u00fcr Beratungen \u00fcber die richtigen Zubeh\u00f6rteile, wie S\u00e4ttel und Trensen, zur Verf\u00fcgung und bieten Unterst\u00fctzung, wenn dein Pferd zus\u00e4tzliche Ausbildung oder Pflege ben\u00f6tigt. So sorgen wir daf\u00fcr, dass der \u00dcbergang reibungslos verl\u00e4uft und sich dein Pferd schnell in seiner neuen Umgebung zu Hause f\u00fchlt.<\/p>\n<p>M\u00f6chtest du wissen, wie unser Vermittlungsservice dir beim Finden deines perfekten Pferdes helfen kann? <a href=\"https:\/\/www.cayennestables.nl\/contact\/\">Kontaktiere uns gerne \u00fcber WhatsApp, Telefon oder E-Mail<\/a>. Wir sind bereit, dich zu begleiten, wo auch immer du bist, und daf\u00fcr zu sorgen, dass der gesamte Prozess f\u00fcr dich und dein Pferd so angenehm wie m\u00f6glich verl\u00e4uft!<\/p>\n<p>[\/et_pb_text][\/et_pb_column][\/et_pb_row][\/et_pb_section][et_pb_section fb_built=&#8220;1&#8243; admin_label=&#8220;Sectie &#8211; Nieuwe vormgeving&#8220; _builder_version=&#8220;4.27.0&#8243; _module_preset=&#8220;default&#8220; background_color=&#8220;#E0CA99&#8243; custom_margin=&#8220;0px||0px||false|false&#8220; custom_padding=&#8220;60px||60px||true|false&#8220; locked=&#8220;off&#8220; global_colors_info=&#8220;{}&#8220;][et_pb_row column_structure=&#8220;1_5,3_5,1_5&#8243; use_custom_gutter=&#8220;on&#8220; gutter_width=&#8220;2&#8243; make_equal=&#8220;on&#8220; disabled_on=&#8220;off|off|off&#8220; _builder_version=&#8220;4.27.0&#8243; _module_preset=&#8220;default&#8220; custom_margin=&#8220;20px||20px||true|false&#8220; custom_padding=&#8220;0px||0px||false|false&#8220; global_colors_info=&#8220;{}&#8220;][et_pb_column type=&#8220;1_5&#8243; _builder_version=&#8220;4.25.1&#8243; _module_preset=&#8220;default&#8220; global_colors_info=&#8220;{}&#8220;][\/et_pb_column][et_pb_column type=&#8220;3_5&#8243; _builder_version=&#8220;4.25.1&#8243; _module_preset=&#8220;default&#8220; global_colors_info=&#8220;{}&#8220;][et_pb_text _builder_version=&#8220;4.27.0&#8243; _module_preset=&#8220;default&#8220; link_font=&#8220;||||on||||&#8220; custom_margin=&#8220;0px||0px||false|false&#8220; custom_padding=&#8220;0px||0px||false|false&#8220; custom_css_main_element=&#8220;li {||  margin-bottom: 20px !important;||}&#8220; global_colors_info=&#8220;{}&#8220;]<\/p>\n<h2>Wie Funktioniert Unser Vermittlungsservice f\u00fcr den Pferdekauf?<\/h2>\n<p>Unser Vermittlungsservice unterst\u00fctzt dich von Anfang bis Ende beim Prozess, das perfekte Pferd zu finden und zu kaufen. Ob du in den Niederlanden oder im Ausland bist, wir sorgen daf\u00fcr, dass jeder Schritt reibungslos und sorgf\u00e4ltig verl\u00e4uft. Von der ersten Kontaktaufnahme bis zur Lieferung deines neuen Pferdes stehen wir dir mit einem zuverl\u00e4ssigen und transparenten Ansatz zur Seite.<\/p>\n<h3>Kennenlernen und Erstgespr\u00e4ch<\/h3>\n<p>Wir beginnen mit einem pers\u00f6nlichen Erstgespr\u00e4ch, das entweder pers\u00f6nlich, telefonisch oder per Videokonferenz stattfinden kann, je nachdem, was f\u00fcr dich am besten passt. In diesem Gespr\u00e4ch besprechen wir deine speziellen W\u00fcnsche, wie die Art des Pferdes, deine Reiterfahrung und dein Budget. Egal ob du ein Sportpferd, Freizeitpferd, Friese, Warmblut oder Pony suchst, gemeinsam erstellen wir ein klares Suchprofil, mit dem wir gezielt suchen k\u00f6nnen.<\/p>\n<h3>Suche nach Geeigneten Pferden<\/h3>\n<p>Basierend auf deinen W\u00fcnschen suchen wir \u00fcber unser umfangreiches Netzwerk von Z\u00fcchtern und Besitzern nach Pferden, die deinen Kriterien entsprechen. Wir halten dich regelm\u00e4\u00dfig \u00fcber den Fortschritt auf dem Laufenden, sodass du immer wei\u00dft, welche potenziellen Pferde verf\u00fcgbar sind. Egal ob das Pferd aus den Niederlanden oder anderswo stammt, wir sorgen daf\u00fcr, dass du \u00fcber alle Optionen und unsere Schritte gut informiert bist.<\/p>\n<h3>Bewertung und Inspektion<\/h3>\n<p>Wenn wir geeignete Pferde gefunden haben, bewerten wir sie pers\u00f6nlich auf Gesundheit, Temperament und Leistung. Du kannst gerne dabei sein, wenn du m\u00f6chtest, aber wenn das nicht m\u00f6glich ist, senden wir dir ausf\u00fchrliche Berichte, Videos und Fotos, sodass du alles gut \u00fcberpr\u00fcfen kannst. So kannst du eine fundierte Entscheidung treffen, auch wenn du nicht pers\u00f6nlich anwesend sein kannst.<\/p>\n<h3>Preisverhandlungen und Kaufvertrag<\/h3>\n<p>Sobald du dein ideales Pferd gefunden hast, helfen wir dir bei den Preisverhandlungen. Wir sorgen daf\u00fcr, dass alle Vereinbarungen klar und fair sind, und unterst\u00fctzen dich beim Erstellen des Kaufvertrags. Dank unserer Erfahrung in der Pferdewelt kannst du sicher sein, dass alles gut geregelt ist, ohne versteckte \u00dcberraschungen.<\/p>\n<h3>Tier\u00e4rztliche Untersuchung<\/h3>\n<p>Eine gr\u00fcndliche tier\u00e4rztliche Untersuchung ist beim Kauf eines Pferdes unerl\u00e4sslich. Wir sorgen daf\u00fcr, dass ein anerkannter Tierarzt die Gesundheit des Pferdes vollst\u00e4ndig \u00fcberpr\u00fcft, sodass du sicher sein kannst, eine gesunde und geeignete Wahl zu treffen. Wir begleiten dich w\u00e4hrend dieses Prozesses und beraten dich auf Grundlage der Ergebnisse.<\/p>\n<h3>Transport des Pferdes<\/h3>\n<p>Hast du dein Pferd gefunden? Dann k\u00fcmmern wir uns um den Transport zu seinem neuen Zuhause, egal ob in den Niederlanden oder im Ausland. Wir erledigen alle logistischen Angelegenheiten und sorgen f\u00fcr eine sichere und komfortable Reise f\u00fcr dein Pferd, sodass es in bester Verfassung an seinem neuen Standort ankommt.<\/p>\n<h3>Beratung und Nachsorge<\/h3>\n<p>Unsere Unterst\u00fctzung endet nicht mit dem Kauf. Wir stehen weiterhin f\u00fcr Beratungen \u00fcber die richtigen Zubeh\u00f6rteile, wie S\u00e4ttel und Trensen, zur Verf\u00fcgung und bieten Unterst\u00fctzung, wenn dein Pferd zus\u00e4tzliche Ausbildung oder Pflege ben\u00f6tigt. So sorgen wir daf\u00fcr, dass der \u00dcbergang reibungslos verl\u00e4uft und sich dein Pferd schnell in seiner neuen Umgebung zu Hause f\u00fchlt.<\/p>\n<p>[\/et_pb_text][\/et_pb_column][et_pb_column type=&#8220;1_5&#8243; _builder_version=&#8220;4.25.1&#8243; _module_preset=&#8220;default&#8220; global_colors_info=&#8220;{}&#8220;][\/et_pb_column][\/et_pb_row][et_pb_row column_structure=&#8220;1_5,3_5,1_5&#8243; use_custom_gutter=&#8220;on&#8220; gutter_width=&#8220;2&#8243; make_equal=&#8220;on&#8220; disabled_on=&#8220;off|off|off&#8220; admin_label=&#8220;Rij &#8211; Call 2 action&#8220; _builder_version=&#8220;4.27.0&#8243; _module_preset=&#8220;default&#8220; custom_margin=&#8220;0px||40px||false|false&#8220; custom_padding=&#8220;0px||0px||false|false&#8220; global_colors_info=&#8220;{}&#8220;][et_pb_column type=&#8220;1_5&#8243; _builder_version=&#8220;4.25.1&#8243; _module_preset=&#8220;default&#8220; global_colors_info=&#8220;{}&#8220;][\/et_pb_column][et_pb_column type=&#8220;3_5&#8243; _builder_version=&#8220;4.25.1&#8243; _module_preset=&#8220;default&#8220; global_colors_info=&#8220;{}&#8220;][et_pb_cta title=&#8220;Weitere Informationen \u00fcber den Kaufvertrag?&#8220; button_url=&#8220;@ET-DC@eyJkeW5hbWljIjp0cnVlLCJjb250ZW50IjoicG9zdF9saW5rX3VybF9wYWdlIiwic2V0dGluZ3MiOnsicG9zdF9pZCI6IjIwMSJ9fQ==@&#8220; button_text=&#8220;Kontaktieren Sie uns&#8220; _builder_version=&#8220;4.27.0&#8243; _dynamic_attributes=&#8220;button_url&#8220; _module_preset=&#8220;default&#8220; body_text_color=&#8220;#FFFFFF&#8220; body_link_font=&#8220;|||||||#FFFFFF|&#8220; body_link_text_color=&#8220;#FFFFFF&#8220; background_color=&#8220;#000000&#8243; custom_button=&#8220;on&#8220; button_text_color=&#8220;#000000&#8243; button_bg_color=&#8220;#C29634&#8243; button_use_icon=&#8220;off&#8220; button_alignment=&#8220;center&#8220; button_custom_margin=&#8220;0px||0px||false|false&#8220; button_custom_padding=&#8220;5px|10px|5px|10px|true|true&#8220; custom_margin=&#8220;20px||20px||true|false&#8220; custom_padding=&#8220;35px|35px|35px|35px|true|true&#8220; custom_padding_tablet=&#8220;30px|30px|30px|30px|true|true&#8220; custom_padding_phone=&#8220;20px|20px|20px|20px|true|true&#8220; custom_padding_last_edited=&#8220;on|phone&#8220; header_font_size_tablet=&#8220;24px&#8220; header_font_size_phone=&#8220;22px&#8220; header_font_size_last_edited=&#8220;on|tablet&#8220; custom_css_promo_description=&#8220;a {||  text-decoration: underline;||}&#8220; border_radii=&#8220;on|5px|5px|5px|5px&#8220; box_shadow_style=&#8220;preset3&#8243; locked=&#8220;off&#8220; global_colors_info=&#8220;{}&#8220; button_bg_color__hover_enabled=&#8220;on|hover&#8220; button_bg_color__hover=&#8220;#FFFFFF&#8220; button_bg_enable_color__hover=&#8220;on&#8220; button_text_size__hover_enabled=&#8220;on|desktop&#8220; button_text_size__hover=&#8220;18px&#8220;]<\/p>\n<p>M\u00f6chtest du wissen, wie unser Vermittlungsservice dir beim Finden deines perfekten Pferdes helfen kann? Kontaktiere uns gerne uber <a title=\"Stuur ons een bericht via WhatsApp\" href=\"https:\/\/wa.me\/+31681131407\">WhatsApp<\/a>, <a title=\"Bel ons voor meer informatie\" href=\"tel:\/\/+31681131407\">telefon<\/a> oder <a title=\"Stuur ons een email\" href=\"mailto:info@cayennestables.nl\">E-mail<\/a>. Wir sind bereit, dich zu begleiten, wo auch immer du bist, und daf\u00fcr zu sorgen, dass der gesamte Prozess f\u00fcr dich und dein Pferd so angenehm wie m\u00f6glich verl\u00e4uft!<\/p>\n<p>[\/et_pb_cta][\/et_pb_column][et_pb_column type=&#8220;1_5&#8243; _builder_version=&#8220;4.25.1&#8243; _module_preset=&#8220;default&#8220; global_colors_info=&#8220;{}&#8220;][\/et_pb_column][\/et_pb_row][\/et_pb_section]<\/p>\n","protected":false},"excerpt":{"rendered":"<p>[rank_math_breadcrumb]Finde Dein Ideales Pferd Bei Cayenne Stables unterst\u00fctzen wir dich gerne dabei, das ideale Pferd zu finden, das deinen W\u00fcnschen und Zielen entspricht. Ob du auf der Suche nach einem Sportpferd f\u00fcr H\u00f6chstleistungen in der Dressur, einem zuverl\u00e4ssigen Pferd f\u00fcr entspannte Ausritte oder einer bestimmten Rasse wie Friese oder Warmblut bist, wir stehen bereit, dir [&hellip;]<\/p>\n","protected":false},"author":1,"featured_media":485,"parent":0,"menu_order":0,"comment_status":"closed","ping_status":"closed","template":"","meta":{"_et_pb_use_builder":"on","_et_pb_old_content":"","_et_gb_content_width":"","inline_featured_image":false,"footnotes":""},"class_list":["post-3326","page","type-page","status-publish","has-post-thumbnail","hentry"],"_links":{"self":[{"href":"https:\/\/www.cayennestables.nl\/de\/wp-json\/wp\/v2\/pages\/3326","targetHints":{"allow":["GET"]}}],"collection":[{"href":"https:\/\/www.cayennestables.nl\/de\/wp-json\/wp\/v2\/pages"}],"about":[{"href":"https:\/\/www.cayennestables.nl\/de\/wp-json\/wp\/v2\/types\/page"}],"author":[{"embeddable":true,"href":"https:\/\/www.cayennestables.nl\/de\/wp-json\/wp\/v2\/users\/1"}],"replies":[{"embeddable":true,"href":"https:\/\/www.cayennestables.nl\/de\/wp-json\/wp\/v2\/comments?post=3326"}],"version-history":[{"count":43,"href":"https:\/\/www.cayennestables.nl\/de\/wp-json\/wp\/v2\/pages\/3326\/revisions"}],"predecessor-version":[{"id":11142,"href":"https:\/\/www.cayennestables.nl\/de\/wp-json\/wp\/v2\/pages\/3326\/revisions\/11142"}],"wp:featuredmedia":[{"embeddable":true,"href":"https:\/\/www.cayennestables.nl\/de\/wp-json\/wp\/v2\/media\/485"}],"wp:attachment":[{"href":"https:\/\/www.cayennestables.nl\/de\/wp-json\/wp\/v2\/media?parent=3326"}],"curies":[{"name":"wp","href":"https:\/\/api.w.org\/{rel}","templated":true}]}}