{"id":1385,"date":"2023-05-25T10:21:44","date_gmt":"2023-05-25T08:21:44","guid":{"rendered":"https:\/\/www.cayennestables.nl\/?page_id=1385"},"modified":"2025-02-26T09:11:22","modified_gmt":"2025-02-26T08:11:22","slug":"haftungsausschluss","status":"publish","type":"page","link":"https:\/\/www.cayennestables.nl\/de\/haftungsausschluss\/","title":{"rendered":"Haftungsausschluss"},"content":{"rendered":"<p>[et_pb_section fb_built=&#8220;1&#8243; admin_label=&#8220;Hero Sectie&#8220; _builder_version=&#8220;4.20.4&#8243; _dynamic_attributes=&#8220;background_image&#8220; _module_preset=&#8220;default&#8220; background_image=&#8220;@ET-DC@eyJkeW5hbWljIjp0cnVlLCJjb250ZW50IjoicG9zdF9mZWF0dXJlZF9pbWFnZSIsInNldHRpbmdzIjp7fX0=@&#8220; custom_margin=&#8220;0px||0px||false|false&#8220; custom_padding=&#8220;0px||0px||false|false&#8220; locked=&#8220;off&#8220; global_colors_info=&#8220;{}&#8220;][et_pb_row _builder_version=&#8220;4.20.4&#8243; _module_preset=&#8220;default&#8220; width_tablet=&#8220;&#8220; width_phone=&#8220;94%&#8220; width_last_edited=&#8220;on|phone&#8220; module_alignment=&#8220;center&#8220; min_height_tablet=&#8220;600px&#8220; min_height_phone=&#8220;&#8220; min_height_last_edited=&#8220;on|phone&#8220; custom_margin=&#8220;0px||0px||false|false&#8220; custom_padding=&#8220;0px||2vh||false|false&#8220; global_colors_info=&#8220;{}&#8220;][et_pb_column type=&#8220;4_4&#8243; _builder_version=&#8220;4.20.4&#8243; _module_preset=&#8220;default&#8220; global_colors_info=&#8220;{}&#8220;][et_pb_text admin_label=&#8220;Titel pagina &#8211; automatisch ingevuld&#8220; _builder_version=&#8220;4.20.4&#8243; _dynamic_attributes=&#8220;content&#8220; _module_preset=&#8220;default&#8220; header_font=&#8220;Caliway||||||||&#8220; header_text_align=&#8220;center&#8220; header_text_color=&#8220;#FFFFFF&#8220; header_font_size=&#8220;60px&#8220; header_line_height=&#8220;1.5em&#8220; custom_margin=&#8220;34%||0px||false|false&#8220; custom_margin_tablet=&#8220;34%||0px||false|false&#8220; custom_margin_phone=&#8220;34%||||false|false&#8220; custom_margin_last_edited=&#8220;on|phone&#8220; custom_padding=&#8220;0px||0px||false|false&#8220; header_font_size_tablet=&#8220;60px&#8220; header_font_size_phone=&#8220;32px&#8220; header_font_size_last_edited=&#8220;on|phone&#8220; header_text_shadow_style=&#8220;preset1&#8243; global_colors_info=&#8220;{}&#8220;]@ET-DC@eyJkeW5hbWljIjp0cnVlLCJjb250ZW50IjoicG9zdF90aXRsZSIsInNldHRpbmdzIjp7ImJlZm9yZSI6IjxoMT4iLCJhZnRlciI6IjwvaDE+In19@[\/et_pb_text][\/et_pb_column][\/et_pb_row][\/et_pb_section][et_pb_section fb_built=&#8220;1&#8243; _builder_version=&#8220;4.20.4&#8243; _module_preset=&#8220;default&#8220; custom_margin=&#8220;0px||10vh||false|false&#8220; custom_margin_tablet=&#8220;10vh||10vh||true|false&#8220; custom_margin_phone=&#8220;5vh||5vh||true|false&#8220; custom_margin_last_edited=&#8220;on|phone&#8220; custom_padding=&#8220;4vh||0px||false|false&#8220; global_colors_info=&#8220;{}&#8220;][et_pb_row admin_label=&#8220;Kr\u00fcmelpfad&#8220; _builder_version=&#8220;4.20.4&#8243; _module_preset=&#8220;default&#8220; custom_margin=&#8220;0px||3vh||false|false&#8220; custom_padding=&#8220;0px||0px||false|false&#8220; global_colors_info=&#8220;{}&#8220;][et_pb_column type=&#8220;4_4&#8243; _builder_version=&#8220;4.20.4&#8243; _module_preset=&#8220;default&#8220; global_colors_info=&#8220;{}&#8220;][et_pb_text _builder_version=&#8220;4.20.4&#8243; _module_preset=&#8220;default&#8220; global_colors_info=&#8220;{}&#8220;]<\/p>\n<p>[rank_math_breadcrumb]<\/p>\n<p>[\/et_pb_text][\/et_pb_column][\/et_pb_row][et_pb_row column_structure=&#8220;1_3,2_3&#8243; use_custom_gutter=&#8220;on&#8220; gutter_width=&#8220;2&#8243; _builder_version=&#8220;4.20.4&#8243; _module_preset=&#8220;default&#8220; custom_margin=&#8220;0px||0px||false|false&#8220; custom_padding=&#8220;0px||0px||false|false&#8220; global_colors_info=&#8220;{}&#8220;][et_pb_column type=&#8220;1_3&#8243; _builder_version=&#8220;4.20.4&#8243; _module_preset=&#8220;default&#8220; global_colors_info=&#8220;{}&#8220;][et_pb_image src=&#8220;https:\/\/www.cayennestables.nl\/wp-content\/uploads\/Cayenne-Stables-logo.svg&#8220; alt=&#8220;Cayenne Stables &#8211; Friesenpferde&#8220; title_text=&#8220;Cayenne Stables &#8211; Friesenpferde&#8220; align=&#8220;center&#8220; _builder_version=&#8220;4.20.4&#8243; _module_preset=&#8220;default&#8220; background_color=&#8220;#000000&#8243; height=&#8220;400px&#8220; height_tablet=&#8220;400px&#8220; height_phone=&#8220;200px&#8220; height_last_edited=&#8220;on|phone&#8220; global_colors_info=&#8220;{}&#8220;][\/et_pb_image][\/et_pb_column][et_pb_column type=&#8220;2_3&#8243; _builder_version=&#8220;4.20.4&#8243; _module_preset=&#8220;default&#8220; global_colors_info=&#8220;{}&#8220;][et_pb_text _builder_version=&#8220;4.27.4&#8243; _module_preset=&#8220;default&#8220; text_font_size=&#8220;20px&#8220; link_font=&#8220;||||on||||&#8220; ol_font=&#8220;Aceh &#8211; Semi Bold||||||||&#8220; ol_font_size=&#8220;20px&#8220; header_2_font=&#8220;Aceh &#8211; Semi Bold||||||||&#8220; header_2_text_color=&#8220;#000000&#8243; header_2_font_size=&#8220;22px&#8220; header_2_line_height=&#8220;1.9em&#8220; custom_margin=&#8220;0vh||0px||false|false&#8220; custom_padding=&#8220;0px||0px||false|false&#8220; hover_enabled=&#8220;0&#8243; text_font_size_tablet=&#8220;24px&#8220; text_font_size_phone=&#8220;18px&#8220; text_font_size_last_edited=&#8220;on|phone&#8220; header_2_font_size_tablet=&#8220;&#8220; header_2_font_size_phone=&#8220;16px&#8220; header_2_font_size_last_edited=&#8220;on|phone&#8220; global_colors_info=&#8220;{}&#8220; sticky_enabled=&#8220;0&#8243;]<\/p>\n<h1 class=\"p3\"><b>Haftungsausschluss \u2013 Cayenne Stables<\/b><b><\/b><\/h1>\n<p class=\"p3\"><b>1. Allgemeines<\/b><b><\/b><\/p>\n<p class=\"p4\">1.1 Dieser Haftungsausschluss gilt f\u00fcr jeden Besucher der Website <a href=\"https:\/\/www.cayennestables.nl\">https:\/\/www.cayennestables.nl<\/a> (im Folgenden die \u201eWebsite\u201c). Durch den Besuch und die Nutzung dieser Website erkl\u00e4ren Sie sich mit dem Inhalt dieses Haftungsausschlusses einverstanden.<\/p>\n<p class=\"p4\">1.2 Die Informationen auf der Website werden ausschlie\u00dflich zu allgemeinen Informationszwecken bereitgestellt. Cayenne Stables ist bestrebt, die bereitgestellten Informationen so aktuell, vollst\u00e4ndig und richtig wie m\u00f6glich zu halten. Dennoch kann Cayenne Stables nicht garantieren, dass die bereitgestellten Informationen stets fehlerfrei, vollst\u00e4ndig oder aktuell sind.<\/p>\n<p class=\"p4\">1.3 Aus den auf der Website bereitgestellten Informationen k\u00f6nnen keine Rechte abgeleitet werden. Die Nutzung der Website und der darauf bereitgestellten Informationen erfolgt auf eigenes Risiko des Nutzers.<\/p>\n<p class=\"p1\"><b>2. Haftung<\/b><b><\/b><\/p>\n<p class=\"p2\">2.1 Cayenne Stables, einschlie\u00dflich ihrer Gesch\u00e4ftsf\u00fchrer, Mitarbeiter, Vertreter und\/oder beauftragten Dritten, \u00fcbernimmt keine Haftung f\u00fcr Sch\u00e4den jeglicher Art, die aus oder im Zusammenhang mit der Nutzung von (Informationen auf) der Website oder der (vor\u00fcbergehenden) Nichtverf\u00fcgbarkeit der Website entstehen.<\/p>\n<p class=\"p2\">2.2 Von der Haftung ausgeschlossen sind unter anderem (aber nicht ausschlie\u00dflich) direkte oder indirekte Sch\u00e4den, Folgesch\u00e4den, entgangener Gewinn, Betriebsunterbrechungen, Datenverlust oder Datenbesch\u00e4digungen sowie immaterielle Sch\u00e4den, unabh\u00e4ngig davon, ob diese auf vertraglicher oder ausservertraglicher Grundlage (einschlie\u00dflich Fahrl\u00e4ssigkeit) oder einer anderen Rechtsgrundlage beruhen.<\/p>\n<p class=\"p2\">2.3 Cayenne Stables beh\u00e4lt sich das Recht vor, jederzeit und ohne vorherige Ank\u00fcndigung \u00c4nderungen und Korrekturen an der Website vorzunehmen, einschlie\u00dflich der Entfernung oder Anpassung von Informationen und\/oder Funktionalit\u00e4ten. Cayenne Stables haftet nicht f\u00fcr die Folgen solcher \u00c4nderungen.<\/p>\n<p class=\"p2\">2.4 Obwohl Cayenne Stables sich bem\u00fcht, die Website frei von Fehlern, Viren, Trojanern und\/oder sonstiger sch\u00e4dlicher Software zu halten, kann nicht garantiert werden, dass die Website v\u00f6llig frei von solchen Elementen ist. Cayenne Stables \u00fcbernimmt keine Haftung f\u00fcr Sch\u00e4den, die durch das Vorhandensein solcher sch\u00e4dlichen Elemente entstehen.<\/p>\n<p class=\"p1\"><b>3. Geistige Eigentumsrechte<\/b><b><\/b><\/p>\n<p class=\"p2\">3.1 Alle geistigen Eigentumsrechte an der Website, einschlie\u00dflich, aber nicht beschr\u00e4nkt auf Texte, Fotos, Videos, Bilder, grafische Materialien, Logos, Handelsnamen und sonstige Materialien, liegen ausschlie\u00dflich bei Cayenne Stables, sofern diese Rechte nicht (auch) Dritten zustehen.<\/p>\n<p class=\"p2\">3.2 Ohne vorherige, ausdr\u00fcckliche und schriftliche Genehmigung von Cayenne Stables ist es nicht gestattet, (Teile der) Website zu kopieren, zu reproduzieren, zu verteilen, zu ver\u00f6ffentlichen, zu bearbeiten oder auf andere Weise f\u00fcr kommerzielle oder andere Zwecke zu verwerten.<\/p>\n<p class=\"p2\">3.3 Verst\u00f6\u00dfe gegen die (geistigen) Eigentumsrechte von Cayenne Stables k\u00f6nnen zivil- und\/oder strafrechtliche Sanktionen nach sich ziehen. Cayenne Stables beh\u00e4lt sich das Recht vor, Schadensersatz zu fordern, wenn gegen diese Bestimmungen versto\u00dfen wird.<\/p>\n<p class=\"p1\"><b>4. Externe Links<\/b><b><\/b><\/p>\n<p class=\"p2\">4.1 Die Website kann Links zu externen Websites oder Ressourcen Dritter enthalten. Diese Links werden ausschlie\u00dflich als Service und zur Information angeboten. Cayenne Stables hat keine Kontrolle \u00fcber den Inhalt, die Richtlinien oder die Funktionalit\u00e4ten dieser externen Websites und\/oder Ressourcen.<\/p>\n<p class=\"p2\">4.2 Cayenne Stables haftet nicht f\u00fcr den Inhalt, die Richtigkeit, Verf\u00fcgbarkeit, Zuverl\u00e4ssigkeit oder Sicherheit externer Websites oder Ressourcen Dritter, noch f\u00fcr Sch\u00e4den oder Verluste, die sich aus deren Nutzung ergeben.<\/p>\n<p class=\"p1\"><b>5. Pferdeinformationen &amp; Verkaufsbedingungen<\/b><b><\/b><\/p>\n<p class=\"p2\">5.1 Cayenne Stables bem\u00fcht sich, genaue und aktuelle Informationen \u00fcber die auf der Website angebotenen Pferde bereitzustellen. Dennoch k\u00f6nnen sich Zustand, Leistungen, Gesundheit, Verhalten und andere Merkmale eines Pferdes \u00e4ndern. Cayenne Stables kann nicht garantieren, dass die bereitgestellten Informationen jederzeit dem tats\u00e4chlichen Zustand des Pferdes entsprechen.<\/p>\n<p class=\"p2\">5.2 Alle Preise, Spezifikationen und sonstigen Details zu den angebotenen Pferden k\u00f6nnen jederzeit ohne vorherige Ank\u00fcndigung ge\u00e4ndert werden. Die auf der Website genannten Preise, Spezifikationen oder sonstigen Details stellen kein bindendes Angebot dar.<\/p>\n<p class=\"p2\">5.3 Ein Kaufvertrag kommt nur dann zustande, wenn und soweit er schriftlich festgehalten und sowohl von Cayenne Stables als auch vom K\u00e4ufer unterzeichnet wird. Etwaige Allgemeine Gesch\u00e4ftsbedingungen oder zus\u00e4tzliche Bestimmungen werden bei oder vor Abschluss eines Kaufvertrags zur Verf\u00fcgung gestellt.<\/p>\n<p class=\"p2\">5.4 Cayenne Stables haftet nicht f\u00fcr Sch\u00e4den, Kosten oder sonstige Folgen, wenn sich die Informationen \u00fcber ein Pferd nachtr\u00e4glich als abweichend von dessen tats\u00e4chlichem Zustand erweisen oder wenn sich Gesundheit oder Verhalten des Pferdes nach dem Kauf oder der Lieferung \u00e4ndern.<\/p>\n<p class=\"p1\"><b>6. Keine Garantie oder Verpflichtung<\/b><b><\/b><\/p>\n<p class=\"p2\">6.1 Allein durch den Besuch der Website, die Kontaktaufnahme mit Cayenne Stables oder das Anfordern von Informationen entsteht keinerlei Verpflichtung oder Vertragsverh\u00e4ltnis zwischen Ihnen und Cayenne Stables.<\/p>\n<p class=\"p2\">6.2 Nur ein Kaufvertrag, Vertrag oder sonstige Vereinbarung, die von Cayenne Stables schriftlich ausdr\u00fccklich best\u00e4tigt wird, begr\u00fcndet Rechte und\/oder Pflichten. Aus m\u00fcndlichen Aussagen, Angeboten oder sonstigen Informationen k\u00f6nnen keine Rechte abgeleitet werden.<\/p>\n<p class=\"p1\"><b>7. Anwendbares Recht und Gerichtsstand<\/b><b><\/b><\/p>\n<p class=\"p2\">7.1 Dieser Haftungsausschluss sowie jede Nutzung der Website und alle sich daraus ergebenden (Rechts-)Handlungen unterliegen ausschlie\u00dflich niederl\u00e4ndischem Recht.<\/p>\n<p class=\"p2\">7.2 Alle Streitigkeiten, die sich aus oder im Zusammenhang mit diesem Haftungsausschluss und\/oder der Nutzung der Website ergeben, werden ausschlie\u00dflich dem zust\u00e4ndigen Gericht in dem Bezirk vorgelegt, in dem Cayenne Stables seinen Sitz hat, sofern nicht zwingendes Recht etwas anderes vorschreibt.<\/p>\n<p class=\"p1\"><b>8. Fragen und Kontakt<\/b><b><\/b><\/p>\n<p class=\"p2\">8.1 Wenn Sie Fragen zu diesem Haftungsausschluss, der Website oder den Produkten und Dienstleistungen von Cayenne Stables haben, k\u00f6nnen Sie sich unter <a href=\"mailto:info@cayennestables.nl\">info@cayennestables.nl<\/a> an uns wenden.<\/p>\n<p class=\"p2\">8.2 Cayenne Stables beh\u00e4lt sich das Recht vor, diesen Haftungsausschluss jederzeit zu \u00e4ndern. Die jeweils aktuelle Version des Haftungsausschlusses ist stets auf der Website zu finden.<\/p>\n<p class=\"p1\"><i>\u00a9 2025 Cayenne Stables. Alle Rechte vorbehalten.<\/i><\/p>\n<p>[\/et_pb_text][\/et_pb_column][\/et_pb_row][\/et_pb_section]<\/p>\n","protected":false},"excerpt":{"rendered":"<p>[rank_math_breadcrumb]Haftungsausschluss \u2013 Cayenne Stables 1. Allgemeines 1.1 Dieser Haftungsausschluss gilt f\u00fcr jeden Besucher der Website https:\/\/www.cayennestables.nl (im Folgenden die \u201eWebsite\u201c). Durch den Besuch und die Nutzung dieser Website erkl\u00e4ren Sie sich mit dem Inhalt dieses Haftungsausschlusses einverstanden. 1.2 Die Informationen auf der Website werden ausschlie\u00dflich zu allgemeinen Informationszwecken bereitgestellt. Cayenne Stables ist bestrebt, die bereitgestellten [&hellip;]<\/p>\n","protected":false},"author":1,"featured_media":641,"parent":0,"menu_order":0,"comment_status":"closed","ping_status":"open","template":"","meta":{"_et_pb_use_builder":"on","_et_pb_old_content":"","_et_gb_content_width":"","inline_featured_image":false,"footnotes":""},"class_list":["post-1385","page","type-page","status-publish","has-post-thumbnail","hentry"],"_links":{"self":[{"href":"https:\/\/www.cayennestables.nl\/de\/wp-json\/wp\/v2\/pages\/1385","targetHints":{"allow":["GET"]}}],"collection":[{"href":"https:\/\/www.cayennestables.nl\/de\/wp-json\/wp\/v2\/pages"}],"about":[{"href":"https:\/\/www.cayennestables.nl\/de\/wp-json\/wp\/v2\/types\/page"}],"author":[{"embeddable":true,"href":"https:\/\/www.cayennestables.nl\/de\/wp-json\/wp\/v2\/users\/1"}],"replies":[{"embeddable":true,"href":"https:\/\/www.cayennestables.nl\/de\/wp-json\/wp\/v2\/comments?post=1385"}],"version-history":[{"count":9,"href":"https:\/\/www.cayennestables.nl\/de\/wp-json\/wp\/v2\/pages\/1385\/revisions"}],"predecessor-version":[{"id":11718,"href":"https:\/\/www.cayennestables.nl\/de\/wp-json\/wp\/v2\/pages\/1385\/revisions\/11718"}],"wp:featuredmedia":[{"embeddable":true,"href":"https:\/\/www.cayennestables.nl\/de\/wp-json\/wp\/v2\/media\/641"}],"wp:attachment":[{"href":"https:\/\/www.cayennestables.nl\/de\/wp-json\/wp\/v2\/media?parent=1385"}],"curies":[{"name":"wp","href":"https:\/\/api.w.org\/{rel}","templated":true}]}}