{"id":1371,"date":"2023-05-25T09:51:20","date_gmt":"2023-05-25T07:51:20","guid":{"rendered":"https:\/\/www.cayennestables.nl\/?page_id=1371"},"modified":"2023-05-25T10:58:51","modified_gmt":"2023-05-25T08:58:51","slug":"datenschutzbestimmungen","status":"publish","type":"page","link":"https:\/\/www.cayennestables.nl\/de\/datenschutzbestimmungen\/","title":{"rendered":"Datenschutzbestimmungen"},"content":{"rendered":"<p>[et_pb_section fb_built=&#8220;1&#8243; admin_label=&#8220;Hero Sectie&#8220; _builder_version=&#8220;4.20.4&#8243; _dynamic_attributes=&#8220;background_image&#8220; _module_preset=&#8220;default&#8220; background_image=&#8220;@ET-DC@eyJkeW5hbWljIjp0cnVlLCJjb250ZW50IjoicG9zdF9mZWF0dXJlZF9pbWFnZSIsInNldHRpbmdzIjp7fX0=@&#8220; custom_margin=&#8220;0px||0px||false|false&#8220; custom_padding=&#8220;0px||0px||false|false&#8220; locked=&#8220;off&#8220; global_colors_info=&#8220;{}&#8220;][et_pb_row _builder_version=&#8220;4.20.4&#8243; _module_preset=&#8220;default&#8220; width_tablet=&#8220;&#8220; width_phone=&#8220;94%&#8220; width_last_edited=&#8220;on|phone&#8220; module_alignment=&#8220;center&#8220; min_height_tablet=&#8220;600px&#8220; min_height_phone=&#8220;&#8220; min_height_last_edited=&#8220;on|phone&#8220; custom_margin=&#8220;0px||0px||false|false&#8220; custom_padding=&#8220;0px||2vh||false|false&#8220; global_colors_info=&#8220;{}&#8220;][et_pb_column type=&#8220;4_4&#8243; _builder_version=&#8220;4.20.4&#8243; _module_preset=&#8220;default&#8220; global_colors_info=&#8220;{}&#8220;][et_pb_text admin_label=&#8220;Titel pagina &#8211; automatisch ingevuld&#8220; _builder_version=&#8220;4.20.4&#8243; _dynamic_attributes=&#8220;content&#8220; _module_preset=&#8220;default&#8220; header_font=&#8220;Caliway||||||||&#8220; header_text_align=&#8220;center&#8220; header_text_color=&#8220;#FFFFFF&#8220; header_font_size=&#8220;60px&#8220; header_line_height=&#8220;1.5em&#8220; custom_margin=&#8220;34%||0px||false|false&#8220; custom_margin_tablet=&#8220;34%||0px||false|false&#8220; custom_margin_phone=&#8220;34%||||false|false&#8220; custom_margin_last_edited=&#8220;on|phone&#8220; custom_padding=&#8220;0px||0px||false|false&#8220; header_font_size_tablet=&#8220;60px&#8220; header_font_size_phone=&#8220;32px&#8220; header_font_size_last_edited=&#8220;on|phone&#8220; header_text_shadow_style=&#8220;preset1&#8243; global_colors_info=&#8220;{}&#8220;]@ET-DC@eyJkeW5hbWljIjp0cnVlLCJjb250ZW50IjoicG9zdF90aXRsZSIsInNldHRpbmdzIjp7ImJlZm9yZSI6IjxoMT4iLCJhZnRlciI6IjwvaDE+In19@[\/et_pb_text][et_pb_text disabled_on=&#8220;off|off|off&#8220; admin_label=&#8220;Cayenne Stables&#8220; _builder_version=&#8220;4.20.4&#8243; _module_preset=&#8220;default&#8220; header_font=&#8220;Caliway||||||||&#8220; header_text_align=&#8220;center&#8220; header_text_color=&#8220;#FFFFFF&#8220; header_font_size=&#8220;60px&#8220; header_2_font=&#8220;Aceh &#8211; Semi Bold|||on|||||&#8220; header_2_text_align=&#8220;center&#8220; header_2_font_size=&#8220;46px&#8220; header_2_font_size_tablet=&#8220;46px&#8220; header_2_font_size_phone=&#8220;28px&#8220; header_2_font_size_last_edited=&#8220;on|phone&#8220; header_text_shadow_style=&#8220;preset1&#8243; header_2_text_shadow_style=&#8220;preset1&#8243; global_colors_info=&#8220;{}&#8220;]<\/p>\n<h2>Cayenne-Stallungen<\/h2>\n<p>[\/et_pb_text][\/et_pb_column][\/et_pb_row][\/et_pb_section][et_pb_section fb_built=&#8220;1&#8243; _builder_version=&#8220;4.20.4&#8243; _module_preset=&#8220;default&#8220; custom_margin=&#8220;0px||10vh||false|false&#8220; custom_margin_tablet=&#8220;10vh||10vh||true|false&#8220; custom_margin_phone=&#8220;5vh||5vh||true|false&#8220; custom_margin_last_edited=&#8220;on|phone&#8220; custom_padding=&#8220;4vh||0px||false|false&#8220; global_colors_info=&#8220;{}&#8220;][et_pb_row admin_label=&#8220;Kr\u00fcmelpfad&#8220; _builder_version=&#8220;4.20.4&#8243; _module_preset=&#8220;default&#8220; custom_margin=&#8220;0px||3vh||false|false&#8220; custom_padding=&#8220;0px||0px||false|false&#8220; global_colors_info=&#8220;{}&#8220;][et_pb_column type=&#8220;4_4&#8243; _builder_version=&#8220;4.20.4&#8243; _module_preset=&#8220;default&#8220; global_colors_info=&#8220;{}&#8220;][et_pb_text _builder_version=&#8220;4.20.4&#8243; _module_preset=&#8220;default&#8220; global_colors_info=&#8220;{}&#8220;]<\/p>\n<p>[rank_math_breadcrumb]<\/p>\n<p>[\/et_pb_text][\/et_pb_column][\/et_pb_row][et_pb_row column_structure=&#8220;2_5,3_5&#8243; use_custom_gutter=&#8220;on&#8220; gutter_width=&#8220;2&#8243; _builder_version=&#8220;4.20.4&#8243; _module_preset=&#8220;default&#8220; custom_margin=&#8220;0px||0px||false|false&#8220; custom_padding=&#8220;0px||0px||false|false&#8220; global_colors_info=&#8220;{}&#8220;][et_pb_column type=&#8220;2_5&#8243; _builder_version=&#8220;4.20.4&#8243; _module_preset=&#8220;default&#8220; global_colors_info=&#8220;{}&#8220;][et_pb_image src=&#8220;https:\/\/www.cayennestables.nl\/wp-content\/uploads\/\/Cayenne-Stables-Logo.svg&#8220; alt=&#8220;Cayenne Stables &#8211; Friesenpferde&#8220; title_text=&#8220;Cayenne Stables &#8211; Friesenpferde&#8220; align=&#8220;center&#8220; _builder_version=&#8220;4.20.4&#8243; _module_preset=&#8220;default&#8220; background_color=&#8220;#000000&#8243; height=&#8220;400px&#8220; height_tablet=&#8220;400px&#8220; height_phone=&#8220;200px&#8220; height_last_edited=&#8220;on|phone&#8220; global_colors_info=&#8220;{}&#8220;][\/et_pb_image][\/et_pb_column][et_pb_column type=&#8220;3_5&#8243; _builder_version=&#8220;4.20.4&#8243; _module_preset=&#8220;default&#8220; global_colors_info=&#8220;{}&#8220;][et_pb_text _builder_version=&#8220;4.21.0&#8243; _module_preset=&#8220;default&#8220; text_font_size=&#8220;20px&#8220; link_font=&#8220;||||on||||&#8220; ol_font=&#8220;Aceh &#8211; Semi Bold||||||||&#8220; ol_font_size=&#8220;20px&#8220; header_2_font=&#8220;Aceh &#8211; Semi Bold||||||||&#8220; header_2_text_color=&#8220;#000000&#8243; header_2_font_size=&#8220;22px&#8220; header_2_line_height=&#8220;1.9em&#8220; custom_margin=&#8220;0vh||0px||false|false&#8220; custom_padding=&#8220;0px||0px||false|false&#8220; text_font_size_tablet=&#8220;24px&#8220; text_font_size_phone=&#8220;18px&#8220; text_font_size_last_edited=&#8220;on|phone&#8220; header_2_font_size_tablet=&#8220;&#8220; header_2_font_size_phone=&#8220;16px&#8220; header_2_font_size_last_edited=&#8220;on|phone&#8220; global_colors_info=&#8220;{}&#8220;]<\/p>\n<h2>Datenschutzbestimmungen<\/h2>\n<p><strong><br \/>Cayenne-Stallungen<\/strong>Ko van Dijklaan 1, 1187 RZ, Amstelveen<strong><\/strong><br \/><a href=\"mailto:info@cayennestables.nl\">info@cayennestables.nl<\/a><\/p>\n<ol>\n<li><strong>  \u00dcbersicht<\/strong><\/li>\n<\/ol>\n<p>Wir bei Cayenne Stables respektieren und sch\u00fctzen die Privatsph\u00e4re unserer Nutzer. In dieser Datenschutzerkl\u00e4rung wird beschrieben, welche personenbezogenen Daten wir sammeln, wie wir diese Daten verwenden und welche Rechte Sie in Bezug auf diese Daten haben.<\/p>\n<ol start=\"2\">\n<li><strong>  Welche Informationen sammeln wir und warum?<\/strong><\/li>\n<\/ol>\n<p>Wir sammeln keine pers\u00f6nlichen Informationen von unseren Nutzern. Wir verwenden Google Analytics 4, um Daten dar\u00fcber zu sammeln, wie unsere Website genutzt wird, damit wir die Nutzererfahrung verbessern und relevante Anzeigen \u00fcber Google Ads schalten k\u00f6nnen.<\/p>\n<ol start=\"3\">\n<li><strong>  Wie sch\u00fctzen wir Ihre Daten?<\/strong><\/li>\n<\/ol>\n<p>Wir ergreifen verschiedene Sicherheitsma\u00dfnahmen, um die Sicherheit der von uns erfassten Daten zu gew\u00e4hrleisten.<\/p>\n<ol start=\"4\">\n<li><strong>  Austausch von Informationen<\/strong><\/li>\n<\/ol>\n<p>Wir geben die mit Google Analytics und Google Ads gesammelten Daten nur zu den in dieser Erkl\u00e4rung beschriebenen Zwecken weiter.<\/p>\n<ol start=\"5\">\n<li><strong>  Cookies<\/strong><\/li>\n<\/ol>\n<p>Wir verwenden Cookies zur Datenerfassung durch Google Analytics 4. Cookies sind kleine Dateien, die von Websites verwendet werden, um das Nutzerverhalten zu verfolgen und die Nutzererfahrung zu verbessern.<\/p>\n<ol start=\"6\">\n<li><strong>  Ihre Rechte<\/strong><\/li>\n<\/ol>\n<p>Gem\u00e4\u00df der Allgemeinen Datenschutzverordnung (GDPR) haben Sie mehrere Rechte in Bezug auf Ihre personenbezogenen Daten, darunter auch das Recht auf Auskunft:<\/p>\n<ul>\n<li>Das Recht zu erfahren, welche personenbezogenen Daten wir \u00fcber Sie sammeln und wie wir sie verwenden<\/li>\n<li>Das Recht auf Berichtigung unrichtiger personenbezogener Daten<\/li>\n<li>Das Recht, die L\u00f6schung Ihrer personenbezogenen Daten zu verlangen<\/li>\n<li>Das Recht, die Verarbeitung Ihrer personenbezogenen Daten einzuschr\u00e4nken<\/li>\n<li>Recht auf Daten\u00fcbertragbarkeit<\/li>\n<\/ul>\n<ol start=\"7\">\n<li><strong>  \u00c4nderungen der Datenschutzrichtlinie<\/strong><\/li>\n<\/ol>\n<p>Wir behalten uns das Recht vor, diese Datenschutzrichtlinie jederzeit zu \u00e4ndern. Es liegt in Ihrer Verantwortung, diese Datenschutzrichtlinie regelm\u00e4\u00dfig auf \u00c4nderungen zu \u00fcberpr\u00fcfen.<\/p>\n<ol start=\"8\">\n<li><strong>  Kontakt aufnehmen<\/strong><\/li>\n<\/ol>\n<p><strong>Wenn Sie Fragen oder Anmerkungen zu dieser Datenschutzerkl\u00e4rung haben oder Ihre Rechte aus\u00fcben m\u00f6chten, kontaktieren Sie uns bitte unter <\/strong><a href=\"mailto:info@cayennestables.nl\">info@cayennestables.nl<\/a><strong>.<\/strong><\/p>\n<p>[\/et_pb_text][\/et_pb_column][\/et_pb_row][\/et_pb_section]<\/p>\n","protected":false},"excerpt":{"rendered":"<p>Cayenne-Stallungen[rank_math_breadcrumb]Datenschutzbestimmungen Cayenne-StallungenKo van Dijklaan 1, 1187 RZ, Amstelveeninfo@cayennestables.nl \u00dcbersicht Wir bei Cayenne Stables respektieren und sch\u00fctzen die Privatsph\u00e4re unserer Nutzer. In dieser Datenschutzerkl\u00e4rung wird beschrieben, welche personenbezogenen Daten wir sammeln, wie wir diese Daten verwenden und welche Rechte Sie in Bezug auf diese Daten haben. Welche Informationen sammeln wir und warum? Wir sammeln keine pers\u00f6nlichen [&hellip;]<\/p>\n","protected":false},"author":1,"featured_media":641,"parent":0,"menu_order":0,"comment_status":"closed","ping_status":"open","template":"","meta":{"_et_pb_use_builder":"on","_et_pb_old_content":"","_et_gb_content_width":"","inline_featured_image":false,"footnotes":""},"class_list":["post-1371","page","type-page","status-publish","has-post-thumbnail","hentry"],"_links":{"self":[{"href":"https:\/\/www.cayennestables.nl\/de\/wp-json\/wp\/v2\/pages\/1371","targetHints":{"allow":["GET"]}}],"collection":[{"href":"https:\/\/www.cayennestables.nl\/de\/wp-json\/wp\/v2\/pages"}],"about":[{"href":"https:\/\/www.cayennestables.nl\/de\/wp-json\/wp\/v2\/types\/page"}],"author":[{"embeddable":true,"href":"https:\/\/www.cayennestables.nl\/de\/wp-json\/wp\/v2\/users\/1"}],"replies":[{"embeddable":true,"href":"https:\/\/www.cayennestables.nl\/de\/wp-json\/wp\/v2\/comments?post=1371"}],"version-history":[{"count":8,"href":"https:\/\/www.cayennestables.nl\/de\/wp-json\/wp\/v2\/pages\/1371\/revisions"}],"predecessor-version":[{"id":1428,"href":"https:\/\/www.cayennestables.nl\/de\/wp-json\/wp\/v2\/pages\/1371\/revisions\/1428"}],"wp:featuredmedia":[{"embeddable":true,"href":"https:\/\/www.cayennestables.nl\/de\/wp-json\/wp\/v2\/media\/641"}],"wp:attachment":[{"href":"https:\/\/www.cayennestables.nl\/de\/wp-json\/wp\/v2\/media?parent=1371"}],"curies":[{"name":"wp","href":"https:\/\/api.w.org\/{rel}","templated":true}]}}