{"id":12188,"date":"2025-03-15T13:36:57","date_gmt":"2025-03-15T12:36:57","guid":{"rendered":"https:\/\/www.cayennestables.nl\/team-cayenne-stables\/"},"modified":"2025-06-05T11:35:24","modified_gmt":"2025-06-05T09:35:24","slug":"team-cayenne-stables","status":"publish","type":"page","link":"https:\/\/www.cayennestables.nl\/de\/team-cayenne-stables\/","title":{"rendered":"Team Cayenne Stables"},"content":{"rendered":"<p>[et_pb_section fb_built=&#8220;1&#8243; admin_label=&#8220;Intro&#8220; _builder_version=&#8220;4.27.0&#8243; _module_preset=&#8220;default&#8220; custom_margin=&#8220;0px||13px||false|false&#8220; custom_margin_last_edited=&#8220;off|desktop&#8220; custom_padding=&#8220;20px||40px||false|false&#8220; locked=&#8220;off&#8220; collapsed=&#8220;off&#8220; global_colors_info=&#8220;{}&#8220;][et_pb_row admin_label=&#8220;Breadcrumb &#8211; NIET AANPASSEN&#8220; _builder_version=&#8220;4.27.0&#8243; _module_preset=&#8220;default&#8220; custom_margin=&#8220;0px||20px||false|false&#8220; custom_padding=&#8220;0px||0px||false|false&#8220; saved_tabs=&#8220;all&#8220; collapsed=&#8220;on&#8220; global_colors_info=&#8220;{}&#8220;][et_pb_column type=&#8220;4_4&#8243; _builder_version=&#8220;4.20.4&#8243; _module_preset=&#8220;default&#8220; global_colors_info=&#8220;{}&#8220;][et_pb_text _builder_version=&#8220;4.20.4&#8243; _module_preset=&#8220;default&#8220; global_colors_info=&#8220;{}&#8220;]<\/p>\n<p>[rank_math_breadcrumb]<\/p>\n<p>[\/et_pb_text][\/et_pb_column][\/et_pb_row][et_pb_row column_structure=&#8220;2_5,3_5&#8243; use_custom_gutter=&#8220;on&#8220; gutter_width=&#8220;2&#8243; make_equal=&#8220;on&#8220; _builder_version=&#8220;4.27.0&#8243; _module_preset=&#8220;default&#8220; custom_margin=&#8220;0px||0px||false|false&#8220; custom_padding=&#8220;0px||0px||false|false&#8220; global_colors_info=&#8220;{}&#8220;][et_pb_column type=&#8220;2_5&#8243; _builder_version=&#8220;4.27.0&#8243; _module_preset=&#8220;default&#8220; global_colors_info=&#8220;{}&#8220;][et_pb_image src=&#8220;https:\/\/www.cayennestables.nl\/wp-content\/uploads\/Logo_transparant.png&#8220; title_text=&#8220;Logo_transparant&#8220; _builder_version=&#8220;4.27.4&#8243; _module_preset=&#8220;default&#8220; custom_margin=&#8220;0px||0px||false|false&#8220; custom_padding=&#8220;6px|44px|0px|||&#8220; global_colors_info=&#8220;{}&#8220;][\/et_pb_image][\/et_pb_column][et_pb_column type=&#8220;3_5&#8243; _builder_version=&#8220;4.27.0&#8243; _module_preset=&#8220;default&#8220; custom_css_main_element=&#8220;align-self: center;&#8220; global_colors_info=&#8220;{}&#8220;][et_pb_text _builder_version=&#8220;4.27.4&#8243; _module_preset=&#8220;default&#8220; custom_margin=&#8220;0px||0px||false|false&#8220; custom_padding=&#8220;0px||||false|false&#8220; hover_enabled=&#8220;0&#8243; global_colors_info=&#8220;{}&#8220; sticky_enabled=&#8220;0&#8243;]<\/p>\n<div>\n<h2>Cayenne Stables: ein Familienbetrieb mit Herz f\u00fcr Pferde<\/h2>\n<p>Bei Cayenne Stables stehen Pferde und der Reitsport im Mittelpunkt. Als Familienunternehmen unter der Leitung der Familie Van Duijvenbode verbinden wir jahrelange Erfahrung mit einer pers\u00f6nlichen Herangehensweise. Jedes Pferd erh\u00e4lt die Aufmerksamkeit, die es verdient \u2013 mit Respekt f\u00fcr seinen einzigartigen Charakter und seine Talente.<\/p>\n<h3>Unsere Mission<\/h3>\n<p>Wir glauben, dass der Schl\u00fcssel zum Erfolg im Aufbau von Vertrauen, Freude und Leistung liegt \u2013 f\u00fcr Pferd und Reiter gleicherma\u00dfen. Unsere Mission ist es, allen, die mit uns zusammenarbeiten, zu helfen, eine starke Verbindung zum Pferd aufzubauen, damit sie gemeinsam wachsen und Spitzenleistungen erzielen k\u00f6nnen. Ob Freizeitreiten oder Spitzensport \u2013 wir m\u00f6chten einen Ort bieten, an dem sich Mensch und Tier gleicherma\u00dfen wohlf\u00fchlen.<\/p>\n<h3>Ein engagiertes Team<\/h3>\n<p>Unser Team besteht aus erfahrenen Trainern und Pflegern, die mit Leidenschaft f\u00fcr Pferde arbeiten. Wir teilen unser Wissen gerne und denken mit dir \u00fcber Training, Pflege und die richtige Betreuung f\u00fcr jedes Pferd nach. Ehrlichkeit und Offenheit stehen bei uns an erster Stelle \u2013 so schaffen wir eine angenehme Atmosph\u00e4re und klare Absprachen.<\/p>\n<h3>F\u00fcr alle, die Pferde lieben<\/h3>\n<p>Cayenne Stables ist f\u00fcr alle da, die unsere Leidenschaft f\u00fcr Pferde teilen. Ob Anf\u00e4nger oder erfahrener Profi \u2013 unsere T\u00fcren stehen immer offen. Komm gerne vorbei und sp\u00fcre die besondere Atmosph\u00e4re \u2013 du bist herzlich willkommen!\n<\/p><\/div>\n<p>[\/et_pb_text][\/et_pb_column][\/et_pb_row][\/et_pb_section][et_pb_section fb_built=&#8220;1&#8243; _builder_version=&#8220;4.27.0&#8243; _module_preset=&#8220;default&#8220; background_color=&#8220;#E0CA99&#8243; custom_margin=&#8220;0px||0px||false|false&#8220; custom_padding=&#8220;36px||36px||true|false&#8220; global_colors_info=&#8220;{}&#8220;][et_pb_row column_structure=&#8220;3_5,2_5&#8243; _builder_version=&#8220;4.27.4&#8243; _module_preset=&#8220;default&#8220; custom_padding=&#8220;12px|||||&#8220; global_colors_info=&#8220;{}&#8220;][et_pb_column type=&#8220;3_5&#8243; _builder_version=&#8220;4.27.4&#8243; _module_preset=&#8220;default&#8220; global_colors_info=&#8220;{}&#8220;][et_pb_text _builder_version=&#8220;4.27.4&#8243; _module_preset=&#8220;default&#8220; custom_margin=&#8220;|||4px||&#8220; hover_enabled=&#8220;0&#8243; global_colors_info=&#8220;{}&#8220; sticky_enabled=&#8220;0&#8243;]<\/p>\n<h1 class=\"p1\">Zo\u00eb Kuintjes<\/h1>\n<p class=\"p1\">\n<p class=\"p1\">Zo\u00eb Kuintjes ist eine echte Spitzensportlerin und seit vielen Jahren eine treibende Kraft bei Cayenne Stables. Mit nicht weniger als neun internationalen Meisterschaften, darunter europ\u00e4ische Medaillen und mehrere Erfolge auf Grand-Prix-Niveau, hat sie ihre Qualit\u00e4ten mehr als bewiesen.<\/p>\n<p class=\"p1\">Was Zo\u00eb auszeichnet, ist ihre warmherzige Pers\u00f6nlichkeit und ihre besondere F\u00e4higkeit, eine echte Verbindung zu Pferden herzustellen. Sie arbeitet mit Gef\u00fchl und Intuition, was daf\u00fcr sorgt, dass sich jedes Pferd bei ihr wohlf\u00fchlt und optimal leisten kann.<\/p>\n<p class=\"p1\">Als Kollegin ist Zo\u00eb zug\u00e4nglich und hilfsbereit. Sie ist immer bereit, ihre umfangreiche Wettkampferfahrung zu teilen, und hat einen starken, positiven Einfluss auf die Atmosph\u00e4re im Team. Durch ihre Begeisterung und Geduld f\u00fchlen sich Teammitglieder ermutigt, sich weiterzuentwickeln.<\/p>\n<p class=\"p1\">Wir sind stolz und dankbar, dass Zo\u00eb eine wichtige Rolle bei Cayenne Stables spielt.<\/p>\n<p>[\/et_pb_text][\/et_pb_column][et_pb_column type=&#8220;2_5&#8243; _builder_version=&#8220;4.27.4&#8243; _module_preset=&#8220;default&#8220; global_colors_info=&#8220;{}&#8220;][et_pb_image src=&#8220;https:\/\/www.cayennestables.nl\/wp-content\/uploads\/E40A3968-1.jpg&#8220; title_text=&#8220;E40A3968&#8243; _builder_version=&#8220;4.27.4&#8243; _module_preset=&#8220;default&#8220; custom_margin=&#8220;|||-29px||&#8220; custom_padding=&#8220;|22px||27px||&#8220; global_colors_info=&#8220;{}&#8220;][\/et_pb_image][\/et_pb_column][\/et_pb_row][\/et_pb_section][et_pb_section fb_built=&#8220;1&#8243; _builder_version=&#8220;4.27.4&#8243; _module_preset=&#8220;default&#8220; background_color=&#8220;#FFFFFF&#8220; custom_margin=&#8220;0px||0px||false|false&#8220; custom_padding=&#8220;60px||60px||true|false&#8220; global_colors_info=&#8220;{}&#8220;][et_pb_row column_structure=&#8220;2_5,3_5&#8243; _builder_version=&#8220;4.27.4&#8243; _module_preset=&#8220;default&#8220; custom_padding=&#8220;12px|||||&#8220; global_colors_info=&#8220;{}&#8220;][et_pb_column type=&#8220;2_5&#8243; _builder_version=&#8220;4.27.4&#8243; _module_preset=&#8220;default&#8220; global_colors_info=&#8220;{}&#8220;][et_pb_image src=&#8220;https:\/\/www.cayennestables.nl\/wp-content\/uploads\/robin_14.jpg&#8220; title_text=&#8220;robin_14&#8243; _builder_version=&#8220;4.27.4&#8243; _module_preset=&#8220;default&#8220; custom_margin=&#8220;|||-29px||&#8220; custom_padding=&#8220;|4px||39px||&#8220; global_colors_info=&#8220;{}&#8220;][\/et_pb_image][\/et_pb_column][et_pb_column type=&#8220;3_5&#8243; _builder_version=&#8220;4.27.4&#8243; _module_preset=&#8220;default&#8220; global_colors_info=&#8220;{}&#8220;][et_pb_text _builder_version=&#8220;4.27.4&#8243; _module_preset=&#8220;default&#8220; hover_enabled=&#8220;0&#8243; global_colors_info=&#8220;{}&#8220; sticky_enabled=&#8220;0&#8243;]<\/p>\n<h1 class=\"p1\">Robin van Lierop<\/h1>\n<p class=\"p1\">\n<p class=\"p1\">Robin van Lierop ist ein Reiter mit einer au\u00dfergew\u00f6hnlichen Erfolgsbilanz. Als niederl\u00e4ndischer Meister und Goldmedaillengewinner beim renommierten deutschen Bundeschampionat hat er sich international gro\u00dfes Ansehen erworben.<\/p>\n<p class=\"p1\">Robin zeichnet sich durch seine sehr strukturierte Arbeitsweise aus. Er ist analytisch stark, wei\u00df genau, was ein Pferd braucht, und setzt dies in klare, effektive Trainings um. So holt er das Beste aus jedem Pferd heraus.<\/p>\n<p class=\"p1\">Im Team ist Robin f\u00fcr seine Professionalit\u00e4t und seine ruhige Ausstrahlung bekannt. Er teilt seine Erkenntnisse und Erfahrungen gerne auf strategische Weise \u2013 ein gro\u00dfer Mehrwert f\u00fcr Kolleginnen, Kollegen und Kundinnen, die im Sport ernsthaft weiterkommen wollen.<\/p>\n<p class=\"p1\">Bei Cayenne Stables sch\u00e4tzen wir Robin f\u00fcr sein handwerkliches K\u00f6nnen und den deutlichen Mehrwert, den er mitbringt.<\/p>\n<p>[\/et_pb_text][\/et_pb_column][\/et_pb_row][\/et_pb_section]<\/p>\n","protected":false},"excerpt":{"rendered":"<p>[rank_math_breadcrumb] Cayenne Stables: ein Familienbetrieb mit Herz f\u00fcr Pferde Bei Cayenne Stables stehen Pferde und der Reitsport im Mittelpunkt. Als Familienunternehmen unter der Leitung der Familie Van Duijvenbode verbinden wir jahrelange Erfahrung mit einer pers\u00f6nlichen Herangehensweise. Jedes Pferd erh\u00e4lt die Aufmerksamkeit, die es verdient \u2013 mit Respekt f\u00fcr seinen einzigartigen Charakter und seine Talente. Unsere [&hellip;]<\/p>\n","protected":false},"author":2,"featured_media":0,"parent":0,"menu_order":0,"comment_status":"closed","ping_status":"closed","template":"","meta":{"_et_pb_use_builder":"on","_et_pb_old_content":"","_et_gb_content_width":"","inline_featured_image":false,"footnotes":""},"class_list":["post-12188","page","type-page","status-publish","hentry"],"_links":{"self":[{"href":"https:\/\/www.cayennestables.nl\/de\/wp-json\/wp\/v2\/pages\/12188","targetHints":{"allow":["GET"]}}],"collection":[{"href":"https:\/\/www.cayennestables.nl\/de\/wp-json\/wp\/v2\/pages"}],"about":[{"href":"https:\/\/www.cayennestables.nl\/de\/wp-json\/wp\/v2\/types\/page"}],"author":[{"embeddable":true,"href":"https:\/\/www.cayennestables.nl\/de\/wp-json\/wp\/v2\/users\/2"}],"replies":[{"embeddable":true,"href":"https:\/\/www.cayennestables.nl\/de\/wp-json\/wp\/v2\/comments?post=12188"}],"version-history":[{"count":16,"href":"https:\/\/www.cayennestables.nl\/de\/wp-json\/wp\/v2\/pages\/12188\/revisions"}],"predecessor-version":[{"id":12664,"href":"https:\/\/www.cayennestables.nl\/de\/wp-json\/wp\/v2\/pages\/12188\/revisions\/12664"}],"wp:attachment":[{"href":"https:\/\/www.cayennestables.nl\/de\/wp-json\/wp\/v2\/media?parent=12188"}],"curies":[{"name":"wp","href":"https:\/\/api.w.org\/{rel}","templated":true}]}}